{"id":11063,"date":"2025-06-20T18:02:35","date_gmt":"2025-06-20T22:02:35","guid":{"rendered":"https:\/\/www.multicasa.com.br\/inicio\/?post_type=product&#038;p=11063"},"modified":"2025-06-20T18:03:35","modified_gmt":"2025-06-20T22:03:35","slug":"lampada-vela-lisa-e27-clara-sadokin-40w-127v","status":"publish","type":"product","link":"https:\/\/www.multicasa.com.br\/inicio\/produto\/lampada-vela-lisa-e27-clara-sadokin-40w-127v\/","title":{"rendered":"L\u00e2mpada Vela Lisa E27 Clara Sadokin 40W &#8211; 127V"},"content":{"rendered":"<p>A L\u00e2mpada Vela Lisa Clara Sadokin tem soquete E27, pot\u00eancia de 40w e tens\u00e3o el\u00e9trica de 127v e \u00e9 ideal para ilumina\u00e7\u00e3o de diversos ambientes. Com lumens 410LM, sua luz \u00e9 incandescente, clara e seu bulbo \u00e9 transparente. Torne o ambiente mais bonito e aconchegante.<\/p>\n","protected":false},"excerpt":{"rendered":"<h4 style=\"margin: 0px;padding: 0px 0px 16px;font-family: Lato, sans-serif;font-weight: bold;line-height: 3rem;color: var(--dark-grey3);font-size: 22px;font-style: normal;letter-spacing: normal;text-align: start;text-indent: 0px;text-transform: none\">Informa\u00e7\u00f5es t\u00e9cnicas<\/h4>\n<p><span style=\"margin: 0px;padding: 0px;font-weight: 450;font-size: 14px;line-height: 21px;color: var(--dark-grey2);font-family: Lato, sans-serif;font-style: normal;letter-spacing: normal;text-align: start;text-indent: 0px;text-transform: none\">Produto: L\u00e2mpada<br \/>\nTipo: Vela lisa<br \/>\nMarca: Sadokin<br \/>\nMaterial: Vidro<br \/>\nCor: Incolor<br \/>\nCor da Luz: Clara<br \/>\nPot\u00eancia: 40w<br \/>\nTens\u00e3o El\u00e9trica: 127v<br \/>\nCaracter\u00edsticas: Soquete E27<br \/>\nLumens 410LM<br \/>\nVida \u00fatil 750H<br \/>\nIncandescente<br \/>\nCertificado pelo Inmetro<br \/>\nItens Inclusos: 1 L\u00e2mpada<br \/>\nDimens\u00f5es do produto (A X L): 9,7 x 3cm<br \/>\n<\/span><\/p>\n","protected":false},"featured_media":11145,"template":"","meta":{"_joinchat":[]},"product_brand":[],"product_cat":[80],"product_tag":[],"class_list":{"0":"post-11063","1":"product","2":"type-product","3":"status-publish","4":"has-post-thumbnail","6":"product_cat-lampadas","8":"first","9":"outofstock","10":"shipping-taxable","11":"product-type-simple"},"_links":{"self":[{"href":"https:\/\/www.multicasa.com.br\/inicio\/wp-json\/wp\/v2\/product\/11063","targetHints":{"allow":["GET"]}}],"collection":[{"href":"https:\/\/www.multicasa.com.br\/inicio\/wp-json\/wp\/v2\/product"}],"about":[{"href":"https:\/\/www.multicasa.com.br\/inicio\/wp-json\/wp\/v2\/types\/product"}],"wp:featuredmedia":[{"embeddable":true,"href":"https:\/\/www.multicasa.com.br\/inicio\/wp-json\/wp\/v2\/media\/11145"}],"wp:attachment":[{"href":"https:\/\/www.multicasa.com.br\/inicio\/wp-json\/wp\/v2\/media?parent=11063"}],"wp:term":[{"taxonomy":"product_brand","embeddable":true,"href":"https:\/\/www.multicasa.com.br\/inicio\/wp-json\/wp\/v2\/product_brand?post=11063"},{"taxonomy":"product_cat","embeddable":true,"href":"https:\/\/www.multicasa.com.br\/inicio\/wp-json\/wp\/v2\/product_cat?post=11063"},{"taxonomy":"product_tag","embeddable":true,"href":"https:\/\/www.multicasa.com.br\/inicio\/wp-json\/wp\/v2\/product_tag?post=11063"}],"curies":[{"name":"wp","href":"https:\/\/api.w.org\/{rel}","templated":true}]}}