{"id":11070,"date":"2025-06-20T18:02:35","date_gmt":"2025-06-20T22:02:35","guid":{"rendered":"https:\/\/www.multicasa.com.br\/inicio\/?post_type=product&#038;p=11070"},"modified":"2025-08-20T08:03:59","modified_gmt":"2025-08-20T12:03:59","slug":"porta-escova-de-dente-em-acrilico-branco-arthi","status":"publish","type":"product","link":"https:\/\/www.multicasa.com.br\/inicio\/produto\/porta-escova-de-dente-em-acrilico-branco-arthi\/","title":{"rendered":"Porta Escova de Dente em Acr\u00edlico Branco Arthi"},"content":{"rendered":"<p>Porta escova de dentes para at\u00e9 5 escovas de dente e 1 creme dental. Feito de acr\u00edlico branco, \u00e9 resistente e ideal para combinar com qualquer decora\u00e7\u00e3o. F\u00e1cil higieniza\u00e7\u00e3o e muita praticidade para o seu dia-a-dia. Mede 20,5 x 11,3 x 9 cm.<\/p>\n","protected":false},"excerpt":{"rendered":"<h4 style=\"margin: 0px;padding: 0px 0px 16px;font-family: Lato, sans-serif;font-weight: bold;line-height: 3rem;color: var(--dark-grey3);font-size: 22px;font-style: normal;letter-spacing: normal;text-align: start;text-indent: 0px;text-transform: none\">Informa\u00e7\u00f5es t\u00e9cnicas<\/h4>\n<p><span style=\"margin: 0px;padding: 0px;font-weight: 450;font-size: 14px;line-height: 21px;color: var(--dark-grey2);font-family: Lato, sans-serif;font-style: normal;letter-spacing: normal;text-align: start;text-indent: 0px;text-transform: none\"><br \/>\nProduto: Porta escovas<br \/>\nMarca: Arthi<br \/>\nMaterial: Acr\u00edlico<br \/>\nCaracter\u00edsticas: Transparente<br \/>\nCapacidade para 5 escovas e 1 pasta de dentes<br \/>\nPossui tampa<br \/>\nItens inclusos: 1 porta escovas<br \/>\nDimens\u00f5es do produto (A X L X P): 20,5 x 11,3 x 9cm<br \/>\n<\/span><\/p>\n","protected":false},"featured_media":11152,"template":"","meta":{"_joinchat":[]},"product_brand":[],"product_cat":[101],"product_tag":[],"class_list":{"0":"post-11070","1":"product","2":"type-product","3":"status-publish","4":"has-post-thumbnail","6":"product_cat-cuidados-pessoais","8":"first","9":"instock","10":"shipping-taxable","11":"purchasable","12":"product-type-simple"},"_links":{"self":[{"href":"https:\/\/www.multicasa.com.br\/inicio\/wp-json\/wp\/v2\/product\/11070","targetHints":{"allow":["GET"]}}],"collection":[{"href":"https:\/\/www.multicasa.com.br\/inicio\/wp-json\/wp\/v2\/product"}],"about":[{"href":"https:\/\/www.multicasa.com.br\/inicio\/wp-json\/wp\/v2\/types\/product"}],"wp:featuredmedia":[{"embeddable":true,"href":"https:\/\/www.multicasa.com.br\/inicio\/wp-json\/wp\/v2\/media\/11152"}],"wp:attachment":[{"href":"https:\/\/www.multicasa.com.br\/inicio\/wp-json\/wp\/v2\/media?parent=11070"}],"wp:term":[{"taxonomy":"product_brand","embeddable":true,"href":"https:\/\/www.multicasa.com.br\/inicio\/wp-json\/wp\/v2\/product_brand?post=11070"},{"taxonomy":"product_cat","embeddable":true,"href":"https:\/\/www.multicasa.com.br\/inicio\/wp-json\/wp\/v2\/product_cat?post=11070"},{"taxonomy":"product_tag","embeddable":true,"href":"https:\/\/www.multicasa.com.br\/inicio\/wp-json\/wp\/v2\/product_tag?post=11070"}],"curies":[{"name":"wp","href":"https:\/\/api.w.org\/{rel}","templated":true}]}}