{"id":11071,"date":"2025-06-20T18:02:35","date_gmt":"2025-06-20T22:02:35","guid":{"rendered":"https:\/\/www.multicasa.com.br\/inicio\/?post_type=product&#038;p=11071"},"modified":"2025-06-20T18:03:47","modified_gmt":"2025-06-20T22:03:47","slug":"lampada-bolinha-incandescente-azul-sadokin-15w-127v","status":"publish","type":"product","link":"https:\/\/www.multicasa.com.br\/inicio\/produto\/lampada-bolinha-incandescente-azul-sadokin-15w-127v\/","title":{"rendered":"L\u00e2mpada Bolinha Incandescente Azul Sadokin 15W &#8211; 127V"},"content":{"rendered":"<p>Ilumine e decore ambientes com a l\u00e2mpada bolinha incandescente azul da Sadokin. Com tamanho menor do que as tradicionais, a l\u00e2mpada para lumin\u00e1ria \u00e9 ideal para ser usada em lustres, abajures e etc. Possui luminosidade limpa e intensa de 15w e 127v.<\/p>\n","protected":false},"excerpt":{"rendered":"<h4 style=\"margin: 0px;padding: 0px 0px 16px;font-family: Lato, sans-serif;font-weight: bold;line-height: 3rem;color: var(--dark-grey3);font-size: 22px;font-style: normal;letter-spacing: normal;text-align: start;text-indent: 0px;text-transform: none\">Informa\u00e7\u00f5es t\u00e9cnicas<\/h4>\n<p><span style=\"margin: 0px;padding: 0px;font-weight: 450;font-size: 14px;line-height: 21px;color: var(--dark-grey2);font-family: Lato, sans-serif;font-style: normal;letter-spacing: normal;text-align: start;text-indent: 0px;text-transform: none\">Produto: L\u00e2mpada<br \/>\nTipo: Bolinha<br \/>\nMarca: Sadokin<br \/>\nMaterial: Vidro<br \/>\nCor: Azul<br \/>\nCor da Luz: Azul<br \/>\nPot\u00eancia: 15w<br \/>\nTens\u00e3o El\u00e9trica: 127v<br \/>\nCaracter\u00edsticas: Soquete E27<br \/>\nVida \u00fatil 1000H<br \/>\nIncandescente<br \/>\nCertificado pelo Inmetro<br \/>\nItens Inclusos: 1 L\u00e2mpada<br \/>\nDimens\u00f5es do produto (A X L): 7 x 4,5cm<br \/>\n<\/span><\/p>\n","protected":false},"featured_media":11169,"template":"","meta":{"_joinchat":[]},"product_brand":[],"product_cat":[80],"product_tag":[],"class_list":{"0":"post-11071","1":"product","2":"type-product","3":"status-publish","4":"has-post-thumbnail","6":"product_cat-lampadas","8":"first","9":"outofstock","10":"shipping-taxable","11":"product-type-simple"},"_links":{"self":[{"href":"https:\/\/www.multicasa.com.br\/inicio\/wp-json\/wp\/v2\/product\/11071","targetHints":{"allow":["GET"]}}],"collection":[{"href":"https:\/\/www.multicasa.com.br\/inicio\/wp-json\/wp\/v2\/product"}],"about":[{"href":"https:\/\/www.multicasa.com.br\/inicio\/wp-json\/wp\/v2\/types\/product"}],"wp:featuredmedia":[{"embeddable":true,"href":"https:\/\/www.multicasa.com.br\/inicio\/wp-json\/wp\/v2\/media\/11169"}],"wp:attachment":[{"href":"https:\/\/www.multicasa.com.br\/inicio\/wp-json\/wp\/v2\/media?parent=11071"}],"wp:term":[{"taxonomy":"product_brand","embeddable":true,"href":"https:\/\/www.multicasa.com.br\/inicio\/wp-json\/wp\/v2\/product_brand?post=11071"},{"taxonomy":"product_cat","embeddable":true,"href":"https:\/\/www.multicasa.com.br\/inicio\/wp-json\/wp\/v2\/product_cat?post=11071"},{"taxonomy":"product_tag","embeddable":true,"href":"https:\/\/www.multicasa.com.br\/inicio\/wp-json\/wp\/v2\/product_tag?post=11071"}],"curies":[{"name":"wp","href":"https:\/\/api.w.org\/{rel}","templated":true}]}}