{"id":11073,"date":"2025-06-20T18:02:36","date_gmt":"2025-06-20T22:02:36","guid":{"rendered":"https:\/\/www.multicasa.com.br\/inicio\/?post_type=product&#038;p=11073"},"modified":"2025-06-20T18:03:50","modified_gmt":"2025-06-20T22:03:50","slug":"cabo-de-forca-para-notebook-tripolar-daneva-1m","status":"publish","type":"product","link":"https:\/\/www.multicasa.com.br\/inicio\/produto\/cabo-de-forca-para-notebook-tripolar-daneva-1m\/","title":{"rendered":"Cabo de For\u00e7a para Notebook Tripolar Daneva 1m"},"content":{"rendered":"<p>Use o cabo de for\u00e7a para notebook tripolar Daneva para fontes e carregadores de notebook ou equipamentos eletr\u00f4nicos com o mesmo padr\u00e3o de encaixe. Com 1 m de comprimento, facilita o uso e alcance \u00e0s tomadas, conduzindo tens\u00e3o m\u00e1xima de 250v com corrente de 2,5a. Use o cabo de for\u00e7a em aparelhos com fonte de alimenta\u00e7\u00e3o com conectores tipo C5.<\/p>\n","protected":false},"excerpt":{"rendered":"<h4 style=\"margin: 0px;padding: 0px 0px 16px;font-family: Lato, sans-serif;font-weight: bold;line-height: 3rem;color: var(--dark-grey3);font-size: 22px;font-style: normal;letter-spacing: normal;text-align: start;text-indent: 0px;text-transform: none\">Informa\u00e7\u00f5es t\u00e9cnicas<\/h4>\n<p><span style=\"margin: 0px;padding: 0px;font-weight: 450;font-size: 14px;line-height: 21px;color: var(--dark-grey2);font-family: Lato, sans-serif;font-style: normal;letter-spacing: normal;text-align: start;text-indent: 0px;text-transform: none\">Produto: Cabo de For\u00e7a<br \/>\nMarca: Daneva<br \/>\nCor: Preto<br \/>\nTens\u00e3o m\u00e1xima: 250v<br \/>\nCaracter\u00edsticas: Cabo tripolar<br \/>\nPot\u00eancia m\u00e1xima de 318 em 127v e 550w em 220v<br \/>\nCorrente m\u00e1xima de 2,5a<br \/>\nCompat\u00edvel com fontes de alimenta\u00e7\u00e3o com conectores do tipo C5<br \/>\nItens inclusos: 1 Cabo de For\u00e7a<br \/>\nEspessura do produto: 0,75mm<br \/>\nDimens\u00f5es do produto (C): 1m<br \/>\n<\/span><\/p>\n","protected":false},"featured_media":11170,"template":"","meta":{"_joinchat":[]},"product_brand":[],"product_cat":[130],"product_tag":[],"class_list":{"0":"post-11073","1":"product","2":"type-product","3":"status-publish","4":"has-post-thumbnail","6":"product_cat-informatica","8":"first","9":"outofstock","10":"shipping-taxable","11":"product-type-simple"},"_links":{"self":[{"href":"https:\/\/www.multicasa.com.br\/inicio\/wp-json\/wp\/v2\/product\/11073","targetHints":{"allow":["GET"]}}],"collection":[{"href":"https:\/\/www.multicasa.com.br\/inicio\/wp-json\/wp\/v2\/product"}],"about":[{"href":"https:\/\/www.multicasa.com.br\/inicio\/wp-json\/wp\/v2\/types\/product"}],"wp:featuredmedia":[{"embeddable":true,"href":"https:\/\/www.multicasa.com.br\/inicio\/wp-json\/wp\/v2\/media\/11170"}],"wp:attachment":[{"href":"https:\/\/www.multicasa.com.br\/inicio\/wp-json\/wp\/v2\/media?parent=11073"}],"wp:term":[{"taxonomy":"product_brand","embeddable":true,"href":"https:\/\/www.multicasa.com.br\/inicio\/wp-json\/wp\/v2\/product_brand?post=11073"},{"taxonomy":"product_cat","embeddable":true,"href":"https:\/\/www.multicasa.com.br\/inicio\/wp-json\/wp\/v2\/product_cat?post=11073"},{"taxonomy":"product_tag","embeddable":true,"href":"https:\/\/www.multicasa.com.br\/inicio\/wp-json\/wp\/v2\/product_tag?post=11073"}],"curies":[{"name":"wp","href":"https:\/\/api.w.org\/{rel}","templated":true}]}}