{"id":11101,"date":"2025-06-20T18:02:59","date_gmt":"2025-06-20T22:02:59","guid":{"rendered":"https:\/\/www.multicasa.com.br\/inicio\/?post_type=product&#038;p=11101"},"modified":"2025-06-20T18:03:54","modified_gmt":"2025-06-20T22:03:54","slug":"lixeira-de-plastico-com-pedal-branca-bralimpia-60l","status":"publish","type":"product","link":"https:\/\/www.multicasa.com.br\/inicio\/produto\/lixeira-de-plastico-com-pedal-branca-bralimpia-60l\/","title":{"rendered":"Lixeira de Pl\u00e1stico com Pedal Branca Bralimpia 60L"},"content":{"rendered":"<p>A Lixeira de Pl\u00e1stico com Pedal da Bralimpia foi especialmente desenvolvida para ficar em \u00e1reas externas ou internas de edif\u00edcios comerciais, industriais, laborat\u00f3rios, hospitais e cozinhas.<br \/>\nSua tampa com sistema de abertura\/fechamento \u00e9 ideal para inibir o aparecimento de insetos indesejados e evitar que os odores se espalhem pelo ambiente. Com capacidade de 60 litros, est\u00e1 dispon\u00edvel na cor branca e mede 68 x 50 x 42 cm. Use na sua casa ou estabelecimento para evitar os riscos de contamina\u00e7\u00e3o e facilitar a coleta do lixo.<\/p>\n","protected":false},"excerpt":{"rendered":"<h4 style=\"margin: 0px;padding: 0px 0px 16px;font-family: Lato, sans-serif;font-weight: bold;line-height: 3rem;color: var(--dark-grey3);font-size: 22px;font-style: normal;letter-spacing: normal;text-align: start;text-indent: 0px;text-transform: none\">Informa\u00e7\u00f5es t\u00e9cnicas<\/h4>\n<p><span style=\"margin: 0px;padding: 0px;font-weight: 450;font-size: 14px;line-height: 21px;color: var(--dark-grey2);font-family: Lato, sans-serif;font-style: normal;letter-spacing: normal;text-align: start;text-indent: 0px;text-transform: none\">Produto: Lixeira<br \/>\nMarca: Bralimpia<br \/>\nMaterial: Pl\u00e1stico Polipropileno<br \/>\nCor: Branco<br \/>\nCapacidade: 60L<br \/>\nCaracter\u00edsticas: Tampa acionada por pedal<br \/>\nColetor com veda\u00e7\u00e3o completa<br \/>\nItens Inclusos: 1 cesto de lixo<br \/>\nDimens\u00f5es do produto (A X L): 68 x 50 x 42cm<br \/>\nPeso do produto: 4,300 kg<\/span><\/p>\n","protected":false},"featured_media":11175,"template":"","meta":{"_joinchat":[]},"product_brand":[],"product_cat":[99],"product_tag":[],"class_list":{"0":"post-11101","1":"product","2":"type-product","3":"status-publish","4":"has-post-thumbnail","6":"product_cat-lixeiras","8":"first","9":"outofstock","10":"shipping-taxable","11":"product-type-simple"},"_links":{"self":[{"href":"https:\/\/www.multicasa.com.br\/inicio\/wp-json\/wp\/v2\/product\/11101","targetHints":{"allow":["GET"]}}],"collection":[{"href":"https:\/\/www.multicasa.com.br\/inicio\/wp-json\/wp\/v2\/product"}],"about":[{"href":"https:\/\/www.multicasa.com.br\/inicio\/wp-json\/wp\/v2\/types\/product"}],"wp:featuredmedia":[{"embeddable":true,"href":"https:\/\/www.multicasa.com.br\/inicio\/wp-json\/wp\/v2\/media\/11175"}],"wp:attachment":[{"href":"https:\/\/www.multicasa.com.br\/inicio\/wp-json\/wp\/v2\/media?parent=11101"}],"wp:term":[{"taxonomy":"product_brand","embeddable":true,"href":"https:\/\/www.multicasa.com.br\/inicio\/wp-json\/wp\/v2\/product_brand?post=11101"},{"taxonomy":"product_cat","embeddable":true,"href":"https:\/\/www.multicasa.com.br\/inicio\/wp-json\/wp\/v2\/product_cat?post=11101"},{"taxonomy":"product_tag","embeddable":true,"href":"https:\/\/www.multicasa.com.br\/inicio\/wp-json\/wp\/v2\/product_tag?post=11101"}],"curies":[{"name":"wp","href":"https:\/\/api.w.org\/{rel}","templated":true}]}}