{"id":11126,"date":"2025-06-20T18:03:21","date_gmt":"2025-06-20T22:03:21","guid":{"rendered":"https:\/\/www.multicasa.com.br\/inicio\/?post_type=product&#038;p=11126"},"modified":"2026-03-26T16:31:09","modified_gmt":"2026-03-26T20:31:09","slug":"chuveiro-bella-ducha-4-temperaturas-lorenzetti-6800w-220v","status":"publish","type":"product","link":"https:\/\/www.multicasa.com.br\/inicio\/produto\/chuveiro-bella-ducha-4-temperaturas-lorenzetti-6800w-220v\/","title":{"rendered":"Chuveiro Bella Ducha 4 Temperaturas Lorenzetti 6800W &#8211; 220V"},"content":{"rendered":"<p>Tome um banho relaxante depois de um dia cansativo com o Chuveiro Bella Ducha da Lorenzetti. Possui design moderno que deixa seu banheiro ainda mais bonito e opera a 4 temperaturas com pot\u00eancia de 6800w e 220v. O chuveiro el\u00e9trico Lorenzetti proporciona aquecimento e economia com grande espalhador que oferece mais confortona hora do banho. Equipado com dispositivo DR compat\u00edvel com aquecedores solares. Recomenda-se o uso de disjuntor 32A e bitola de fio de 4mm\u00b2.<\/p>\n","protected":false},"excerpt":{"rendered":"<h4 style=\"margin: 0px;padding: 0px 0px 16px;font-family: Lato, sans-serif;font-weight: bold;line-height: 3rem;color: var(--dark-grey3);font-size: 22px;font-style: normal;letter-spacing: normal;text-align: start;text-indent: 0px;text-transform: none\">Informa\u00e7\u00f5es t\u00e9cnicas<\/h4>\n<p><span style=\"margin: 0px;padding: 0px;font-weight: 450;font-size: 14px;line-height: 21px;color: var(--dark-grey2);font-family: Lato, sans-serif;font-style: normal;letter-spacing: normal;text-align: start;text-indent: 0px;text-transform: none\">Produto: Chuveiro<br \/>\nMarca: Lorenzetti<br \/>\nModelo: Bella Ducha<br \/>\nMaterial: Termopl\u00e1stico<br \/>\nCor: Branco<br \/>\nPot\u00eancia: 6800w<br \/>\nTens\u00e3o el\u00e9trica: 220v<br \/>\nCaracter\u00edsticas: 4 Temperaturas; Press\u00e3o de funcionamento: 10 a 400kPa (1 a 40mca ); grau de prote\u00e7\u00e3o: IP 24<br \/>\nItens Inclusos: 1 Chuveiro<br \/>\nDimens\u00f5es do produto (A x L): 10,86 x 17,4cm; di\u00e2metro: 16,5cm<\/span><\/p>\n","protected":false},"featured_media":11180,"template":"","meta":{"_joinchat":[]},"product_brand":[],"product_cat":[71],"product_tag":[],"class_list":{"0":"post-11126","1":"product","2":"type-product","3":"status-publish","4":"has-post-thumbnail","6":"product_cat-chuveiros","8":"first","9":"instock","10":"shipping-taxable","11":"purchasable","12":"product-type-simple"},"_links":{"self":[{"href":"https:\/\/www.multicasa.com.br\/inicio\/wp-json\/wp\/v2\/product\/11126","targetHints":{"allow":["GET"]}}],"collection":[{"href":"https:\/\/www.multicasa.com.br\/inicio\/wp-json\/wp\/v2\/product"}],"about":[{"href":"https:\/\/www.multicasa.com.br\/inicio\/wp-json\/wp\/v2\/types\/product"}],"wp:featuredmedia":[{"embeddable":true,"href":"https:\/\/www.multicasa.com.br\/inicio\/wp-json\/wp\/v2\/media\/11180"}],"wp:attachment":[{"href":"https:\/\/www.multicasa.com.br\/inicio\/wp-json\/wp\/v2\/media?parent=11126"}],"wp:term":[{"taxonomy":"product_brand","embeddable":true,"href":"https:\/\/www.multicasa.com.br\/inicio\/wp-json\/wp\/v2\/product_brand?post=11126"},{"taxonomy":"product_cat","embeddable":true,"href":"https:\/\/www.multicasa.com.br\/inicio\/wp-json\/wp\/v2\/product_cat?post=11126"},{"taxonomy":"product_tag","embeddable":true,"href":"https:\/\/www.multicasa.com.br\/inicio\/wp-json\/wp\/v2\/product_tag?post=11126"}],"curies":[{"name":"wp","href":"https:\/\/api.w.org\/{rel}","templated":true}]}}