{"id":11129,"date":"2025-06-20T18:03:21","date_gmt":"2025-06-20T22:03:21","guid":{"rendered":"https:\/\/www.multicasa.com.br\/inicio\/?post_type=product&#038;p=11129"},"modified":"2025-06-20T18:04:08","modified_gmt":"2025-06-20T22:04:08","slug":"inversor-de-potencia-para-carro-multilaser-150w-12v-para-127v","status":"publish","type":"product","link":"https:\/\/www.multicasa.com.br\/inicio\/produto\/inversor-de-potencia-para-carro-multilaser-150w-12v-para-127v\/","title":{"rendered":"Inversor de Pot\u00eancia para Carro Multilaser 150W &#8211; 12V para 127V"},"content":{"rendered":"<p>O Inversor de Pot\u00eancia para Carro Multilaser transforma o acendedor de cigarros do seu carro em tomada ou sa\u00edda USB. O inversor transforma 12v em 127v e socorre muita gente que fica sem bateria no celular, na c\u00e2mera ou que precisa de rede el\u00e9trica. Com sa\u00edda USB de 5v, tem boa capacidade de pot\u00eancia com tens\u00e3o cont\u00ednua de 150w.<\/p>\n","protected":false},"excerpt":{"rendered":"<h4 style=\"margin: 0px;padding: 0px 0px 16px;font-family: Lato, sans-serif;font-weight: bold;line-height: 3rem;color: var(--dark-grey3);font-size: 22px;font-style: normal;letter-spacing: normal;text-align: start;text-indent: 0px;text-transform: none\">Informa\u00e7\u00f5es t\u00e9cnicas<\/h4>\n<p><span style=\"margin: 0px;padding: 0px;font-weight: 450;font-size: 14px;line-height: 21px;color: var(--dark-grey2);font-family: Lato, sans-serif;font-style: normal;letter-spacing: normal;text-align: start;text-indent: 0px;text-transform: none\">Produto: Inversor de pot\u00eancia<br \/>\nMarca: Multilaser<br \/>\nCor: Cinza e Preto<br \/>\nFrequ\u00eancia: 6\/3HZ<br \/>\nCaracter\u00edsticas: Transforme o acendedor do carro em tomada<br \/>\nConverte DC 12v para 127v<br \/>\n1 USB 5V<br \/>\nTens\u00e3o de entrada 10.5-15.5v (0.3v)<br \/>\nSa\u00edda ac110v-127v<br \/>\nSa\u00edda usb 5v<br \/>\nTens\u00e3o cont\u00ednua 150 w<br \/>\nTens\u00e3o de pico 300w<br \/>\nPlugue de 12v<br \/>\nSa\u00edda usb 5v<br \/>\nForma da onda senoidal modificada<br \/>\nEfici\u00eancia otimizada: aprox. 90%<br \/>\nTemperatura de opera\u00e7\u00e3o: -10c &#8211; 40c<br \/>\nEntrada 12v &#8211; corrente sem carga: &lt; 0,25<br \/>\nTens\u00e3o m\u00ednima 10.2 v<br \/>\nTens\u00e3o m\u00e1xima 15.8 v<br \/>\nItens inclusos: 1 Inversor de pot\u00eancia<br \/>\nDimens\u00f5es do produto (A X L X P): 14,5 x 22,5 x 6cm<br \/>\nGarantia: 1 ano pelo fabricante<br \/>\n<\/span><\/p>\n","protected":false},"featured_media":11187,"template":"","meta":{"_joinchat":[]},"product_brand":[],"product_cat":[153],"product_tag":[],"class_list":{"0":"post-11129","1":"product","2":"type-product","3":"status-publish","4":"has-post-thumbnail","6":"product_cat-eletronica-e-cia","8":"first","9":"outofstock","10":"shipping-taxable","11":"product-type-simple"},"_links":{"self":[{"href":"https:\/\/www.multicasa.com.br\/inicio\/wp-json\/wp\/v2\/product\/11129","targetHints":{"allow":["GET"]}}],"collection":[{"href":"https:\/\/www.multicasa.com.br\/inicio\/wp-json\/wp\/v2\/product"}],"about":[{"href":"https:\/\/www.multicasa.com.br\/inicio\/wp-json\/wp\/v2\/types\/product"}],"wp:featuredmedia":[{"embeddable":true,"href":"https:\/\/www.multicasa.com.br\/inicio\/wp-json\/wp\/v2\/media\/11187"}],"wp:attachment":[{"href":"https:\/\/www.multicasa.com.br\/inicio\/wp-json\/wp\/v2\/media?parent=11129"}],"wp:term":[{"taxonomy":"product_brand","embeddable":true,"href":"https:\/\/www.multicasa.com.br\/inicio\/wp-json\/wp\/v2\/product_brand?post=11129"},{"taxonomy":"product_cat","embeddable":true,"href":"https:\/\/www.multicasa.com.br\/inicio\/wp-json\/wp\/v2\/product_cat?post=11129"},{"taxonomy":"product_tag","embeddable":true,"href":"https:\/\/www.multicasa.com.br\/inicio\/wp-json\/wp\/v2\/product_tag?post=11129"}],"curies":[{"name":"wp","href":"https:\/\/api.w.org\/{rel}","templated":true}]}}