{"id":11157,"date":"2025-06-20T18:03:45","date_gmt":"2025-06-20T22:03:45","guid":{"rendered":"https:\/\/www.multicasa.com.br\/inicio\/?post_type=product&#038;p=11157"},"modified":"2025-06-20T18:04:19","modified_gmt":"2025-06-20T22:04:19","slug":"elastico-chato-para-roupas-sempreviva-5m","status":"publish","type":"product","link":"https:\/\/www.multicasa.com.br\/inicio\/produto\/elastico-chato-para-roupas-sempreviva-5m\/","title":{"rendered":"El\u00e1stico Chato para Roupas Sempreviva 5m"},"content":{"rendered":"<p>O El\u00e1stico Chato para Roupas da Sempreviva com 5 metros de comprimento tem composi\u00e7\u00e3o em 70% de poli\u00e9ster e 30% de elastodieno, garantindo durabilidade e resist\u00eancia. Seu uso \u00e9 indicado para reparos em cintos, roupas em geral e tamb\u00e9m em pe\u00e7as artesanais. Vers\u00e1til, \u00e9 o produto indispens\u00e1vel para casos de imprevistos em casa.<\/p>\n","protected":false},"excerpt":{"rendered":"<h4 style=\"margin: 0px;padding: 0px 0px 16px;font-family: Lato, sans-serif;font-weight: bold;line-height: 3rem;color: var(--dark-grey3);font-size: 22px;font-style: normal;letter-spacing: normal;text-align: start;text-indent: 0px;text-transform: none\">Informa\u00e7\u00f5es t\u00e9cnicas<\/h4>\n<p><span style=\"margin: 0px;padding: 0px;font-weight: 450;font-size: 14px;line-height: 21px;color: var(--dark-grey2);font-family: Lato, sans-serif;font-style: normal;letter-spacing: normal;text-align: start;text-indent: 0px;text-transform: none\">Produto: El\u00e1stico Chato para Roupas<br \/>\nMarca: Sempreviva<br \/>\nMaterial: 70% Poli\u00e9ster<br \/>\n30% Elastodieno<br \/>\nCor: Branco<br \/>\nItens Inclusos: 1 Elastico chato para roupas<br \/>\nDimens\u00f5es do produto (C): 5m<\/span><\/p>\n","protected":false},"featured_media":11211,"template":"","meta":{"_joinchat":[]},"product_brand":[],"product_cat":[97],"product_tag":[],"class_list":{"0":"post-11157","1":"product","2":"type-product","3":"status-publish","4":"has-post-thumbnail","6":"product_cat-papelaria","8":"first","9":"outofstock","10":"shipping-taxable","11":"product-type-simple"},"_links":{"self":[{"href":"https:\/\/www.multicasa.com.br\/inicio\/wp-json\/wp\/v2\/product\/11157","targetHints":{"allow":["GET"]}}],"collection":[{"href":"https:\/\/www.multicasa.com.br\/inicio\/wp-json\/wp\/v2\/product"}],"about":[{"href":"https:\/\/www.multicasa.com.br\/inicio\/wp-json\/wp\/v2\/types\/product"}],"wp:featuredmedia":[{"embeddable":true,"href":"https:\/\/www.multicasa.com.br\/inicio\/wp-json\/wp\/v2\/media\/11211"}],"wp:attachment":[{"href":"https:\/\/www.multicasa.com.br\/inicio\/wp-json\/wp\/v2\/media?parent=11157"}],"wp:term":[{"taxonomy":"product_brand","embeddable":true,"href":"https:\/\/www.multicasa.com.br\/inicio\/wp-json\/wp\/v2\/product_brand?post=11157"},{"taxonomy":"product_cat","embeddable":true,"href":"https:\/\/www.multicasa.com.br\/inicio\/wp-json\/wp\/v2\/product_cat?post=11157"},{"taxonomy":"product_tag","embeddable":true,"href":"https:\/\/www.multicasa.com.br\/inicio\/wp-json\/wp\/v2\/product_tag?post=11157"}],"curies":[{"name":"wp","href":"https:\/\/api.w.org\/{rel}","templated":true}]}}