{"id":11158,"date":"2025-06-20T18:03:45","date_gmt":"2025-06-20T22:03:45","guid":{"rendered":"https:\/\/www.multicasa.com.br\/inicio\/?post_type=product&#038;p=11158"},"modified":"2025-06-20T18:04:20","modified_gmt":"2025-06-20T22:04:20","slug":"banqueta-escada-de-plastico-2-degraus-preta-antares-45x47cm","status":"publish","type":"product","link":"https:\/\/www.multicasa.com.br\/inicio\/produto\/banqueta-escada-de-plastico-2-degraus-preta-antares-45x47cm\/","title":{"rendered":"Banqueta Escada de Pl\u00e1stico 2 Degraus Preta Antares 45x47cm"},"content":{"rendered":"<p>A Banqueta Escada da Antares \u00e9 leve e pr\u00e1tica para transportar, confeccionada em pl\u00e1stico super resistente e de qualidade (polipropileno) suporta at\u00e9 100Kg. Design cl\u00e1ssico com 2 degraus e que quando fechado vira banqueta, na cor preto com superf\u00edcie n\u00e3o escorregadia e borracha antiderrapante nos p\u00e9s. Com o Banco Escada voc\u00ea ter\u00e1 mais facilidade para realizar tarefas do dia a dia em sua casa ou jardim sem grandes esfor\u00e7os.<\/p>\n","protected":false},"excerpt":{"rendered":"<h4 style=\"margin: 0px;padding: 0px 0px 16px;font-family: Lato, sans-serif;font-weight: bold;line-height: 3rem;color: var(--dark-grey3);font-size: 22px;font-style: normal;letter-spacing: normal;text-align: start;text-indent: 0px;text-transform: none\">Informa\u00e7\u00f5es t\u00e9cnicas<\/h4>\n<p><span style=\"margin: 0px;padding: 0px;font-weight: 450;font-size: 14px;line-height: 21px;color: var(--dark-grey2);font-family: Lato, sans-serif;font-style: normal;letter-spacing: normal;text-align: start;text-indent: 0px;text-transform: none\">Produto: Banqueta escada<br \/>\nMarca: Antares<br \/>\nMaterial: Pl\u00e1stico Polipropileno<br \/>\nCor: Preto<br \/>\nCaracter\u00edsticas: 2 degraus<br \/>\nCapacidade de peso de 100Kg<br \/>\nP\u00e9s antiderrapantes<br \/>\nEmpilh\u00e1vel<br \/>\nResistente<br \/>\nFechada transforma-se num banquinho<br \/>\nItens inclusos: 1 Banqueta escada<br \/>\nDimens\u00f5es do produto (A x L x P): 49 x 47 x 45cm<br \/>\n<\/span><\/p>\n","protected":false},"featured_media":11213,"template":"","meta":{"_joinchat":[]},"product_brand":[],"product_cat":[156],"product_tag":[],"class_list":{"0":"post-11158","1":"product","2":"type-product","3":"status-publish","4":"has-post-thumbnail","6":"product_cat-escadas","8":"first","9":"outofstock","10":"shipping-taxable","11":"product-type-simple"},"_links":{"self":[{"href":"https:\/\/www.multicasa.com.br\/inicio\/wp-json\/wp\/v2\/product\/11158","targetHints":{"allow":["GET"]}}],"collection":[{"href":"https:\/\/www.multicasa.com.br\/inicio\/wp-json\/wp\/v2\/product"}],"about":[{"href":"https:\/\/www.multicasa.com.br\/inicio\/wp-json\/wp\/v2\/types\/product"}],"wp:featuredmedia":[{"embeddable":true,"href":"https:\/\/www.multicasa.com.br\/inicio\/wp-json\/wp\/v2\/media\/11213"}],"wp:attachment":[{"href":"https:\/\/www.multicasa.com.br\/inicio\/wp-json\/wp\/v2\/media?parent=11158"}],"wp:term":[{"taxonomy":"product_brand","embeddable":true,"href":"https:\/\/www.multicasa.com.br\/inicio\/wp-json\/wp\/v2\/product_brand?post=11158"},{"taxonomy":"product_cat","embeddable":true,"href":"https:\/\/www.multicasa.com.br\/inicio\/wp-json\/wp\/v2\/product_cat?post=11158"},{"taxonomy":"product_tag","embeddable":true,"href":"https:\/\/www.multicasa.com.br\/inicio\/wp-json\/wp\/v2\/product_tag?post=11158"}],"curies":[{"name":"wp","href":"https:\/\/api.w.org\/{rel}","templated":true}]}}