{"id":11160,"date":"2025-06-20T18:03:46","date_gmt":"2025-06-20T22:03:46","guid":{"rendered":"https:\/\/www.multicasa.com.br\/inicio\/?post_type=product&#038;p=11160"},"modified":"2025-06-20T18:04:22","modified_gmt":"2025-06-20T22:04:22","slug":"mini-adaptador-wireless-re052-300mbps-multilaser","status":"publish","type":"product","link":"https:\/\/www.multicasa.com.br\/inicio\/produto\/mini-adaptador-wireless-re052-300mbps-multilaser\/","title":{"rendered":"Mini Adaptador Wireless RE052 300mbps Multilaser"},"content":{"rendered":"<p>Agora seus aparelhos, computadores e notebooks se comunicam por rede sem fio com mais qualidade e efici\u00eancia. O adaptador wireless RE052 com velocidade de transmiss\u00e3o de 300mbps da Multilaser oferece mobilidade, economia e reduz o n\u00famero de repetidores de sinal. Com padr\u00e3o de frequ\u00eancia 802.11N, 802.11G e 802.11B, tem interface e velocidade USB 2.0, banda larga de 20 a 40mhz, 2 antenas internas e 14 canais. Suporta 64\/128 bit wep, wpa-psk, wpa2-psk e filtro mac wireless com modo de opera\u00e7\u00e3o ad-hoc. Para utilizar, \u00e9 preciso fazer parte dos requisitos m\u00ednimos: windows 7(32\/64bits), windows vista (32\/64bits), windows p (32\/64bits), windows 2000. Acompanha CD de instala\u00e7\u00e3o.<\/p>\n","protected":false},"excerpt":{"rendered":"<h4 style=\"margin: 0px;padding: 0px 0px 16px;font-family: Lato, sans-serif;font-weight: bold;line-height: 3rem;color: var(--dark-grey3);font-size: 22px;font-style: normal;letter-spacing: normal;text-align: start;text-indent: 0px;text-transform: none\">Informa\u00e7\u00f5es t\u00e9cnicas<\/h4>\n<p><span style=\"margin: 0px;padding: 0px;font-weight: 450;font-size: 14px;line-height: 21px;color: var(--dark-grey2);font-family: Lato, sans-serif;font-style: normal;letter-spacing: normal;text-align: start;text-indent: 0px;text-transform: none\">Produto: Mini Adaptador Wireless<br \/>\nMarca: Multilaser<br \/>\nMaterial: Pl\u00e1stico<br \/>\nCor: Preto<br \/>\nCaracter\u00edsticas: Padr\u00f5es de frequ\u00eancia 802.11N, 802.11G, 802.11B<br \/>\nBanda 2.412-2.4835GHZ<br \/>\nTaxa wireless 300MBPS<br \/>\nInterface e velocidade USB2.0<br \/>\nBot\u00e3o WPS<br \/>\nPossui 2 antenas internas<br \/>\nPossui 14 canais<br \/>\nLargura de banda 20MHZ, 40MHZ<br \/>\nModula\u00e7\u00e3o DBPSK, DQPSK, CCK, OFDM, 16-QAM, 64-QAM<br \/>\nSuporta 64\/128 BIT WEP, WPA-PSK\/WPA2-PSK, Filtro Mac wiriless<br \/>\nModo de opera\u00e7\u00e3o AD-HOC \/ Modo de infraestrutura<br \/>\nRequisitos minimos windows 7(32\/64BITS), WINDOWS VISTA(32\/64BITS), WINDOWS P(32\/64BITS), WINDOWS 2000<br \/>\nSeguran\u00e7a de dados suporta 64\/128 BIT WEP, WPA-PSK\/WPA2-PSK, Filtro MAC Wireless<br \/>\nVelocidade de transmiss\u00e3o 300MBPS<br \/>\nCD de instala\u00e7\u00e3o (Guia de usu\u00e1rio incluso)<br \/>\nItens Inclusos: 1 mini adaptador wireless<br \/>\nDimens\u00f5es do produto (A X L X P): 2,6 x 1,9 x 0,8cm<br \/>\n<\/span><\/p>\n","protected":false},"featured_media":11214,"template":"","meta":{"_joinchat":[]},"product_brand":[],"product_cat":[130],"product_tag":[],"class_list":{"0":"post-11160","1":"product","2":"type-product","3":"status-publish","4":"has-post-thumbnail","6":"product_cat-informatica","8":"first","9":"outofstock","10":"shipping-taxable","11":"product-type-simple"},"_links":{"self":[{"href":"https:\/\/www.multicasa.com.br\/inicio\/wp-json\/wp\/v2\/product\/11160","targetHints":{"allow":["GET"]}}],"collection":[{"href":"https:\/\/www.multicasa.com.br\/inicio\/wp-json\/wp\/v2\/product"}],"about":[{"href":"https:\/\/www.multicasa.com.br\/inicio\/wp-json\/wp\/v2\/types\/product"}],"wp:featuredmedia":[{"embeddable":true,"href":"https:\/\/www.multicasa.com.br\/inicio\/wp-json\/wp\/v2\/media\/11214"}],"wp:attachment":[{"href":"https:\/\/www.multicasa.com.br\/inicio\/wp-json\/wp\/v2\/media?parent=11160"}],"wp:term":[{"taxonomy":"product_brand","embeddable":true,"href":"https:\/\/www.multicasa.com.br\/inicio\/wp-json\/wp\/v2\/product_brand?post=11160"},{"taxonomy":"product_cat","embeddable":true,"href":"https:\/\/www.multicasa.com.br\/inicio\/wp-json\/wp\/v2\/product_cat?post=11160"},{"taxonomy":"product_tag","embeddable":true,"href":"https:\/\/www.multicasa.com.br\/inicio\/wp-json\/wp\/v2\/product_tag?post=11160"}],"curies":[{"name":"wp","href":"https:\/\/api.w.org\/{rel}","templated":true}]}}