{"id":11163,"date":"2025-06-20T18:03:46","date_gmt":"2025-06-20T22:03:46","guid":{"rendered":"https:\/\/www.multicasa.com.br\/inicio\/?post_type=product&#038;p=11163"},"modified":"2025-06-23T09:58:12","modified_gmt":"2025-06-23T13:58:12","slug":"carteira-porta-cartoes-estampada-uny-gift","status":"publish","type":"product","link":"https:\/\/www.multicasa.com.br\/inicio\/produto\/carteira-porta-cartoes-estampada-uny-gift\/","title":{"rendered":"Carteira Porta Cart\u00f5es Estampada Uny Gift"},"content":{"rendered":"<p>A Carteira Porta Cart\u00f5es Estampada Uny Gift \u00e9 muito \u00fatil na hora de distribuir seus cart\u00f5es de visita e de utilizar seus cart\u00f5es de cr\u00e9dito. Produzida em pl\u00e1stico estampado, super resistente e sanfona em pvc com 6 divis\u00f3rias. Possui trava para manter fechado, \u00e9 sofisticado e elegante.<\/p>\n","protected":false},"excerpt":{"rendered":"<h4 style=\"margin: 0px;padding: 0px 0px 16px;font-family: Lato, sans-serif;font-weight: bold;line-height: 3rem;color: var(--dark-grey3);font-size: 22px;font-style: normal;letter-spacing: normal;text-align: start;text-indent: 0px;text-transform: none\">Informa\u00e7\u00f5es t\u00e9cnicas<\/h4>\n<p><span style=\"margin: 0px;padding: 0px;font-weight: 450;font-size: 14px;line-height: 21px;color: var(--dark-grey2);font-family: Lato, sans-serif;font-style: normal;letter-spacing: normal;text-align: start;text-indent: 0px;text-transform: none\">Produto: Carteira Porta Cart\u00f5es<br \/>\nMarca: Uny Gift<br \/>\nMaterial: Pl\u00e1stico resistente<br \/>\nSanfona em PVC<br \/>\nCor: Sortido<br \/>\nCaracter\u00edsticas: Possui trava<br \/>\n6 divis\u00f5es<br \/>\nSuporta cart\u00f5es de cr\u00e9dito e de visita<br \/>\nResistente<br \/>\nItens Inclusos: 1 Carteira Porta Cart\u00f5es<br \/>\nDimens\u00f5es do produto (A X L): 13,5 x 7,5cm<br \/>\n<\/span><\/p>\n","protected":false},"featured_media":24912,"template":"","meta":{"_joinchat":[]},"product_brand":[],"product_cat":[136],"product_tag":[],"class_list":{"0":"post-11163","1":"product","2":"type-product","3":"status-publish","4":"has-post-thumbnail","6":"product_cat-lazer","8":"first","9":"outofstock","10":"shipping-taxable","11":"product-type-simple"},"_links":{"self":[{"href":"https:\/\/www.multicasa.com.br\/inicio\/wp-json\/wp\/v2\/product\/11163","targetHints":{"allow":["GET"]}}],"collection":[{"href":"https:\/\/www.multicasa.com.br\/inicio\/wp-json\/wp\/v2\/product"}],"about":[{"href":"https:\/\/www.multicasa.com.br\/inicio\/wp-json\/wp\/v2\/types\/product"}],"wp:featuredmedia":[{"embeddable":true,"href":"https:\/\/www.multicasa.com.br\/inicio\/wp-json\/wp\/v2\/media\/24912"}],"wp:attachment":[{"href":"https:\/\/www.multicasa.com.br\/inicio\/wp-json\/wp\/v2\/media?parent=11163"}],"wp:term":[{"taxonomy":"product_brand","embeddable":true,"href":"https:\/\/www.multicasa.com.br\/inicio\/wp-json\/wp\/v2\/product_brand?post=11163"},{"taxonomy":"product_cat","embeddable":true,"href":"https:\/\/www.multicasa.com.br\/inicio\/wp-json\/wp\/v2\/product_cat?post=11163"},{"taxonomy":"product_tag","embeddable":true,"href":"https:\/\/www.multicasa.com.br\/inicio\/wp-json\/wp\/v2\/product_tag?post=11163"}],"curies":[{"name":"wp","href":"https:\/\/api.w.org\/{rel}","templated":true}]}}