{"id":11192,"date":"2025-06-20T18:04:09","date_gmt":"2025-06-20T22:04:09","guid":{"rendered":"https:\/\/www.multicasa.com.br\/inicio\/?post_type=product&#038;p=11192"},"modified":"2025-06-20T18:04:38","modified_gmt":"2025-06-20T22:04:38","slug":"esguicho-regulavel-de-engate-rapido-tramontina","status":"publish","type":"product","link":"https:\/\/www.multicasa.com.br\/inicio\/produto\/esguicho-regulavel-de-engate-rapido-tramontina\/","title":{"rendered":"Esguicho Regul\u00e1vel de Engate R\u00e1pido Tramontina"},"content":{"rendered":"<p>O esguicho regul\u00e1vel de engate r\u00e1pido Tramontina \u00e9 ideal para irrigar seu jardim, horta e outras planta\u00e7\u00f5es com praticidade e com a quantidade ideal de \u00e1gua. Compat\u00edvel com mangueiras de engate r\u00e1pido 1\/2??, 3\/4?? ou 5\/8??, facilita na economia porque tem sistema de bloqueio. Permite que voc\u00ea regule o jato podendo ser forte com press\u00e3o para molhar o gramado e plantas maiores ou um jato mais suave para flores delicadas e hortas. Dispon\u00edvel na cor verde e laranja.<\/p>\n","protected":false},"excerpt":{"rendered":"<h4 style=\"margin: 0px;padding: 0px 0px 16px;font-family: Lato, sans-serif;font-weight: bold;line-height: 3rem;color: var(--dark-grey3);font-size: 22px;font-style: normal;letter-spacing: normal;text-align: start;text-indent: 0px;text-transform: none\">Informa\u00e7\u00f5es t\u00e9cnicas<\/h4>\n<p><span style=\"margin: 0px;padding: 0px;font-weight: 450;font-size: 14px;line-height: 21px;color: var(--dark-grey2);font-family: Lato, sans-serif;font-style: normal;letter-spacing: normal;text-align: start;text-indent: 0px;text-transform: none\">Produto: Esguicho<br \/>\nMarca: Tramontina<br \/>\nMaterial: Pl\u00e1stico<br \/>\nCor: Verde, laranja<br \/>\nCaracter\u00edsticas: Jato regul\u00e1vel<br \/>\nCompat\u00edvel com mangueiras de 1\/2&#8221;, 3\/4&#8221; ou 5\/8&#8221;<br \/>\nSistema de bloqueio de \u00e1gua<br \/>\nItens Inclusos: 1 Esguicho<br \/>\nDimens\u00f5es do produto (A X L X P): 13,5 x 3,2 x 3,2cm<br \/>\nPeso do produto: 40g<br \/>\n<\/span><\/p>\n","protected":false},"featured_media":11244,"template":"","meta":{"_joinchat":[]},"product_brand":[],"product_cat":[76],"product_tag":[],"class_list":{"0":"post-11192","1":"product","2":"type-product","3":"status-publish","4":"has-post-thumbnail","6":"product_cat-jardinagem","8":"first","9":"outofstock","10":"shipping-taxable","11":"product-type-simple"},"_links":{"self":[{"href":"https:\/\/www.multicasa.com.br\/inicio\/wp-json\/wp\/v2\/product\/11192","targetHints":{"allow":["GET"]}}],"collection":[{"href":"https:\/\/www.multicasa.com.br\/inicio\/wp-json\/wp\/v2\/product"}],"about":[{"href":"https:\/\/www.multicasa.com.br\/inicio\/wp-json\/wp\/v2\/types\/product"}],"wp:featuredmedia":[{"embeddable":true,"href":"https:\/\/www.multicasa.com.br\/inicio\/wp-json\/wp\/v2\/media\/11244"}],"wp:attachment":[{"href":"https:\/\/www.multicasa.com.br\/inicio\/wp-json\/wp\/v2\/media?parent=11192"}],"wp:term":[{"taxonomy":"product_brand","embeddable":true,"href":"https:\/\/www.multicasa.com.br\/inicio\/wp-json\/wp\/v2\/product_brand?post=11192"},{"taxonomy":"product_cat","embeddable":true,"href":"https:\/\/www.multicasa.com.br\/inicio\/wp-json\/wp\/v2\/product_cat?post=11192"},{"taxonomy":"product_tag","embeddable":true,"href":"https:\/\/www.multicasa.com.br\/inicio\/wp-json\/wp\/v2\/product_tag?post=11192"}],"curies":[{"name":"wp","href":"https:\/\/api.w.org\/{rel}","templated":true}]}}