{"id":11193,"date":"2025-06-20T18:04:09","date_gmt":"2025-06-20T22:04:09","guid":{"rendered":"https:\/\/www.multicasa.com.br\/inicio\/?post_type=product&#038;p=11193"},"modified":"2025-12-16T19:32:56","modified_gmt":"2025-12-16T23:32:56","slug":"kit-para-jardinagem-e-vaso-com-cabo-de-madeira-tramontina-4-pecas","status":"publish","type":"product","link":"https:\/\/www.multicasa.com.br\/inicio\/produto\/kit-para-jardinagem-e-vaso-com-cabo-de-madeira-tramontina-4-pecas\/","title":{"rendered":"Kit para Jardinagem e Vaso com Cabo de Madeira Tramontina 4 Pe\u00e7as"},"content":{"rendered":"<p>Kit para Jardinagem e Vaso Tramontina, conjunto met\u00e1lico com cabo de madeira e 4 pe\u00e7as da linha sweet garden, agora as atividades ao ar livre v\u00e3o ficar muito mais prazerosas. Cada pe\u00e7a possui caracter\u00edsticas pr\u00f3prias para as necessidades que voc\u00ea encontrar na jardinagem, s\u00e3o elas: uma pazinha larga utilizada para cavar, remover e transportar a terra; uma pazinha estreita utilizada para cavar o solo e transplantar mudas; um garfinho para afofar a terra e revolver o solo; e um ancinho para afofar a terra e remover detritos.<\/p>\n","protected":false},"excerpt":{"rendered":"<h4 style=\"margin: 0px;padding: 0px 0px 16px;font-family: Lato, sans-serif;font-weight: bold;line-height: 3rem;color: var(--dark-grey3);font-size: 22px;font-style: normal;letter-spacing: normal;text-align: start;text-indent: 0px;text-transform: none\">Informa\u00e7\u00f5es t\u00e9cnicas<\/h4>\n<p><span style=\"margin: 0px;padding: 0px;font-weight: 450;font-size: 14px;line-height: 21px;color: var(--dark-grey2);font-family: Lato, sans-serif;font-style: normal;letter-spacing: normal;text-align: start;text-indent: 0px;text-transform: none\">Produto: Kit Jardinagem<br \/>\nMarca: Tramontina<br \/>\nMaterial: A\u00e7o carbono<br \/>\nCabo de madeira renov\u00e1vel<br \/>\nAcabamento: Pintura eletrost\u00e1tica a p\u00f3<br \/>\nCor: Laranja<br \/>\nCaracter\u00edsticas: P\u00e1 larga para cavar, remover e transportar terra<br \/>\nP\u00e1 estreita para cavar e transplantar mudas<br \/>\nAn\u00e7o para afofar a terra, revolver o solo e remover detritos.<br \/>\nQuantidade de pe\u00e7as: 4<br \/>\nItens Inclusos: 1 pazinha larga<br \/>\n1 pazinha estreita<br \/>\n1 ancinho de 3 dentes<br \/>\n1 ancinho de 4 dentes<br \/>\nDimens\u00f5es do produto (A X L): 24 x 12cm<br \/>\n<\/span><\/p>\n","protected":false},"featured_media":11245,"template":"","meta":{"_joinchat":[]},"product_brand":[],"product_cat":[71],"product_tag":[],"class_list":{"0":"post-11193","1":"product","2":"type-product","3":"status-publish","4":"has-post-thumbnail","6":"product_cat-chuveiros","8":"first","9":"outofstock","10":"shipping-taxable","11":"product-type-simple"},"_links":{"self":[{"href":"https:\/\/www.multicasa.com.br\/inicio\/wp-json\/wp\/v2\/product\/11193","targetHints":{"allow":["GET"]}}],"collection":[{"href":"https:\/\/www.multicasa.com.br\/inicio\/wp-json\/wp\/v2\/product"}],"about":[{"href":"https:\/\/www.multicasa.com.br\/inicio\/wp-json\/wp\/v2\/types\/product"}],"wp:featuredmedia":[{"embeddable":true,"href":"https:\/\/www.multicasa.com.br\/inicio\/wp-json\/wp\/v2\/media\/11245"}],"wp:attachment":[{"href":"https:\/\/www.multicasa.com.br\/inicio\/wp-json\/wp\/v2\/media?parent=11193"}],"wp:term":[{"taxonomy":"product_brand","embeddable":true,"href":"https:\/\/www.multicasa.com.br\/inicio\/wp-json\/wp\/v2\/product_brand?post=11193"},{"taxonomy":"product_cat","embeddable":true,"href":"https:\/\/www.multicasa.com.br\/inicio\/wp-json\/wp\/v2\/product_cat?post=11193"},{"taxonomy":"product_tag","embeddable":true,"href":"https:\/\/www.multicasa.com.br\/inicio\/wp-json\/wp\/v2\/product_tag?post=11193"}],"curies":[{"name":"wp","href":"https:\/\/api.w.org\/{rel}","templated":true}]}}