{"id":11197,"date":"2025-06-20T18:04:10","date_gmt":"2025-06-20T22:04:10","guid":{"rendered":"https:\/\/www.multicasa.com.br\/inicio\/?post_type=product&#038;p=11197"},"modified":"2026-03-04T13:00:18","modified_gmt":"2026-03-04T17:00:18","slug":"varal-de-parede-automatico-3-modulos-branco-stendmax-6m","status":"publish","type":"product","link":"https:\/\/www.multicasa.com.br\/inicio\/produto\/varal-de-parede-automatico-3-modulos-branco-stendmax-6m\/","title":{"rendered":"Varal de Parede Autom\u00e1tico 3 M\u00f3dulos Branco Stendmax 6m"},"content":{"rendered":"<p>Varal de Parede Stendmax Autom\u00e1tico com sistema de mola que recolhe as cordas ap\u00f3s o uso. Possui 3 cordas de 6m cada, \u00e9 retr\u00e1til e otimiza o espa\u00e7o na sua casa. \u00c9 de f\u00e1cil instala\u00e7\u00e3o e suporta at\u00e9 6kg de roupas por modulo. Feito em pl\u00e1stico na cor branco com design clean e moderno para compor a decora\u00e7\u00e3o do ambiente. Item essencial para a sua lavanderia!<\/p>\n","protected":false},"excerpt":{"rendered":"<h4 style=\"margin: 0px;padding: 0px 0px 16px;font-family: Lato, sans-serif;font-weight: bold;line-height: 3rem;color: var(--dark-grey3);font-size: 22px;font-style: normal;letter-spacing: normal;text-align: start;text-indent: 0px;text-transform: none\">Informa\u00e7\u00f5es t\u00e9cnicas<\/h4>\n<p><span style=\"margin: 0px;padding: 0px;font-weight: 450;font-size: 14px;line-height: 21px;color: var(--dark-grey2);font-family: Lato, sans-serif;font-style: normal;letter-spacing: normal;text-align: start;text-indent: 0px;text-transform: none\">Produto: Varal modular<br \/>\nMarca: Stendmax<br \/>\nMaterial: Pl\u00e1stico<br \/>\nCor: Branco<br \/>\nCaracter\u00edsticas: 3 cordas de 6m<br \/>\nRetr\u00e1til<br \/>\nCada m\u00f3dulo suporta at\u00e9 6kg de roupa<br \/>\nF\u00e1cil de instalar<br \/>\nQuantidade de pe\u00e7as: 19<br \/>\nItens Inclusoss: 1 varal modular<br \/>\n9 buchas<br \/>\n6 parafusos<br \/>\n3 ganchos<br \/>\nDimens\u00f5es do produto (A x L x P): 10 x 27,6 x 6cm<br \/>\nPeso: 550g<br \/>\n<\/span><\/p>\n","protected":false},"featured_media":11252,"template":"","meta":{"_joinchat":[]},"product_brand":[],"product_cat":[95],"product_tag":[],"class_list":{"0":"post-11197","1":"product","2":"type-product","3":"status-publish","4":"has-post-thumbnail","6":"product_cat-lavanderia","8":"first","9":"outofstock","10":"shipping-taxable","11":"purchasable","12":"product-type-simple"},"_links":{"self":[{"href":"https:\/\/www.multicasa.com.br\/inicio\/wp-json\/wp\/v2\/product\/11197","targetHints":{"allow":["GET"]}}],"collection":[{"href":"https:\/\/www.multicasa.com.br\/inicio\/wp-json\/wp\/v2\/product"}],"about":[{"href":"https:\/\/www.multicasa.com.br\/inicio\/wp-json\/wp\/v2\/types\/product"}],"wp:featuredmedia":[{"embeddable":true,"href":"https:\/\/www.multicasa.com.br\/inicio\/wp-json\/wp\/v2\/media\/11252"}],"wp:attachment":[{"href":"https:\/\/www.multicasa.com.br\/inicio\/wp-json\/wp\/v2\/media?parent=11197"}],"wp:term":[{"taxonomy":"product_brand","embeddable":true,"href":"https:\/\/www.multicasa.com.br\/inicio\/wp-json\/wp\/v2\/product_brand?post=11197"},{"taxonomy":"product_cat","embeddable":true,"href":"https:\/\/www.multicasa.com.br\/inicio\/wp-json\/wp\/v2\/product_cat?post=11197"},{"taxonomy":"product_tag","embeddable":true,"href":"https:\/\/www.multicasa.com.br\/inicio\/wp-json\/wp\/v2\/product_tag?post=11197"}],"curies":[{"name":"wp","href":"https:\/\/api.w.org\/{rel}","templated":true}]}}