{"id":11198,"date":"2025-06-20T18:04:10","date_gmt":"2025-06-20T22:04:10","guid":{"rendered":"https:\/\/www.multicasa.com.br\/inicio\/?post_type=product&#038;p=11198"},"modified":"2025-06-20T18:04:50","modified_gmt":"2025-06-20T22:04:50","slug":"rodo-de-pia-com-suporte-plastico-purimax-15cm","status":"publish","type":"product","link":"https:\/\/www.multicasa.com.br\/inicio\/produto\/rodo-de-pia-com-suporte-plastico-purimax-15cm\/","title":{"rendered":"Rodo de Pia Com Suporte Pl\u00e1stico Purimax 15cm"},"content":{"rendered":"<p>O Rodo de Pia Com Suporte Purimax \u00e9 ideal para enxugar pias, azulejos, espelhos e janelas com muita praticidade. Com 15cm, produzido em borracha macia na cor verde e branco te ajudar\u00e1 com precis\u00e3o em tarefas di\u00e1rias.<\/p>\n","protected":false},"excerpt":{"rendered":"<h4 style=\"margin: 0px;padding: 0px 0px 16px;font-family: Lato, sans-serif;font-weight: bold;line-height: 3rem;color: var(--dark-grey3);font-size: 22px;font-style: normal;letter-spacing: normal;text-align: start;text-indent: 0px;text-transform: none\">Informa\u00e7\u00f5es t\u00e9cnicas<\/h4>\n<p><span style=\"margin: 0px;padding: 0px;font-weight: 450;font-size: 14px;line-height: 21px;color: var(--dark-grey2);font-family: Lato, sans-serif;font-style: normal;letter-spacing: normal;text-align: start;text-indent: 0px;text-transform: none\">Produto: Rodo de pia<br \/>\nMarca: Purimax<br \/>\nMaterial: Pl\u00e1stico<br \/>\nBorracha<br \/>\nCor: Verde e Branco<br \/>\nUso Indicado: Enxugar pias, azulejos, espelhos e janelas<br \/>\nItens Inclusos: 1 rodo<br \/>\nDimens\u00f5es do produto (A): 15cm<\/span><\/p>\n","protected":false},"featured_media":11253,"template":"","meta":{"_joinchat":[]},"product_brand":[],"product_cat":[96],"product_tag":[],"class_list":{"0":"post-11198","1":"product","2":"type-product","3":"status-publish","4":"has-post-thumbnail","6":"product_cat-limpeza-e-cia","8":"first","9":"outofstock","10":"shipping-taxable","11":"product-type-simple"},"_links":{"self":[{"href":"https:\/\/www.multicasa.com.br\/inicio\/wp-json\/wp\/v2\/product\/11198","targetHints":{"allow":["GET"]}}],"collection":[{"href":"https:\/\/www.multicasa.com.br\/inicio\/wp-json\/wp\/v2\/product"}],"about":[{"href":"https:\/\/www.multicasa.com.br\/inicio\/wp-json\/wp\/v2\/types\/product"}],"wp:featuredmedia":[{"embeddable":true,"href":"https:\/\/www.multicasa.com.br\/inicio\/wp-json\/wp\/v2\/media\/11253"}],"wp:attachment":[{"href":"https:\/\/www.multicasa.com.br\/inicio\/wp-json\/wp\/v2\/media?parent=11198"}],"wp:term":[{"taxonomy":"product_brand","embeddable":true,"href":"https:\/\/www.multicasa.com.br\/inicio\/wp-json\/wp\/v2\/product_brand?post=11198"},{"taxonomy":"product_cat","embeddable":true,"href":"https:\/\/www.multicasa.com.br\/inicio\/wp-json\/wp\/v2\/product_cat?post=11198"},{"taxonomy":"product_tag","embeddable":true,"href":"https:\/\/www.multicasa.com.br\/inicio\/wp-json\/wp\/v2\/product_tag?post=11198"}],"curies":[{"name":"wp","href":"https:\/\/api.w.org\/{rel}","templated":true}]}}