{"id":11201,"date":"2025-06-20T18:04:10","date_gmt":"2025-06-20T22:04:10","guid":{"rendered":"https:\/\/www.multicasa.com.br\/inicio\/?post_type=product&#038;p=11201"},"modified":"2025-08-18T04:24:20","modified_gmt":"2025-08-18T08:24:20","slug":"prendedores-multiuso-decorado-poly-play-10-pecas","status":"publish","type":"product","link":"https:\/\/www.multicasa.com.br\/inicio\/produto\/prendedores-multiuso-decorado-poly-play-10-pecas\/","title":{"rendered":"Prendedores Multiuso Decorado Poly Play 10 Pe\u00e7as"},"content":{"rendered":"<p>Os Prendedores Decorados Poly Play podem ser usados para pendurar roupas, fechar embalagens, em pe\u00e7as de artesanato ou para segurar pequenos bilhetes. O pacote conta com 10 pe\u00e7as produzidas em a\u00e7o e pl\u00e1stico branco e colorido.<\/p>\n","protected":false},"excerpt":{"rendered":"<h4 style=\"margin: 0px;padding: 0px 0px 16px;font-family: Lato, sans-serif;font-weight: bold;line-height: 3rem;color: var(--dark-grey3);font-size: 22px;font-style: normal;letter-spacing: normal;text-align: start;text-indent: 0px;text-transform: none\">Informa\u00e7\u00f5es t\u00e9cnicas<\/h4>\n<p><span style=\"margin: 0px;padding: 0px;font-weight: 450;font-size: 14px;line-height: 21px;color: var(--dark-grey2);font-family: Lato, sans-serif;font-style: normal;letter-spacing: normal;text-align: start;text-indent: 0px;text-transform: none\">Produto: Prendedor<br \/>\nMarca: Poly Play<br \/>\nMaterial: Pl\u00e1stico<br \/>\nA\u00e7o<br \/>\nCor: Branco e colorido<br \/>\nUso indicado: Prender roupas, bilhetes, embalagens e outros<br \/>\nItens Inclusos: 10 prendedores<br \/>\nDimens\u00f5es do produto (A x L x P): 25 x 90 x 7,5cm<br \/>\n<\/span><\/p>\n","protected":false},"featured_media":11272,"template":"","meta":{"_joinchat":[]},"product_brand":[],"product_cat":[95],"product_tag":[],"class_list":{"0":"post-11201","1":"product","2":"type-product","3":"status-publish","4":"has-post-thumbnail","6":"product_cat-lavanderia","8":"first","9":"outofstock","10":"shipping-taxable","11":"purchasable","12":"product-type-simple"},"_links":{"self":[{"href":"https:\/\/www.multicasa.com.br\/inicio\/wp-json\/wp\/v2\/product\/11201","targetHints":{"allow":["GET"]}}],"collection":[{"href":"https:\/\/www.multicasa.com.br\/inicio\/wp-json\/wp\/v2\/product"}],"about":[{"href":"https:\/\/www.multicasa.com.br\/inicio\/wp-json\/wp\/v2\/types\/product"}],"wp:featuredmedia":[{"embeddable":true,"href":"https:\/\/www.multicasa.com.br\/inicio\/wp-json\/wp\/v2\/media\/11272"}],"wp:attachment":[{"href":"https:\/\/www.multicasa.com.br\/inicio\/wp-json\/wp\/v2\/media?parent=11201"}],"wp:term":[{"taxonomy":"product_brand","embeddable":true,"href":"https:\/\/www.multicasa.com.br\/inicio\/wp-json\/wp\/v2\/product_brand?post=11201"},{"taxonomy":"product_cat","embeddable":true,"href":"https:\/\/www.multicasa.com.br\/inicio\/wp-json\/wp\/v2\/product_cat?post=11201"},{"taxonomy":"product_tag","embeddable":true,"href":"https:\/\/www.multicasa.com.br\/inicio\/wp-json\/wp\/v2\/product_tag?post=11201"}],"curies":[{"name":"wp","href":"https:\/\/api.w.org\/{rel}","templated":true}]}}