{"id":11203,"date":"2025-06-20T18:04:10","date_gmt":"2025-06-20T22:04:10","guid":{"rendered":"https:\/\/www.multicasa.com.br\/inicio\/?post_type=product&#038;p=11203"},"modified":"2025-06-20T18:05:05","modified_gmt":"2025-06-20T22:05:05","slug":"isqueiro-misto-preto-cricket","status":"publish","type":"product","link":"https:\/\/www.multicasa.com.br\/inicio\/produto\/isqueiro-misto-preto-cricket\/","title":{"rendered":"Isqueiro Misto Preto Cricket"},"content":{"rendered":"<p>O Isqueiro Misto Cricket \u00e9 produzido em pl\u00e1stico preto e abastecido por g\u00e1s butano. Tamanho ideal e conveniente para levar no bolso. Pr\u00e1tico, pequeno e leve. <\/p>\n","protected":false},"excerpt":{"rendered":"<h4 style=\"margin: 0px;padding: 0px 0px 16px;font-family: Lato, sans-serif;font-weight: bold;line-height: 3rem;color: var(--dark-grey3);font-size: 22px;font-style: normal;letter-spacing: normal;text-align: start;text-indent: 0px;text-transform: none\">Informa\u00e7\u00f5es t\u00e9cnicas<\/h4>\n<p><span style=\"margin: 0px;padding: 0px;font-weight: 450;font-size: 14px;line-height: 21px;color: var(--dark-grey2);font-family: Lato, sans-serif;font-style: normal;letter-spacing: normal;text-align: start;text-indent: 0px;text-transform: none\">Produto: Isqueiro<br \/>\nMarca: Cricket<br \/>\nMaterial: Pl\u00e1stico<br \/>\nComposi\u00e7\u00e3o: G\u00e1s Butano<br \/>\nCor: Preto<br \/>\nCaracter\u00edsticas: Cabe no bolso<br \/>\nItens inclusos: 1 Isqueiro<br \/>\nDimens\u00f5es do produto (A X L): 18 x 15cm<br \/>\n<\/span><\/p>\n","protected":false},"featured_media":11277,"template":"","meta":{"_joinchat":[]},"product_brand":[],"product_cat":[136],"product_tag":[],"class_list":{"0":"post-11203","1":"product","2":"type-product","3":"status-publish","4":"has-post-thumbnail","6":"product_cat-lazer","8":"first","9":"outofstock","10":"shipping-taxable","11":"product-type-simple"},"_links":{"self":[{"href":"https:\/\/www.multicasa.com.br\/inicio\/wp-json\/wp\/v2\/product\/11203","targetHints":{"allow":["GET"]}}],"collection":[{"href":"https:\/\/www.multicasa.com.br\/inicio\/wp-json\/wp\/v2\/product"}],"about":[{"href":"https:\/\/www.multicasa.com.br\/inicio\/wp-json\/wp\/v2\/types\/product"}],"wp:featuredmedia":[{"embeddable":true,"href":"https:\/\/www.multicasa.com.br\/inicio\/wp-json\/wp\/v2\/media\/11277"}],"wp:attachment":[{"href":"https:\/\/www.multicasa.com.br\/inicio\/wp-json\/wp\/v2\/media?parent=11203"}],"wp:term":[{"taxonomy":"product_brand","embeddable":true,"href":"https:\/\/www.multicasa.com.br\/inicio\/wp-json\/wp\/v2\/product_brand?post=11203"},{"taxonomy":"product_cat","embeddable":true,"href":"https:\/\/www.multicasa.com.br\/inicio\/wp-json\/wp\/v2\/product_cat?post=11203"},{"taxonomy":"product_tag","embeddable":true,"href":"https:\/\/www.multicasa.com.br\/inicio\/wp-json\/wp\/v2\/product_tag?post=11203"}],"curies":[{"name":"wp","href":"https:\/\/api.w.org\/{rel}","templated":true}]}}