{"id":11224,"date":"2025-06-20T18:04:32","date_gmt":"2025-06-20T22:04:32","guid":{"rendered":"https:\/\/www.multicasa.com.br\/inicio\/?post_type=product&#038;p=11224"},"modified":"2025-06-20T18:05:07","modified_gmt":"2025-06-20T22:05:07","slug":"espelho-braco-sanfonado-dupla-face-com-aumento-3x-wenko","status":"publish","type":"product","link":"https:\/\/www.multicasa.com.br\/inicio\/produto\/espelho-braco-sanfonado-dupla-face-com-aumento-3x-wenko\/","title":{"rendered":"Espelho Bra\u00e7o Sanfonado Dupla Face com Aumento 3x Wenko"},"content":{"rendered":"<p>Espelho Dupla Face com Bra\u00e7o Sanfonado Wenko, ideal para ambientes pequenos como o lavabo ou banheiro pequeno, \u00e9 perfeito para uso de maquiagem pois \u00e9 poss\u00edvel posicionar o espelho pr\u00f3ximo ao rosto com aumento de 3x em uma das faces. Design moderno com acabamento cromado, \u00f3timo item de decora\u00e7\u00e3o, despojado e com personalidade.<br \/>\nOtimize o espa\u00e7o no seu banheiro e tenha a praticidade que precisa para o dia a dia!<\/p>\n","protected":false},"excerpt":{"rendered":"<h4 style=\"margin: 0px;padding: 0px 0px 16px;font-family: Lato, sans-serif;font-weight: bold;line-height: 3rem;color: var(--dark-grey3);font-size: 22px;font-style: normal;letter-spacing: normal;text-align: start;text-indent: 0px;text-transform: none\">Informa\u00e7\u00f5es t\u00e9cnicas<\/h4>\n<p><span style=\"margin: 0px;padding: 0px;font-weight: 450;font-size: 14px;line-height: 21px;color: var(--dark-grey2);font-family: Lato, sans-serif;font-style: normal;letter-spacing: normal;text-align: start;text-indent: 0px;text-transform: none\">Produto: Espelho<br \/>\nMarca: Wenko<br \/>\nMaterial: Metal<br \/>\nVidro<br \/>\nCor: Prata<br \/>\nCaracter\u00edsticas: Sanfonado<br \/>\nAumento de 3x em uma das faces<br \/>\nItens Inclusos: 1 espelho<br \/>\nDi\u00e2metro: 17cm<br \/>\nDimens\u00f5es do produto (A X L): Espelho &#8211; 22,5 x 20cm<br \/>\nSuporte &#8211; 36cm<br \/>\nPeso do produto: 705kg<br \/>\n<\/span><\/p>\n","protected":false},"featured_media":11279,"template":"","meta":{"_joinchat":[]},"product_brand":[],"product_cat":[101],"product_tag":[],"class_list":{"0":"post-11224","1":"product","2":"type-product","3":"status-publish","4":"has-post-thumbnail","6":"product_cat-cuidados-pessoais","8":"first","9":"outofstock","10":"shipping-taxable","11":"product-type-simple"},"_links":{"self":[{"href":"https:\/\/www.multicasa.com.br\/inicio\/wp-json\/wp\/v2\/product\/11224","targetHints":{"allow":["GET"]}}],"collection":[{"href":"https:\/\/www.multicasa.com.br\/inicio\/wp-json\/wp\/v2\/product"}],"about":[{"href":"https:\/\/www.multicasa.com.br\/inicio\/wp-json\/wp\/v2\/types\/product"}],"wp:featuredmedia":[{"embeddable":true,"href":"https:\/\/www.multicasa.com.br\/inicio\/wp-json\/wp\/v2\/media\/11279"}],"wp:attachment":[{"href":"https:\/\/www.multicasa.com.br\/inicio\/wp-json\/wp\/v2\/media?parent=11224"}],"wp:term":[{"taxonomy":"product_brand","embeddable":true,"href":"https:\/\/www.multicasa.com.br\/inicio\/wp-json\/wp\/v2\/product_brand?post=11224"},{"taxonomy":"product_cat","embeddable":true,"href":"https:\/\/www.multicasa.com.br\/inicio\/wp-json\/wp\/v2\/product_cat?post=11224"},{"taxonomy":"product_tag","embeddable":true,"href":"https:\/\/www.multicasa.com.br\/inicio\/wp-json\/wp\/v2\/product_tag?post=11224"}],"curies":[{"name":"wp","href":"https:\/\/api.w.org\/{rel}","templated":true}]}}