{"id":11225,"date":"2025-06-20T18:04:32","date_gmt":"2025-06-20T22:04:32","guid":{"rendered":"https:\/\/www.multicasa.com.br\/inicio\/?post_type=product&#038;p=11225"},"modified":"2025-06-20T18:05:09","modified_gmt":"2025-06-20T22:05:09","slug":"acendedor-de-churrasqueira-eletrico-cherubino-700w-127v","status":"publish","type":"product","link":"https:\/\/www.multicasa.com.br\/inicio\/produto\/acendedor-de-churrasqueira-eletrico-cherubino-700w-127v\/","title":{"rendered":"Acendedor de Churrasqueira El\u00e9trico Cherubino 700w &#8211; 127v"},"content":{"rendered":"<p>Chega de sofrer na hora de preparar aquele churrasco! Com o acendedor el\u00e9trico de churrasqueira Cherubino, voc\u00ea prepara a churrasqueira com agilidade e seguran\u00e7a. Dispensa o uso de \u00e1lcool, possui tubo de a\u00e7o para n\u00e3o dar choque e leva apenas 5 minutos para o carv\u00e3o virar brasa. Com 700w de pot\u00eancia e alimenta\u00e7\u00e3o 127v, n\u00e3o faz fuma\u00e7a e nem labareda. Ideal para quem busca alternativas f\u00e1ceis de deixar o lazer o ainda melhor.<\/p>\n","protected":false},"excerpt":{"rendered":"<h4 style=\"margin: 0px;padding: 0px 0px 16px;font-family: Lato, sans-serif;font-weight: bold;line-height: 3rem;color: var(--dark-grey3);font-size: 22px;font-style: normal;letter-spacing: normal;text-align: start;text-indent: 0px;text-transform: none\">Informa\u00e7\u00f5es t\u00e9cnicas<\/h4>\n<p><span style=\"margin: 0px;padding: 0px;font-weight: 450;font-size: 14px;line-height: 21px;color: var(--dark-grey2);font-family: Lato, sans-serif;font-style: normal;letter-spacing: normal;text-align: start;text-indent: 0px;text-transform: none\">Produto: Acendedor de Churrasqueira El\u00e9trico<br \/>\nMarca: Cherubino<br \/>\nMaterial: Resist\u00eancia em tubo de a\u00e7o<br \/>\nCor: Preto \/ Prata<br \/>\nPot\u00eancia: 700w<br \/>\nTens\u00e3o el\u00e9trica: 127v<br \/>\nCaracter\u00edsticas: N\u00e3o d\u00e1 choque<br \/>\nN\u00e3o faz fuma\u00e7a<br \/>\nN\u00e3o faz labareda<br \/>\nItens Inclusos: 1 Acendedor de Churrasqueira El\u00e9trico<br \/>\nDimens\u00f5es do produto (A): 48cm<br \/>\nOCP: 0005<br \/>\n<\/span><\/p>\n","protected":false},"featured_media":11281,"template":"","meta":{"_joinchat":[]},"product_brand":[],"product_cat":[136],"product_tag":[],"class_list":{"0":"post-11225","1":"product","2":"type-product","3":"status-publish","4":"has-post-thumbnail","6":"product_cat-lazer","8":"first","9":"outofstock","10":"shipping-taxable","11":"product-type-simple"},"_links":{"self":[{"href":"https:\/\/www.multicasa.com.br\/inicio\/wp-json\/wp\/v2\/product\/11225","targetHints":{"allow":["GET"]}}],"collection":[{"href":"https:\/\/www.multicasa.com.br\/inicio\/wp-json\/wp\/v2\/product"}],"about":[{"href":"https:\/\/www.multicasa.com.br\/inicio\/wp-json\/wp\/v2\/types\/product"}],"wp:featuredmedia":[{"embeddable":true,"href":"https:\/\/www.multicasa.com.br\/inicio\/wp-json\/wp\/v2\/media\/11281"}],"wp:attachment":[{"href":"https:\/\/www.multicasa.com.br\/inicio\/wp-json\/wp\/v2\/media?parent=11225"}],"wp:term":[{"taxonomy":"product_brand","embeddable":true,"href":"https:\/\/www.multicasa.com.br\/inicio\/wp-json\/wp\/v2\/product_brand?post=11225"},{"taxonomy":"product_cat","embeddable":true,"href":"https:\/\/www.multicasa.com.br\/inicio\/wp-json\/wp\/v2\/product_cat?post=11225"},{"taxonomy":"product_tag","embeddable":true,"href":"https:\/\/www.multicasa.com.br\/inicio\/wp-json\/wp\/v2\/product_tag?post=11225"}],"curies":[{"name":"wp","href":"https:\/\/api.w.org\/{rel}","templated":true}]}}