{"id":11226,"date":"2025-06-20T18:04:32","date_gmt":"2025-06-20T22:04:32","guid":{"rendered":"https:\/\/www.multicasa.com.br\/inicio\/?post_type=product&#038;p=11226"},"modified":"2026-03-10T10:51:51","modified_gmt":"2026-03-10T14:51:51","slug":"escorredor-de-arroz-em-plastico-plasutil","status":"publish","type":"product","link":"https:\/\/www.multicasa.com.br\/inicio\/produto\/escorredor-de-arroz-em-plastico-plasutil\/","title":{"rendered":"Escorredor de Arroz em Pl\u00e1stico Plas\u00fatil"},"content":{"rendered":"<p>O Escorredor de Arroz da Plas\u00fatil \u00e9 super pr\u00e1tico e multiuso podendo ser usado n\u00e3o s\u00f3 para escorrer o arroz, mais como um lava tudo. \u00c9 feito em pl\u00e1stico, livre de bisfenol-A (BPA FREE) na cor cinza. Item indispens\u00e1vel na cozinha, torne seu dia a dia mais pr\u00e1tico!<\/p>\n","protected":false},"excerpt":{"rendered":"<h4 style=\"margin: 0px;padding: 0px 0px 16px;font-family: Lato, sans-serif;font-weight: bold;line-height: 3rem;color: var(--dark-grey3);font-size: 22px;font-style: normal;letter-spacing: normal;text-align: start;text-indent: 0px;text-transform: none\">Informa\u00e7\u00f5es t\u00e9cnicas<\/h4>\n<p><span style=\"margin: 0px;padding: 0px;font-weight: 450;font-size: 14px;line-height: 21px;color: var(--dark-grey2);font-family: Lato, sans-serif;font-style: normal;letter-spacing: normal;text-align: start;text-indent: 0px;text-transform: none\">Produto: Escorredor de arroz<br \/>\nMarca: Plas\u00fatil<br \/>\nMaterial: Pl\u00e1stico<br \/>\nCor: Cinza<br \/>\nItens Inclusos: 1 escorredor de arroz<br \/>\nDimens\u00f5es do produto (A x L x C): 12,3 x 23,3 x 28,3cm                                                                                               Peso: 0,069kg<\/span><\/p>\n","protected":false},"featured_media":11283,"template":"","meta":{"_joinchat":[]},"product_brand":[],"product_cat":[138],"product_tag":[],"class_list":{"0":"post-11226","1":"product","2":"type-product","3":"status-publish","4":"has-post-thumbnail","6":"product_cat-telefones-e-cia","8":"first","9":"instock","10":"shipping-taxable","11":"purchasable","12":"product-type-simple"},"_links":{"self":[{"href":"https:\/\/www.multicasa.com.br\/inicio\/wp-json\/wp\/v2\/product\/11226","targetHints":{"allow":["GET"]}}],"collection":[{"href":"https:\/\/www.multicasa.com.br\/inicio\/wp-json\/wp\/v2\/product"}],"about":[{"href":"https:\/\/www.multicasa.com.br\/inicio\/wp-json\/wp\/v2\/types\/product"}],"wp:featuredmedia":[{"embeddable":true,"href":"https:\/\/www.multicasa.com.br\/inicio\/wp-json\/wp\/v2\/media\/11283"}],"wp:attachment":[{"href":"https:\/\/www.multicasa.com.br\/inicio\/wp-json\/wp\/v2\/media?parent=11226"}],"wp:term":[{"taxonomy":"product_brand","embeddable":true,"href":"https:\/\/www.multicasa.com.br\/inicio\/wp-json\/wp\/v2\/product_brand?post=11226"},{"taxonomy":"product_cat","embeddable":true,"href":"https:\/\/www.multicasa.com.br\/inicio\/wp-json\/wp\/v2\/product_cat?post=11226"},{"taxonomy":"product_tag","embeddable":true,"href":"https:\/\/www.multicasa.com.br\/inicio\/wp-json\/wp\/v2\/product_tag?post=11226"}],"curies":[{"name":"wp","href":"https:\/\/api.w.org\/{rel}","templated":true}]}}