{"id":11227,"date":"2025-06-20T18:04:32","date_gmt":"2025-06-20T22:04:32","guid":{"rendered":"https:\/\/www.multicasa.com.br\/inicio\/?post_type=product&#038;p=11227"},"modified":"2025-06-20T18:05:12","modified_gmt":"2025-06-20T22:05:12","slug":"cera-tradicional-automotiva-protecao-e-brilho-grand-prix-200g","status":"publish","type":"product","link":"https:\/\/www.multicasa.com.br\/inicio\/produto\/cera-tradicional-automotiva-protecao-e-brilho-grand-prix-200g\/","title":{"rendered":"Cera Tradicional Automotiva Prote\u00e7\u00e3o e Brilho Grand Prix 200g"},"content":{"rendered":"<p>Aplique a cera tradicional automotivo para prote\u00e7\u00e3o e brilho Grand Prix em qualquer pintura, inclusive em carros novos sem danific\u00e1-las. A cera de carro protege contra as a\u00e7\u00f5es nocivas do calor, dos raios solares, da chuva e da maresia, proporcionando brilho intense e duradouro. Al\u00e9m disso, tamb\u00e9m remove as manchas e as part\u00edculas. Aplique tamb\u00e9m em lanchas de fiberglass e trailers. Embalagem com 220g.<\/p>\n","protected":false},"excerpt":{"rendered":"<h4 style=\"margin: 0px;padding: 0px 0px 16px;font-family: Lato, sans-serif;font-weight: bold;line-height: 3rem;color: var(--dark-grey3);font-size: 22px;font-style: normal;letter-spacing: normal;text-align: start;text-indent: 0px;text-transform: none\">Informa\u00e7\u00f5es t\u00e9cnicas<\/h4>\n<p><span style=\"margin: 0px;padding: 0px;font-weight: 450;font-size: 14px;line-height: 21px;color: var(--dark-grey2);font-family: Lato, sans-serif;font-style: normal;letter-spacing: normal;text-align: start;text-indent: 0px;text-transform: none\">Produto: Cera Tradicional Automotiva<br \/>\nMarca: Grand Prix<br \/>\nConte\u00fado: 200g<br \/>\nCaracter\u00edsticas: Prote\u00e7\u00e3o e brilho<br \/>\nPara todos os tipos de pintura<br \/>\nN\u00e3o danifica<br \/>\nProtege contra as a\u00e7\u00f5es nocivas do calor<br \/>\nItens Inclusos: 1 Cera Tradicional Automotiva<\/span><\/p>\n","protected":false},"featured_media":11284,"template":"","meta":{"_joinchat":[]},"product_brand":[],"product_cat":[142],"product_tag":[],"class_list":{"0":"post-11227","1":"product","2":"type-product","3":"status-publish","4":"has-post-thumbnail","6":"product_cat-utilidades-para-automoveis","8":"first","9":"outofstock","10":"shipping-taxable","11":"product-type-simple"},"_links":{"self":[{"href":"https:\/\/www.multicasa.com.br\/inicio\/wp-json\/wp\/v2\/product\/11227","targetHints":{"allow":["GET"]}}],"collection":[{"href":"https:\/\/www.multicasa.com.br\/inicio\/wp-json\/wp\/v2\/product"}],"about":[{"href":"https:\/\/www.multicasa.com.br\/inicio\/wp-json\/wp\/v2\/types\/product"}],"wp:featuredmedia":[{"embeddable":true,"href":"https:\/\/www.multicasa.com.br\/inicio\/wp-json\/wp\/v2\/media\/11284"}],"wp:attachment":[{"href":"https:\/\/www.multicasa.com.br\/inicio\/wp-json\/wp\/v2\/media?parent=11227"}],"wp:term":[{"taxonomy":"product_brand","embeddable":true,"href":"https:\/\/www.multicasa.com.br\/inicio\/wp-json\/wp\/v2\/product_brand?post=11227"},{"taxonomy":"product_cat","embeddable":true,"href":"https:\/\/www.multicasa.com.br\/inicio\/wp-json\/wp\/v2\/product_cat?post=11227"},{"taxonomy":"product_tag","embeddable":true,"href":"https:\/\/www.multicasa.com.br\/inicio\/wp-json\/wp\/v2\/product_tag?post=11227"}],"curies":[{"name":"wp","href":"https:\/\/api.w.org\/{rel}","templated":true}]}}