{"id":11228,"date":"2025-06-20T18:04:32","date_gmt":"2025-06-20T22:04:32","guid":{"rendered":"https:\/\/www.multicasa.com.br\/inicio\/?post_type=product&#038;p=11228"},"modified":"2025-06-23T10:23:00","modified_gmt":"2025-06-23T14:23:00","slug":"organizador-de-comprimidos-semanal-azul-com-suporte-plastforte","status":"publish","type":"product","link":"https:\/\/www.multicasa.com.br\/inicio\/produto\/organizador-de-comprimidos-semanal-azul-com-suporte-plastforte\/","title":{"rendered":"Organizador de Comprimidos Semanal Azul com Suporte Plastforte"},"content":{"rendered":"<p>O Organizador de Comprimidos Semanal Plastforte, tem como objetivo facilitar e administrar o consumo dos medicamentos e\/ou suplementos na hora certa e ajudar voc\u00ea a n\u00e3o se esquecer de tom\u00e1-los. Confeccionado em pl\u00e1stico, possui 7 caixas individuais, cada caixa possui 4 compartimentos para melhor distribui\u00e7\u00e3o das dosagens di\u00e1rias dos comprimidos ou c\u00e1psulas, e que se encaixam perfeitamente em uma bandeja, permitindo seguran\u00e7a no transporte. Os compartimentos tamb\u00e9m podem ser destacados para serem transportados individualmente. Traga praticidade para o seu dia a dia e organize seus medicamentos com facilidade!<\/p>\n","protected":false},"excerpt":{"rendered":"<h4 style=\"margin: 0px;padding: 0px 0px 16px;font-family: Lato, sans-serif;font-weight: bold;line-height: 3rem;color: var(--dark-grey3);font-size: 22px;font-style: normal;letter-spacing: normal;text-align: start;text-indent: 0px;text-transform: none\">Informa\u00e7\u00f5es t\u00e9cnicas<\/h4>\n<p><span style=\"margin: 0px;padding: 0px;font-weight: 450;font-size: 14px;line-height: 21px;color: var(--dark-grey2);font-family: Lato, sans-serif;font-style: normal;letter-spacing: normal;text-align: start;text-indent: 0px;text-transform: none\">Produto: Porta comprimidos<br \/>\nMarca: Plastforte<br \/>\nMaterial: Pl\u00e1stico<br \/>\nCor: Azul<br \/>\nCaracter\u00edsticas: Dividido em dias da semana, 7 caixas individuais com 4 compartimentos cada<br \/>\nQuantidade de itens: 8<br \/>\nItens Inclusos: 1 porta comprimidos e 7 caixas individuais<br \/>\nDimens\u00f5es do produto (A x L): 26 x 16cm<\/span><\/p>\n","protected":false},"featured_media":25633,"template":"","meta":{"_joinchat":[]},"product_brand":[],"product_cat":[80],"product_tag":[],"class_list":{"0":"post-11228","1":"product","2":"type-product","3":"status-publish","4":"has-post-thumbnail","6":"product_cat-lampadas","8":"first","9":"outofstock","10":"shipping-taxable","11":"product-type-simple"},"_links":{"self":[{"href":"https:\/\/www.multicasa.com.br\/inicio\/wp-json\/wp\/v2\/product\/11228","targetHints":{"allow":["GET"]}}],"collection":[{"href":"https:\/\/www.multicasa.com.br\/inicio\/wp-json\/wp\/v2\/product"}],"about":[{"href":"https:\/\/www.multicasa.com.br\/inicio\/wp-json\/wp\/v2\/types\/product"}],"wp:featuredmedia":[{"embeddable":true,"href":"https:\/\/www.multicasa.com.br\/inicio\/wp-json\/wp\/v2\/media\/25633"}],"wp:attachment":[{"href":"https:\/\/www.multicasa.com.br\/inicio\/wp-json\/wp\/v2\/media?parent=11228"}],"wp:term":[{"taxonomy":"product_brand","embeddable":true,"href":"https:\/\/www.multicasa.com.br\/inicio\/wp-json\/wp\/v2\/product_brand?post=11228"},{"taxonomy":"product_cat","embeddable":true,"href":"https:\/\/www.multicasa.com.br\/inicio\/wp-json\/wp\/v2\/product_cat?post=11228"},{"taxonomy":"product_tag","embeddable":true,"href":"https:\/\/www.multicasa.com.br\/inicio\/wp-json\/wp\/v2\/product_tag?post=11228"}],"curies":[{"name":"wp","href":"https:\/\/api.w.org\/{rel}","templated":true}]}}