{"id":11229,"date":"2025-06-20T18:04:33","date_gmt":"2025-06-20T22:04:33","guid":{"rendered":"https:\/\/www.multicasa.com.br\/inicio\/?post_type=product&#038;p=11229"},"modified":"2025-06-20T18:05:14","modified_gmt":"2025-06-20T22:05:14","slug":"chuveiro-ducha-maxi-3-temperaturas-lorenzetti-4600w-127v","status":"publish","type":"product","link":"https:\/\/www.multicasa.com.br\/inicio\/produto\/chuveiro-ducha-maxi-3-temperaturas-lorenzetti-4600w-127v\/","title":{"rendered":"Chuveiro Ducha Maxi 3 Temperaturas Lorenzetti 4600W &#8211; 127V"},"content":{"rendered":"<p>Que tal ter um banho relaxante depois de um longo dia? O chuveiro ducha maxi com 3 temperaturas da Lorenzetti deixa esse momento do dia ainda melhor. Com espalhador de grandes dimens\u00f5es, esta maxi ducha garante vaz\u00e3o uniforme da \u00e1gua, espalhando-a por igual pelo corpo. Pode ser usada com aquecedores solares, ampliando sua utiliza\u00e7\u00e3o. Possui 4600 w de pot\u00eancia e 127 v.<\/p>\n","protected":false},"excerpt":{"rendered":"<h4 style=\"margin: 0px;padding: 0px 0px 16px;font-family: Lato, sans-serif;font-weight: bold;line-height: 3rem;color: var(--dark-grey3);font-size: 22px;font-style: normal;letter-spacing: normal;text-align: start;text-indent: 0px;text-transform: none\">Informa\u00e7\u00f5es t\u00e9cnicas<\/h4>\n<p><span style=\"margin: 0px;padding: 0px;font-weight: 450;font-size: 14px;line-height: 21px;color: var(--dark-grey2);font-family: Lato, sans-serif;font-style: normal;letter-spacing: normal;text-align: start;text-indent: 0px;text-transform: none\">Produto: Chuveiro<br \/>\nMarca: Lorenzetti<br \/>\nModelo: Maxi<br \/>\nMaterial: Termopl\u00e1stico<br \/>\nElast\u00f4meros<br \/>\nLigas met\u00e1licas<br \/>\nCor: Branco<br \/>\nPot\u00eancia: 4600w<br \/>\nTens\u00e3o el\u00e9trica: 127v<br \/>\nCaracter\u00edsticas: 3 Temperaturas<br \/>\nDisjuntor 40a<br \/>\nFios 6mm<br \/>\nPress\u00e3o de 10 a 400kpa 1 a 40mca<br \/>\nPress\u00e3o de funcionamento m\u00ednima de 1mca<br \/>\nPress\u00e3o de funcionamento m\u00e1xima de 40mca<br \/>\nFixa\u00e7\u00e3o parede<br \/>\nGrau de prote\u00e7\u00e3o ip24<br \/>\nSistema de aterramento<br \/>\nCompat\u00edvel com aquecimento solar<br \/>\nItens Inclusos: 1 Chuveiro<br \/>\nDimens\u00f5es do produto (A X L X P): 41,6 x 15,5 x 13cm<br \/>\n<\/span><\/p>\n","protected":false},"featured_media":11286,"template":"","meta":{"_joinchat":[]},"product_brand":[],"product_cat":[70],"product_tag":[],"class_list":{"0":"post-11229","1":"product","2":"type-product","3":"status-publish","4":"has-post-thumbnail","6":"product_cat-assentos-e-cia","8":"first","9":"outofstock","10":"shipping-taxable","11":"product-type-simple"},"_links":{"self":[{"href":"https:\/\/www.multicasa.com.br\/inicio\/wp-json\/wp\/v2\/product\/11229","targetHints":{"allow":["GET"]}}],"collection":[{"href":"https:\/\/www.multicasa.com.br\/inicio\/wp-json\/wp\/v2\/product"}],"about":[{"href":"https:\/\/www.multicasa.com.br\/inicio\/wp-json\/wp\/v2\/types\/product"}],"wp:featuredmedia":[{"embeddable":true,"href":"https:\/\/www.multicasa.com.br\/inicio\/wp-json\/wp\/v2\/media\/11286"}],"wp:attachment":[{"href":"https:\/\/www.multicasa.com.br\/inicio\/wp-json\/wp\/v2\/media?parent=11229"}],"wp:term":[{"taxonomy":"product_brand","embeddable":true,"href":"https:\/\/www.multicasa.com.br\/inicio\/wp-json\/wp\/v2\/product_brand?post=11229"},{"taxonomy":"product_cat","embeddable":true,"href":"https:\/\/www.multicasa.com.br\/inicio\/wp-json\/wp\/v2\/product_cat?post=11229"},{"taxonomy":"product_tag","embeddable":true,"href":"https:\/\/www.multicasa.com.br\/inicio\/wp-json\/wp\/v2\/product_tag?post=11229"}],"curies":[{"name":"wp","href":"https:\/\/api.w.org\/{rel}","templated":true}]}}