{"id":11240,"date":"2025-06-20T18:04:34","date_gmt":"2025-06-20T22:04:34","guid":{"rendered":"https:\/\/www.multicasa.com.br\/inicio\/?post_type=product&#038;p=11240"},"modified":"2025-06-20T18:05:39","modified_gmt":"2025-06-20T22:05:39","slug":"lampada-fluorescente-branca-osram-20w-bivolt","status":"publish","type":"product","link":"https:\/\/www.multicasa.com.br\/inicio\/produto\/lampada-fluorescente-branca-osram-20w-bivolt\/","title":{"rendered":"L\u00e2mpada Fluorescente Branca Osram 20W Bivolt"},"content":{"rendered":"<p>Use a l\u00e2mpada fluorescente branca em formato tubular da Osram para garantir a claridade que voc\u00ea precisa. Possui luz do dia com excelente luminosidade, sendo ideal para ser utilizada nas lumin\u00e1rias de teto em escrit\u00f3rios, cozinhas e outros c\u00f4modos. Para lig\u00e1-la \u00e0 rede el\u00e9trica \u00e9 necess\u00e1rio reator espec\u00edfico e bocal compat\u00edvel com soquete G13 (E27, E14, GU10). Tem 20w de pot\u00eancia, bivolt e temperatura de cor em 5250k. Emiss\u00e3o de 2700 lumens.<\/p>\n","protected":false},"excerpt":{"rendered":"<h4 style=\"margin: 0px;padding: 0px 0px 16px;font-family: Lato, sans-serif;font-weight: bold;line-height: 3rem;color: var(--dark-grey3);font-size: 22px;font-style: normal;letter-spacing: normal;text-align: start;text-indent: 0px;text-transform: none\">Informa\u00e7\u00f5es t\u00e9cnicas<\/h4>\n<p><span style=\"margin: 0px;padding: 0px;font-weight: 450;font-size: 14px;line-height: 21px;color: var(--dark-grey2);font-family: Lato, sans-serif;font-style: normal;letter-spacing: normal;text-align: start;text-indent: 0px;text-transform: none\">Produto: L\u00e2mpada<br \/>\nMarca: Osram<br \/>\nMaterial: Vidro<br \/>\nCor: Branca<br \/>\nCor da Luz: Branca<br \/>\nPot\u00eancia: 20w<br \/>\nTens\u00e3o El\u00e9trica: 127 -220v<br \/>\nFrequ\u00eancia: 50\/60HZ<br \/>\nTemperatura de cor: 5250K<br \/>\nCaracter\u00edsticas: Soquete G13 (E27, E14, GU10)<br \/>\nLumens 2700LM<br \/>\nFluorescente<br \/>\nTubular T10<br \/>\nVida \u00datil 13000H<br \/>\nIRC 70-79<br \/>\nCertificada pelo Inmetro<br \/>\nItens Inclusos: 1 L\u00e2mpada<br \/>\nDimens\u00f5es do produto (A X L): 2,6 x 59 cm<br \/>\n<\/span><\/p>\n","protected":false},"featured_media":11320,"template":"","meta":{"_joinchat":[]},"product_brand":[],"product_cat":[80],"product_tag":[],"class_list":{"0":"post-11240","1":"product","2":"type-product","3":"status-publish","4":"has-post-thumbnail","6":"product_cat-lampadas","8":"first","9":"outofstock","10":"shipping-taxable","11":"product-type-simple"},"_links":{"self":[{"href":"https:\/\/www.multicasa.com.br\/inicio\/wp-json\/wp\/v2\/product\/11240","targetHints":{"allow":["GET"]}}],"collection":[{"href":"https:\/\/www.multicasa.com.br\/inicio\/wp-json\/wp\/v2\/product"}],"about":[{"href":"https:\/\/www.multicasa.com.br\/inicio\/wp-json\/wp\/v2\/types\/product"}],"wp:featuredmedia":[{"embeddable":true,"href":"https:\/\/www.multicasa.com.br\/inicio\/wp-json\/wp\/v2\/media\/11320"}],"wp:attachment":[{"href":"https:\/\/www.multicasa.com.br\/inicio\/wp-json\/wp\/v2\/media?parent=11240"}],"wp:term":[{"taxonomy":"product_brand","embeddable":true,"href":"https:\/\/www.multicasa.com.br\/inicio\/wp-json\/wp\/v2\/product_brand?post=11240"},{"taxonomy":"product_cat","embeddable":true,"href":"https:\/\/www.multicasa.com.br\/inicio\/wp-json\/wp\/v2\/product_cat?post=11240"},{"taxonomy":"product_tag","embeddable":true,"href":"https:\/\/www.multicasa.com.br\/inicio\/wp-json\/wp\/v2\/product_tag?post=11240"}],"curies":[{"name":"wp","href":"https:\/\/api.w.org\/{rel}","templated":true}]}}