{"id":11266,"date":"2025-06-20T18:04:57","date_gmt":"2025-06-20T22:04:57","guid":{"rendered":"https:\/\/www.multicasa.com.br\/inicio\/?post_type=product&#038;p=11266"},"modified":"2026-01-10T11:50:26","modified_gmt":"2026-01-10T15:50:26","slug":"lixeira-de-plastico-multiuso-com-tampa-branca-astra-6l","status":"publish","type":"product","link":"https:\/\/www.multicasa.com.br\/inicio\/produto\/lixeira-de-plastico-multiuso-com-tampa-branca-astra-6l\/","title":{"rendered":"Lixeira de Pl\u00e1stico Multiuso com Tampa Branca Astra 6L"},"content":{"rendered":"<p>A Lixeira Multiuso Astra \u00e9 indicada para armazenar diversos tipo de objetos. Seu design tradicional se adequa facilmente em qualquer ambiente, possui tampa com puxador cromado e capacidade para 6 litros. Produzida em pl\u00e1stico, \u00e9 resistente e compacta, podendo ser utilizada na cozinha, escrit\u00f3rio ou no banheiro. Seu design \u00e9 moderno e na cor branco que combina com qualquer ambiente!<\/p>\n","protected":false},"excerpt":{"rendered":"<h4 style=\"margin: 0px;padding: 0px 0px 16px;font-family: Lato, sans-serif;font-weight: bold;line-height: 3rem;color: var(--dark-grey3);font-size: 22px;font-style: normal;letter-spacing: normal;text-align: start;text-indent: 0px;text-transform: none\">Informa\u00e7\u00f5es t\u00e9cnicas<\/h4>\n<p><span style=\"margin: 0px;padding: 0px;font-weight: 450;font-size: 14px;line-height: 21px;color: var(--dark-grey2);font-family: Lato, sans-serif;font-style: normal;letter-spacing: normal;text-align: start;text-indent: 0px;text-transform: none\">Produto: Lixeira<br \/>\nMarca: Astra<br \/>\nMaterial: Pl\u00e1stico<br \/>\nCor: Branco<br \/>\nCapacidade: 6L<br \/>\nCaracter\u00edsticas: Possui tampa com puxador cromado<br \/>\nItens Inclusos: 1 lixeira<br \/>\nDimens\u00f5es do produto (A X L): 25 x 21cm<\/span><\/p>\n","protected":false},"featured_media":11343,"template":"","meta":{"_joinchat":[]},"product_brand":[],"product_cat":[99],"product_tag":[],"class_list":{"0":"post-11266","1":"product","2":"type-product","3":"status-publish","4":"has-post-thumbnail","6":"product_cat-lixeiras","8":"first","9":"instock","10":"shipping-taxable","11":"purchasable","12":"product-type-simple"},"_links":{"self":[{"href":"https:\/\/www.multicasa.com.br\/inicio\/wp-json\/wp\/v2\/product\/11266","targetHints":{"allow":["GET"]}}],"collection":[{"href":"https:\/\/www.multicasa.com.br\/inicio\/wp-json\/wp\/v2\/product"}],"about":[{"href":"https:\/\/www.multicasa.com.br\/inicio\/wp-json\/wp\/v2\/types\/product"}],"wp:featuredmedia":[{"embeddable":true,"href":"https:\/\/www.multicasa.com.br\/inicio\/wp-json\/wp\/v2\/media\/11343"}],"wp:attachment":[{"href":"https:\/\/www.multicasa.com.br\/inicio\/wp-json\/wp\/v2\/media?parent=11266"}],"wp:term":[{"taxonomy":"product_brand","embeddable":true,"href":"https:\/\/www.multicasa.com.br\/inicio\/wp-json\/wp\/v2\/product_brand?post=11266"},{"taxonomy":"product_cat","embeddable":true,"href":"https:\/\/www.multicasa.com.br\/inicio\/wp-json\/wp\/v2\/product_cat?post=11266"},{"taxonomy":"product_tag","embeddable":true,"href":"https:\/\/www.multicasa.com.br\/inicio\/wp-json\/wp\/v2\/product_tag?post=11266"}],"curies":[{"name":"wp","href":"https:\/\/api.w.org\/{rel}","templated":true}]}}