{"id":11292,"date":"2025-06-20T18:05:18","date_gmt":"2025-06-20T22:05:18","guid":{"rendered":"https:\/\/www.multicasa.com.br\/inicio\/?post_type=product&#038;p=11292"},"modified":"2026-03-26T13:30:27","modified_gmt":"2026-03-26T17:30:27","slug":"varal-de-chao-malta-com-abas-em-aluminio-secalux-88x162x56cm","status":"publish","type":"product","link":"https:\/\/www.multicasa.com.br\/inicio\/produto\/varal-de-chao-malta-com-abas-em-aluminio-secalux-88x162x56cm\/","title":{"rendered":"Varal de Ch\u00e3o Malta Com Abas em Alum\u00ednio Secalux 88x162x56cm"},"content":{"rendered":"<p>Varal de Ch\u00e3o Dobr\u00e1vel Malta Secalux com abas laterais e em alum\u00ednio, material resistente com um design moderno, pr\u00e1tico e de f\u00e1cil manuseio. Suporta at\u00e9 21kg de roupas \u00famidas, possui rodinhas nos p\u00e9s que facilitam o transporte e 2 seca meias. O varal de ch\u00e3o \u00e9 ideal para ambientes pequenos, como apartamentos e pequenas lavanderias.<\/p>\n","protected":false},"excerpt":{"rendered":"<h4 style=\"margin: 0px;padding: 0px 0px 16px;font-family: Lato, sans-serif;font-weight: bold;line-height: 3rem;color: var(--dark-grey3);font-size: 22px;font-style: normal;letter-spacing: normal;text-align: start;text-indent: 0px;text-transform: none\">Informa\u00e7\u00f5es t\u00e9cnicas<\/h4>\n<p><span style=\"margin: 0px;padding: 0px;font-weight: 450;font-size: 14px;line-height: 21px;color: var(--dark-grey2);font-family: Lato, sans-serif;font-style: normal;letter-spacing: normal;text-align: start;text-indent: 0px;text-transform: none\">Produto: Varal de ch\u00e3o<br \/>\nMarca: Secalux<br \/>\nMaterial: Alum\u00ednio<br \/>\nAcabamento: Polido envernizado<br \/>\nCor: Prata e verde<br \/>\nCaracter\u00edsticas: Dobr\u00e1vel, equivale a 11 metros, suporta 21kg, rodinhas nos p\u00e9s<br \/>\nQuantidade de pe\u00e7as: 3<br \/>\nItens Inclusoss: 1 varal de ch\u00e3o, 2 seca meias<br \/>\nDimens\u00f5es do produto (A x L x P): 88 x 162 x 56cm<\/span><\/p>\n","protected":false},"featured_media":26221,"template":"","meta":{"_joinchat":[]},"product_brand":[],"product_cat":[95],"product_tag":[],"class_list":{"0":"post-11292","1":"product","2":"type-product","3":"status-publish","4":"has-post-thumbnail","6":"product_cat-lavanderia","8":"first","9":"instock","10":"shipping-taxable","11":"purchasable","12":"product-type-simple"},"_links":{"self":[{"href":"https:\/\/www.multicasa.com.br\/inicio\/wp-json\/wp\/v2\/product\/11292","targetHints":{"allow":["GET"]}}],"collection":[{"href":"https:\/\/www.multicasa.com.br\/inicio\/wp-json\/wp\/v2\/product"}],"about":[{"href":"https:\/\/www.multicasa.com.br\/inicio\/wp-json\/wp\/v2\/types\/product"}],"wp:featuredmedia":[{"embeddable":true,"href":"https:\/\/www.multicasa.com.br\/inicio\/wp-json\/wp\/v2\/media\/26221"}],"wp:attachment":[{"href":"https:\/\/www.multicasa.com.br\/inicio\/wp-json\/wp\/v2\/media?parent=11292"}],"wp:term":[{"taxonomy":"product_brand","embeddable":true,"href":"https:\/\/www.multicasa.com.br\/inicio\/wp-json\/wp\/v2\/product_brand?post=11292"},{"taxonomy":"product_cat","embeddable":true,"href":"https:\/\/www.multicasa.com.br\/inicio\/wp-json\/wp\/v2\/product_cat?post=11292"},{"taxonomy":"product_tag","embeddable":true,"href":"https:\/\/www.multicasa.com.br\/inicio\/wp-json\/wp\/v2\/product_tag?post=11292"}],"curies":[{"name":"wp","href":"https:\/\/api.w.org\/{rel}","templated":true}]}}