{"id":11329,"date":"2025-06-20T18:05:40","date_gmt":"2025-06-20T22:05:40","guid":{"rendered":"https:\/\/www.multicasa.com.br\/inicio\/?post_type=product&#038;p=11329"},"modified":"2025-12-16T19:34:48","modified_gmt":"2025-12-16T23:34:48","slug":"porta-frios-de-inox-com-3-pecas-brinox","status":"publish","type":"product","link":"https:\/\/www.multicasa.com.br\/inicio\/produto\/porta-frios-de-inox-com-3-pecas-brinox\/","title":{"rendered":"Porta Frios de Inox com 3 Pe\u00e7as Brinox"},"content":{"rendered":"<p>O Porta Frios de Inox da Brinox \u00e9 composto por bandeja,pin\u00e7a de inox e tampa de acr\u00edlico transparente para servir e manipular os frios com higiene e eleg\u00e2ncia. Ideal para deixar sua mesa mais sofisticada e servir lanches para fam\u00edlia e amigos, \u00e9 feita de materiais altamente dur\u00e1veis que resistem por muito tempo e continuam atraentes. Seu uso \u00e9 indicado para o dia-a-dia e para quem busca estilo na hora de montar a mesa posta.<\/p>\n","protected":false},"excerpt":{"rendered":"<h4 style=\"margin: 0px;padding: 0px 0px 16px;font-family: Lato, sans-serif;font-weight: bold;line-height: 3rem;color: var(--dark-grey3);font-size: 22px;font-style: normal;letter-spacing: normal;text-align: start;text-indent: 0px;text-transform: none\">Informa\u00e7\u00f5es t\u00e9cnicas<\/h4>\n<p><span style=\"margin: 0px;padding: 0px;font-weight: 450;font-size: 14px;line-height: 21px;color: var(--dark-grey2);font-family: Lato, sans-serif;font-style: normal;letter-spacing: normal;text-align: start;text-indent: 0px;text-transform: none\">Produto: Porta frios<br \/>\nMarca: Brinox<br \/>\nMaterial: A\u00e7o Inox<br \/>\nAcr\u00edlico<br \/>\nCor: Incolor<br \/>\nCaracter\u00edstica: Design pr\u00e1tico<br \/>\nAltamente dur\u00e1vel<br \/>\nHigi\u00eanico e f\u00e1cil de limpar<br \/>\nTampa transparente e resistente<br \/>\nQuantidade de pe\u00e7as: 3<br \/>\nItens inclusos: 1 Porta frios<br \/>\n1 C\u00fapula de acr\u00edlico;<br \/>\n1 Pin\u00e7a<br \/>\nDimens\u00f5es do produto (L x P): 18,5 x 27cm<\/span><\/p>\n","protected":false},"featured_media":11379,"template":"","meta":{"_joinchat":[]},"product_brand":[],"product_cat":[138],"product_tag":[],"class_list":{"0":"post-11329","1":"product","2":"type-product","3":"status-publish","4":"has-post-thumbnail","6":"product_cat-telefones-e-cia","8":"first","9":"outofstock","10":"shipping-taxable","11":"product-type-simple"},"_links":{"self":[{"href":"https:\/\/www.multicasa.com.br\/inicio\/wp-json\/wp\/v2\/product\/11329","targetHints":{"allow":["GET"]}}],"collection":[{"href":"https:\/\/www.multicasa.com.br\/inicio\/wp-json\/wp\/v2\/product"}],"about":[{"href":"https:\/\/www.multicasa.com.br\/inicio\/wp-json\/wp\/v2\/types\/product"}],"wp:featuredmedia":[{"embeddable":true,"href":"https:\/\/www.multicasa.com.br\/inicio\/wp-json\/wp\/v2\/media\/11379"}],"wp:attachment":[{"href":"https:\/\/www.multicasa.com.br\/inicio\/wp-json\/wp\/v2\/media?parent=11329"}],"wp:term":[{"taxonomy":"product_brand","embeddable":true,"href":"https:\/\/www.multicasa.com.br\/inicio\/wp-json\/wp\/v2\/product_brand?post=11329"},{"taxonomy":"product_cat","embeddable":true,"href":"https:\/\/www.multicasa.com.br\/inicio\/wp-json\/wp\/v2\/product_cat?post=11329"},{"taxonomy":"product_tag","embeddable":true,"href":"https:\/\/www.multicasa.com.br\/inicio\/wp-json\/wp\/v2\/product_tag?post=11329"}],"curies":[{"name":"wp","href":"https:\/\/api.w.org\/{rel}","templated":true}]}}