{"id":11350,"date":"2025-06-20T18:06:03","date_gmt":"2025-06-20T22:06:03","guid":{"rendered":"https:\/\/www.multicasa.com.br\/inicio\/?post_type=product&#038;p=11350"},"modified":"2025-12-16T19:35:18","modified_gmt":"2025-12-16T23:35:18","slug":"inseticida-mata-formigas-em-gel-straik","status":"publish","type":"product","link":"https:\/\/www.multicasa.com.br\/inicio\/produto\/inseticida-mata-formigas-em-gel-straik\/","title":{"rendered":"Inseticida Mata Formigas em Gel Straik"},"content":{"rendered":"<p>O Inseticida Mata Formigas em Gel Straik \u00e9 uma isca desenvolvida espec\u00edficamente para o controle de formigas doceiras, muito comum nas \u00e1reas urbanas. Indicado para ser utilizado em casas, apartamentos, hospitais, hot\u00e9is, f\u00e1brica de alimentos e etc. O straik gel \u00e9 ingerido e transportado pelas formigas oper\u00e1rias e estas uma vez no ninho, repassam o produto para as outras, inclusive as rainhas, eliminando assim, toda a col\u00f4nia (formigueiro).<br \/>\nA elimina\u00e7\u00e3o das formigas ocorre de 1 a 3 dias ap\u00f3s a aplica\u00e7\u00e3o do produto, e permanece de 2 a 4 meses. O produto \u00e9 at\u00f3xico e seguro para humanos e animais.<br \/>\nPara utilizar, retire a tampa protetora do bico da seringa e pressione lentamente, depositando pequenos filetes de mais ou menos 3cm nos locais onde transitam as formigas. Ap\u00f3s 3 dias da aplica\u00e7\u00e3o, o produto que n\u00e3o foi consumido pode ser retirado dos locais onde foi aplicado.<\/p>\n","protected":false},"excerpt":{"rendered":"<h4 style=\"margin: 0px;padding: 0px 0px 16px;font-family: Lato, sans-serif;font-weight: bold;line-height: 3rem;color: var(--dark-grey3);font-size: 22px;font-style: normal;letter-spacing: normal;text-align: start;text-indent: 0px;text-transform: none\">Informa\u00e7\u00f5es t\u00e9cnicas<\/h4>\n<p><span style=\"margin: 0px;padding: 0px;font-weight: 450;font-size: 14px;line-height: 21px;color: var(--dark-grey2);font-family: Lato, sans-serif;font-style: normal;letter-spacing: normal;text-align: start;text-indent: 0px;text-transform: none\">Produto: Inseticida mata formigas<br \/>\nMarca: Straik<br \/>\nConte\u00fado: 10g<br \/>\nCaracter\u00edsticas: Produto em Gel<br \/>\nA elimina\u00e7\u00e3o ocorre de 1 a 3 dias ap\u00f3s a aplica\u00e7\u00e3o<br \/>\nA a\u00e7\u00e3o do straik gel permanece de 2 a 4 meses<br \/>\nAplicador em seringa<br \/>\nAt\u00f3xico<br \/>\nItens Inclusos: 1 Inseticida mata formigas<br \/>\n<\/span><\/p>\n","protected":false},"featured_media":11383,"template":"","meta":{"_joinchat":[]},"product_brand":[],"product_cat":[132],"product_tag":[],"class_list":{"0":"post-11350","1":"product","2":"type-product","3":"status-publish","4":"has-post-thumbnail","6":"product_cat-inseticidas","8":"first","9":"outofstock","10":"shipping-taxable","11":"product-type-simple"},"_links":{"self":[{"href":"https:\/\/www.multicasa.com.br\/inicio\/wp-json\/wp\/v2\/product\/11350","targetHints":{"allow":["GET"]}}],"collection":[{"href":"https:\/\/www.multicasa.com.br\/inicio\/wp-json\/wp\/v2\/product"}],"about":[{"href":"https:\/\/www.multicasa.com.br\/inicio\/wp-json\/wp\/v2\/types\/product"}],"wp:featuredmedia":[{"embeddable":true,"href":"https:\/\/www.multicasa.com.br\/inicio\/wp-json\/wp\/v2\/media\/11383"}],"wp:attachment":[{"href":"https:\/\/www.multicasa.com.br\/inicio\/wp-json\/wp\/v2\/media?parent=11350"}],"wp:term":[{"taxonomy":"product_brand","embeddable":true,"href":"https:\/\/www.multicasa.com.br\/inicio\/wp-json\/wp\/v2\/product_brand?post=11350"},{"taxonomy":"product_cat","embeddable":true,"href":"https:\/\/www.multicasa.com.br\/inicio\/wp-json\/wp\/v2\/product_cat?post=11350"},{"taxonomy":"product_tag","embeddable":true,"href":"https:\/\/www.multicasa.com.br\/inicio\/wp-json\/wp\/v2\/product_tag?post=11350"}],"curies":[{"name":"wp","href":"https:\/\/api.w.org\/{rel}","templated":true}]}}