{"id":11358,"date":"2025-06-20T18:06:04","date_gmt":"2025-06-20T22:06:04","guid":{"rendered":"https:\/\/www.multicasa.com.br\/inicio\/?post_type=product&#038;p=11358"},"modified":"2025-08-18T04:43:20","modified_gmt":"2025-08-18T08:43:20","slug":"varal-de-chao-pegasus-com-abas-em-aco-branco-secalux-96x142x57cm","status":"publish","type":"product","link":"https:\/\/www.multicasa.com.br\/inicio\/produto\/varal-de-chao-pegasus-com-abas-em-aco-branco-secalux-96x142x57cm\/","title":{"rendered":"Varal de Ch\u00e3o Pegasus Com Abas em A\u00e7o Branco Secalux 96x142x57cm"},"content":{"rendered":"<p>Com o Varal de Ch\u00e3o Pegasus Com Abas Secalux, produzido em a\u00e7o branco voc\u00ea tem a op\u00e7\u00e3o perfeita para secar e pendurar roupas em ambientes pequenos como apartamentos e pequenas lavanderias. Com 96 x 142 x 57cm e com capacidade para suporte de aproximadamente 6kg de roupa ou 9,4 metros. Design moderno, pr\u00e1tico e de f\u00e1cil manuseio.<\/p>\n","protected":false},"excerpt":{"rendered":"<h4 style=\"margin: 0px;padding: 0px 0px 16px;font-family: Lato, sans-serif;font-weight: bold;line-height: 3rem;color: var(--dark-grey3);font-size: 22px;font-style: normal;letter-spacing: normal;text-align: start;text-indent: 0px;text-transform: none\">Informa\u00e7\u00f5es t\u00e9cnicas<\/h4>\n<p><span style=\"margin: 0px;padding: 0px;font-weight: 450;font-size: 14px;line-height: 21px;color: var(--dark-grey2);font-family: Lato, sans-serif;font-style: normal;letter-spacing: normal;text-align: start;text-indent: 0px;text-transform: none\">Produto: Varal de ch\u00e3o<br \/>\nMarca: Secalux<br \/>\nMaterial: A\u00e7o<br \/>\nCor: Branco<br \/>\nCaracter\u00edsticas: Dobr\u00e1vel, equivale a 9,4 metros, suporta 6kg<br \/>\nItens Inclusoss: 1 varal de ch\u00e3o<br \/>\nDimens\u00f5es do produto (A x L x P): 96 x 142 x 57cm<\/span><\/p>\n","protected":false},"featured_media":11408,"template":"","meta":{"_joinchat":[]},"product_brand":[],"product_cat":[95],"product_tag":[],"class_list":{"0":"post-11358","1":"product","2":"type-product","3":"status-publish","4":"has-post-thumbnail","6":"product_cat-lavanderia","8":"first","9":"outofstock","10":"shipping-taxable","11":"purchasable","12":"product-type-simple"},"_links":{"self":[{"href":"https:\/\/www.multicasa.com.br\/inicio\/wp-json\/wp\/v2\/product\/11358","targetHints":{"allow":["GET"]}}],"collection":[{"href":"https:\/\/www.multicasa.com.br\/inicio\/wp-json\/wp\/v2\/product"}],"about":[{"href":"https:\/\/www.multicasa.com.br\/inicio\/wp-json\/wp\/v2\/types\/product"}],"wp:featuredmedia":[{"embeddable":true,"href":"https:\/\/www.multicasa.com.br\/inicio\/wp-json\/wp\/v2\/media\/11408"}],"wp:attachment":[{"href":"https:\/\/www.multicasa.com.br\/inicio\/wp-json\/wp\/v2\/media?parent=11358"}],"wp:term":[{"taxonomy":"product_brand","embeddable":true,"href":"https:\/\/www.multicasa.com.br\/inicio\/wp-json\/wp\/v2\/product_brand?post=11358"},{"taxonomy":"product_cat","embeddable":true,"href":"https:\/\/www.multicasa.com.br\/inicio\/wp-json\/wp\/v2\/product_cat?post=11358"},{"taxonomy":"product_tag","embeddable":true,"href":"https:\/\/www.multicasa.com.br\/inicio\/wp-json\/wp\/v2\/product_tag?post=11358"}],"curies":[{"name":"wp","href":"https:\/\/api.w.org\/{rel}","templated":true}]}}