{"id":11359,"date":"2025-06-20T18:06:04","date_gmt":"2025-06-20T22:06:04","guid":{"rendered":"https:\/\/www.multicasa.com.br\/inicio\/?post_type=product&#038;p=11359"},"modified":"2026-03-16T16:50:58","modified_gmt":"2026-03-16T20:50:58","slug":"rolo-adesivo-scotch-brite-21-folhas-3m","status":"publish","type":"product","link":"https:\/\/www.multicasa.com.br\/inicio\/produto\/rolo-adesivo-scotch-brite-21-folhas-3m\/","title":{"rendered":"Rolo Adesivo Scotch Brite 21 Folhas 3M"},"content":{"rendered":"<p>O Rolo Adesivo Scotch Brite da 3M garante sua roupa sempre nova, proporcionando praticidade e efici\u00eancia. Possui 21 folhas adesivas de alta performance de remo\u00e7\u00e3o de pelos, bolinhas e fiapos, tudo isso sem danificar o tecido. Com cabo ergon\u00f4mico preto reutiliz\u00e1vel, com possibilidade de troca de refil, voc\u00ea tem a op\u00e7\u00e3o econ\u00f4mica e \u00fatil para manter suas roupas sempre em ordem.<\/p>\n","protected":false},"excerpt":{"rendered":"<h4 style=\"margin: 0px;padding: 0px 0px 16px;font-family: Lato, sans-serif;font-weight: bold;line-height: 3rem;color: var(--dark-grey3);font-size: 22px;font-style: normal;letter-spacing: normal;text-align: start;text-indent: 0px;text-transform: none\">Informa\u00e7\u00f5es t\u00e9cnicas<\/h4>\n<p><span style=\"margin: 0px;padding: 0px;font-weight: 450;font-size: 14px;line-height: 21px;color: var(--dark-grey2);font-family: Lato, sans-serif;font-style: normal;letter-spacing: normal;text-align: start;text-indent: 0px;text-transform: none\">Produto: Rolo adesivo<br \/>\nMarca: 3M<br \/>\nMaterial: Filme de polipropileno<br \/>\nAdesivo de borracha<br \/>\nResina sint\u00e9tica<br \/>\nCabo polietileno de alta densidade e pigmento preto<br \/>\nCor: Preto e branco<br \/>\nUso indicado: Remover fios, pelos e p\u00f3 de tecidos<br \/>\nCaracter\u00edsticas: 21 folhas<br \/>\nItens Inclusos: 1 rolo adesivo<br \/>\nDimens\u00f5es do produto (A x L): 100mm x 3,1m<br \/>\n<\/span><\/p>\n","protected":false},"featured_media":11411,"template":"","meta":{"_joinchat":[]},"product_brand":[],"product_cat":[95],"product_tag":[],"class_list":{"0":"post-11359","1":"product","2":"type-product","3":"status-publish","4":"has-post-thumbnail","6":"product_cat-lavanderia","8":"first","9":"instock","10":"shipping-taxable","11":"purchasable","12":"product-type-simple"},"_links":{"self":[{"href":"https:\/\/www.multicasa.com.br\/inicio\/wp-json\/wp\/v2\/product\/11359","targetHints":{"allow":["GET"]}}],"collection":[{"href":"https:\/\/www.multicasa.com.br\/inicio\/wp-json\/wp\/v2\/product"}],"about":[{"href":"https:\/\/www.multicasa.com.br\/inicio\/wp-json\/wp\/v2\/types\/product"}],"wp:featuredmedia":[{"embeddable":true,"href":"https:\/\/www.multicasa.com.br\/inicio\/wp-json\/wp\/v2\/media\/11411"}],"wp:attachment":[{"href":"https:\/\/www.multicasa.com.br\/inicio\/wp-json\/wp\/v2\/media?parent=11359"}],"wp:term":[{"taxonomy":"product_brand","embeddable":true,"href":"https:\/\/www.multicasa.com.br\/inicio\/wp-json\/wp\/v2\/product_brand?post=11359"},{"taxonomy":"product_cat","embeddable":true,"href":"https:\/\/www.multicasa.com.br\/inicio\/wp-json\/wp\/v2\/product_cat?post=11359"},{"taxonomy":"product_tag","embeddable":true,"href":"https:\/\/www.multicasa.com.br\/inicio\/wp-json\/wp\/v2\/product_tag?post=11359"}],"curies":[{"name":"wp","href":"https:\/\/api.w.org\/{rel}","templated":true}]}}