{"id":11390,"date":"2025-06-20T18:06:29","date_gmt":"2025-06-20T22:06:29","guid":{"rendered":"https:\/\/www.multicasa.com.br\/inicio\/?post_type=product&#038;p=11390"},"modified":"2025-06-20T18:06:55","modified_gmt":"2025-06-20T22:06:55","slug":"mini-processador-de-alimentos-black-decker-hc31-120w-127v","status":"publish","type":"product","link":"https:\/\/www.multicasa.com.br\/inicio\/produto\/mini-processador-de-alimentos-black-decker-hc31-120w-127v\/","title":{"rendered":"Mini Processador de Alimentos Black + Decker HC31 120W &#8211; 127V"},"content":{"rendered":"<p>Com o Mini processador de alimentos Black + Decker modelo HC31 voc\u00ea ir\u00e1 preparar deliciosas refei\u00e7\u00f5es sem esfor\u00e7o e sem perda de tempo. Possui fun\u00e7\u00e3o pulsar e seu recipiente tem capacidade de 350ml, triturando diferentes alimentos em poucos minutos. Com pot\u00eancia de 120w e com cabo de alimenta\u00e7\u00e3o de 127v. Tenha mais praticidade na hora de preparar molhos, sopas e outras receitas.<\/p>\n","protected":false},"excerpt":{"rendered":"<h4 style=\"margin: 0px;padding: 0px 0px 16px;font-family: Lato, sans-serif;font-weight: bold;line-height: 3rem;color: var(--dark-grey3);font-size: 22px;font-style: normal;letter-spacing: normal;text-align: start;text-indent: 0px;text-transform: none\">Informa\u00e7\u00f5es t\u00e9cnicas<\/h4>\n<p><span style=\"margin: 0px;padding: 0px;font-weight: 450;font-size: 14px;line-height: 21px;color: var(--dark-grey2);font-family: Lato, sans-serif;font-style: normal;letter-spacing: normal;text-align: start;text-indent: 0px;text-transform: none\">Produto: Processador de Alimentos<br \/>\nTipo: El\u00e9trico<br \/>\nMarca: Black + Decker<br \/>\nModelo: HC31<br \/>\nMaterial: Pl\u00e1stico<br \/>\nCor: Branco<br \/>\nPot\u00eancia: 120w<br \/>\nTens\u00e3o el\u00e9trica: 127v<br \/>\nCapacidade: 350ml<br \/>\nCaracter\u00edsticas: Acess\u00f3rios podem ir no lava lou\u00e7as<br \/>\nItens Inclusos: 1 processador de alimentos<br \/>\nDimens\u00f5es do produto (A x L): 16 x 15cm<br \/>\nGarantia: 1 ano pelo fabricante<br \/>\nOCP: 0040<br \/>\n<\/span><\/p>\n","protected":false},"featured_media":11439,"template":"","meta":{"_joinchat":[]},"product_brand":[],"product_cat":[150],"product_tag":[],"class_list":{"0":"post-11390","1":"product","2":"type-product","3":"status-publish","4":"has-post-thumbnail","6":"product_cat-antenas-e-cia","8":"first","9":"outofstock","10":"shipping-taxable","11":"product-type-simple"},"_links":{"self":[{"href":"https:\/\/www.multicasa.com.br\/inicio\/wp-json\/wp\/v2\/product\/11390","targetHints":{"allow":["GET"]}}],"collection":[{"href":"https:\/\/www.multicasa.com.br\/inicio\/wp-json\/wp\/v2\/product"}],"about":[{"href":"https:\/\/www.multicasa.com.br\/inicio\/wp-json\/wp\/v2\/types\/product"}],"wp:featuredmedia":[{"embeddable":true,"href":"https:\/\/www.multicasa.com.br\/inicio\/wp-json\/wp\/v2\/media\/11439"}],"wp:attachment":[{"href":"https:\/\/www.multicasa.com.br\/inicio\/wp-json\/wp\/v2\/media?parent=11390"}],"wp:term":[{"taxonomy":"product_brand","embeddable":true,"href":"https:\/\/www.multicasa.com.br\/inicio\/wp-json\/wp\/v2\/product_brand?post=11390"},{"taxonomy":"product_cat","embeddable":true,"href":"https:\/\/www.multicasa.com.br\/inicio\/wp-json\/wp\/v2\/product_cat?post=11390"},{"taxonomy":"product_tag","embeddable":true,"href":"https:\/\/www.multicasa.com.br\/inicio\/wp-json\/wp\/v2\/product_tag?post=11390"}],"curies":[{"name":"wp","href":"https:\/\/api.w.org\/{rel}","templated":true}]}}