{"id":11395,"date":"2025-06-20T18:06:29","date_gmt":"2025-06-20T22:06:29","guid":{"rendered":"https:\/\/www.multicasa.com.br\/inicio\/?post_type=product&#038;p=11395"},"modified":"2025-08-17T19:18:39","modified_gmt":"2025-08-17T23:18:39","slug":"pilha-zinco-c-media-amarelinha-rayovac-2-unidades","status":"publish","type":"product","link":"https:\/\/www.multicasa.com.br\/inicio\/produto\/pilha-zinco-c-media-amarelinha-rayovac-2-unidades\/","title":{"rendered":"Pilha Zinco C M\u00e9dia Amarelinha Rayovac 2 Unidades"},"content":{"rendered":"<p>Pilha Zinco Rayovac tamanho C M\u00e9dia com 1,5v, a Amarelinha possui a tecnologia zinc-chloride, com mais energia do que as pilhas de zinco-carv\u00e3o comuns. \u00c9 a escolha certa para equipamentos que requerem descargas de energia leves e cont\u00ednuas, como controle remoto, rel\u00f3gio de parede, r\u00e1dio port\u00e1til e brinquedos. Sua f\u00f3rmula n\u00e3o cont\u00e9m merc\u00fario e c\u00e1dmio, ou seja, ap\u00f3s o uso, as pilhas podem ser descartadas em lixo dom\u00e9stico.<br \/>\nCartela com 2 pilhas.<\/p>\n","protected":false},"excerpt":{"rendered":"<h4 style=\"margin: 0px;padding: 0px 0px 16px;font-family: Lato, sans-serif;font-weight: bold;line-height: 3rem;color: var(--dark-grey3);font-size: 22px;font-style: normal;letter-spacing: normal;text-align: start;text-indent: 0px;text-transform: none\">Informa\u00e7\u00f5es t\u00e9cnicas<\/h4>\n<p><span style=\"margin: 0px;padding: 0px;font-weight: 450;font-size: 14px;line-height: 21px;color: var(--dark-grey2);font-family: Lato, sans-serif;font-style: normal;letter-spacing: normal;text-align: start;text-indent: 0px;text-transform: none\">Produto: Pilha<br \/>\nTipo: Zinco<br \/>\nMarca: Rayovac<br \/>\nTamanho: C m\u00e9dia<br \/>\nModelo: M\u00e9dia<br \/>\nVoltagem: 1,5v<br \/>\nCaracter\u00edsticas: Tecnologia Zinc-chloride<br \/>\nItens inclusos: 2 Pilhas<br \/>\n<\/span><\/p>\n","protected":false},"featured_media":11468,"template":"","meta":{"_joinchat":[]},"product_brand":[],"product_cat":[151],"product_tag":[],"class_list":{"0":"post-11395","1":"product","2":"type-product","3":"status-publish","4":"has-post-thumbnail","6":"product_cat-pilhas","8":"first","9":"outofstock","10":"shipping-taxable","11":"purchasable","12":"product-type-simple"},"_links":{"self":[{"href":"https:\/\/www.multicasa.com.br\/inicio\/wp-json\/wp\/v2\/product\/11395","targetHints":{"allow":["GET"]}}],"collection":[{"href":"https:\/\/www.multicasa.com.br\/inicio\/wp-json\/wp\/v2\/product"}],"about":[{"href":"https:\/\/www.multicasa.com.br\/inicio\/wp-json\/wp\/v2\/types\/product"}],"wp:featuredmedia":[{"embeddable":true,"href":"https:\/\/www.multicasa.com.br\/inicio\/wp-json\/wp\/v2\/media\/11468"}],"wp:attachment":[{"href":"https:\/\/www.multicasa.com.br\/inicio\/wp-json\/wp\/v2\/media?parent=11395"}],"wp:term":[{"taxonomy":"product_brand","embeddable":true,"href":"https:\/\/www.multicasa.com.br\/inicio\/wp-json\/wp\/v2\/product_brand?post=11395"},{"taxonomy":"product_cat","embeddable":true,"href":"https:\/\/www.multicasa.com.br\/inicio\/wp-json\/wp\/v2\/product_cat?post=11395"},{"taxonomy":"product_tag","embeddable":true,"href":"https:\/\/www.multicasa.com.br\/inicio\/wp-json\/wp\/v2\/product_tag?post=11395"}],"curies":[{"name":"wp","href":"https:\/\/api.w.org\/{rel}","templated":true}]}}