{"id":11396,"date":"2025-06-20T18:06:29","date_gmt":"2025-06-20T22:06:29","guid":{"rendered":"https:\/\/www.multicasa.com.br\/inicio\/?post_type=product&#038;p=11396"},"modified":"2025-06-20T18:07:21","modified_gmt":"2025-06-20T22:07:21","slug":"cesto-porta-shampoo-plastico-branco-com-ventosa-sao-bernardo","status":"publish","type":"product","link":"https:\/\/www.multicasa.com.br\/inicio\/produto\/cesto-porta-shampoo-plastico-branco-com-ventosa-sao-bernardo\/","title":{"rendered":"Cesto Porta Shampoo Pl\u00e1stico Branco com Ventosa S\u00e3o Bernardo"},"content":{"rendered":"<p>Organize seu banheiro usando o cesto porta-shampoo da S\u00e3o Bernardo. Feito de pl\u00e1stico branco, tem design ideal para ser instalado em qualquer espa\u00e7o do box. Possui ventosas para evitar os furos e traz praticidade, deixando todos os produtos que voc\u00ea usa sempre ao alcance da m\u00e3o. Mede 13 x 18, 5 x 9, 5 cm.<\/p>\n","protected":false},"excerpt":{"rendered":"<h4 style=\"margin: 0px;padding: 0px 0px 16px;font-family: Lato, sans-serif;font-weight: bold;line-height: 3rem;color: var(--dark-grey3);font-size: 22px;font-style: normal;letter-spacing: normal;text-align: start;text-indent: 0px;text-transform: none\">Informa\u00e7\u00f5es t\u00e9cnicas<\/h4>\n<p><span style=\"margin: 0px;padding: 0px;font-weight: 450;font-size: 14px;line-height: 21px;color: var(--dark-grey2);font-family: Lato, sans-serif;font-style: normal;letter-spacing: normal;text-align: start;text-indent: 0px;text-transform: none\">Produto: Cesto Porta shampoo<br \/>\nMarca: S\u00e3o Bernardo<br \/>\nMaterial: Pl\u00e1stico<br \/>\nCor: Branco<br \/>\nCaracter\u00edsticas: Fixa\u00e7\u00e3o por ventosas<br \/>\nItens inclusos: 1 Cesto Porta shampoo<br \/>\nDimens\u00f5es do produto (A X L X P): 18,5 x 13 x 9,5cm<br \/>\n<\/span><\/p>\n","protected":false},"featured_media":11469,"template":"","meta":{"_joinchat":[]},"product_brand":[],"product_cat":[69],"product_tag":[],"class_list":{"0":"post-11396","1":"product","2":"type-product","3":"status-publish","4":"has-post-thumbnail","6":"product_cat-acessorios-para-banheiro","8":"first","9":"outofstock","10":"shipping-taxable","11":"product-type-simple"},"_links":{"self":[{"href":"https:\/\/www.multicasa.com.br\/inicio\/wp-json\/wp\/v2\/product\/11396","targetHints":{"allow":["GET"]}}],"collection":[{"href":"https:\/\/www.multicasa.com.br\/inicio\/wp-json\/wp\/v2\/product"}],"about":[{"href":"https:\/\/www.multicasa.com.br\/inicio\/wp-json\/wp\/v2\/types\/product"}],"wp:featuredmedia":[{"embeddable":true,"href":"https:\/\/www.multicasa.com.br\/inicio\/wp-json\/wp\/v2\/media\/11469"}],"wp:attachment":[{"href":"https:\/\/www.multicasa.com.br\/inicio\/wp-json\/wp\/v2\/media?parent=11396"}],"wp:term":[{"taxonomy":"product_brand","embeddable":true,"href":"https:\/\/www.multicasa.com.br\/inicio\/wp-json\/wp\/v2\/product_brand?post=11396"},{"taxonomy":"product_cat","embeddable":true,"href":"https:\/\/www.multicasa.com.br\/inicio\/wp-json\/wp\/v2\/product_cat?post=11396"},{"taxonomy":"product_tag","embeddable":true,"href":"https:\/\/www.multicasa.com.br\/inicio\/wp-json\/wp\/v2\/product_tag?post=11396"}],"curies":[{"name":"wp","href":"https:\/\/api.w.org\/{rel}","templated":true}]}}