{"id":11402,"date":"2025-06-20T18:06:30","date_gmt":"2025-06-20T22:06:30","guid":{"rendered":"https:\/\/www.multicasa.com.br\/inicio\/?post_type=product&#038;p=11402"},"modified":"2026-04-09T16:01:13","modified_gmt":"2026-04-09T20:01:13","slug":"refil-para-filtro-de-agua-versatille-lorenzetti","status":"publish","type":"product","link":"https:\/\/www.multicasa.com.br\/inicio\/produto\/refil-para-filtro-de-agua-versatille-lorenzetti\/","title":{"rendered":"Refil para Filtro de \u00c1gua Versatille Lorenzetti"},"content":{"rendered":"<p>Pr\u00e1tico, o refil para filtro de \u00e1gua Versatille Lorenzetti remove part\u00edculas e reduz o cloro presente na \u00e1gua. F\u00e1cil de instalar, funciona em 3 etapas que filtram, deixando o l\u00edquido pronto para ser ingerido. Feito de termopl\u00e1sticos, elast\u00f4meros e minerais, tem vaz\u00e3o nominal de 25 litros\/hora; press\u00e3o de funcionamento de 20 a 400 KPA e temperatura de opera\u00e7\u00e3o que varia entre 3 e 40\u00b0C.<\/p>\n","protected":false},"excerpt":{"rendered":"<h4 style=\"margin: 0px;padding: 0px 0px 16px;font-family: Lato, sans-serif;font-weight: bold;line-height: 3rem;color: var(--dark-grey3);font-size: 22px;font-style: normal;letter-spacing: normal;text-align: start;text-indent: 0px;text-transform: none\">Informa\u00e7\u00f5es t\u00e9cnicas<\/h4>\n<p><span style=\"margin: 0px;padding: 0px;font-weight: 450;font-size: 14px;line-height: 21px;color: var(--dark-grey2);font-family: Lato, sans-serif;font-style: normal;letter-spacing: normal;text-align: start;text-indent: 0px;text-transform: none\">Produto: Refil para Filtro de \u00c1gua<br \/>\nMarca: Lorenzetti<br \/>\nModelo: RT-01<br \/>\nMaterial: Termopl\u00e1stico<br \/>\nElastomeros<br \/>\nMinerais<br \/>\nCarv\u00e3o ativado<br \/>\nCor: Preto<br \/>\nCaracter\u00edsticas: Vida \u00fatil do filtro 6 meses ou 1000L<br \/>\nPossui reten\u00e7\u00e3o de part\u00edculas classe E (P5)<br \/>\nRedu\u00e7\u00e3o de cloro livre aprovado<br \/>\nVaz\u00e3o nominal de 25L\/H<br \/>\nPress\u00e3o de funcionamento 20 a 400 KPA<br \/>\nTemperatura de opera\u00e7\u00e3o 3\u00b0c a 40\u00b0 c<br \/>\nItens Inclusos: 1 Refil para filtro de \u00e1gua<br \/>\nDimens\u00f5es do produto (L X P): 18,5 x 13cm<br \/>\n<\/span><\/p>\n","protected":false},"featured_media":11480,"template":"","meta":{"_joinchat":[]},"product_brand":[],"product_cat":[74],"product_tag":[],"class_list":{"0":"post-11402","1":"product","2":"type-product","3":"status-publish","4":"has-post-thumbnail","6":"product_cat-reparos-hidraulicos","8":"first","9":"instock","10":"shipping-taxable","11":"purchasable","12":"product-type-simple"},"_links":{"self":[{"href":"https:\/\/www.multicasa.com.br\/inicio\/wp-json\/wp\/v2\/product\/11402","targetHints":{"allow":["GET"]}}],"collection":[{"href":"https:\/\/www.multicasa.com.br\/inicio\/wp-json\/wp\/v2\/product"}],"about":[{"href":"https:\/\/www.multicasa.com.br\/inicio\/wp-json\/wp\/v2\/types\/product"}],"wp:featuredmedia":[{"embeddable":true,"href":"https:\/\/www.multicasa.com.br\/inicio\/wp-json\/wp\/v2\/media\/11480"}],"wp:attachment":[{"href":"https:\/\/www.multicasa.com.br\/inicio\/wp-json\/wp\/v2\/media?parent=11402"}],"wp:term":[{"taxonomy":"product_brand","embeddable":true,"href":"https:\/\/www.multicasa.com.br\/inicio\/wp-json\/wp\/v2\/product_brand?post=11402"},{"taxonomy":"product_cat","embeddable":true,"href":"https:\/\/www.multicasa.com.br\/inicio\/wp-json\/wp\/v2\/product_cat?post=11402"},{"taxonomy":"product_tag","embeddable":true,"href":"https:\/\/www.multicasa.com.br\/inicio\/wp-json\/wp\/v2\/product_tag?post=11402"}],"curies":[{"name":"wp","href":"https:\/\/api.w.org\/{rel}","templated":true}]}}