{"id":11403,"date":"2025-06-20T18:06:30","date_gmt":"2025-06-20T22:06:30","guid":{"rendered":"https:\/\/www.multicasa.com.br\/inicio\/?post_type=product&#038;p=11403"},"modified":"2025-06-20T18:07:30","modified_gmt":"2025-06-20T22:07:30","slug":"escova-de-limpeza-para-mamadeira-copo-sandia","status":"publish","type":"product","link":"https:\/\/www.multicasa.com.br\/inicio\/produto\/escova-de-limpeza-para-mamadeira-copo-sandia\/","title":{"rendered":"Escova de Limpeza para Mamadeira\/Copo Sandia"},"content":{"rendered":"<p>Use a Escova de Limpeza para Mamadeira\/Copo da Sandia para remover res\u00edduos de leite e outros l\u00edquidos que grudam nas bordas e cantos arredondados. Seu design anat\u00f4mico ajuda a promover a limpeza ideal que o utens\u00edlios precisam, prolongando a higiene e durabilidade. Pode ser utilizada em bicos, copos e outros acess\u00f3rios da alimenta\u00e7\u00e3o do seu beb\u00ea.<\/p>\n","protected":false},"excerpt":{"rendered":"<h4 style=\"margin: 0px;padding: 0px 0px 16px;font-family: Lato, sans-serif;font-weight: bold;line-height: 3rem;color: var(--dark-grey3);font-size: 22px;font-style: normal;letter-spacing: normal;text-align: start;text-indent: 0px;text-transform: none\">Informa\u00e7\u00f5es t\u00e9cnicas<\/h4>\n<p><span style=\"margin: 0px;padding: 0px;font-weight: 450;font-size: 14px;line-height: 21px;color: var(--dark-grey2);font-family: Lato, sans-serif;font-style: normal;letter-spacing: normal;text-align: start;text-indent: 0px;text-transform: none\">Produto: Escova de Limpeza para Mamadeira<br \/>\nMarca: Sandia<br \/>\nMaterial: Pl\u00e1stico<br \/>\nA\u00e7o<br \/>\nNylon<br \/>\nCor: Branco<br \/>\nItens Inclusos: 1 Escova de limpeza para mamadeira<br \/>\nDimens\u00f5es do produto (A X L X P): 6,5 x 27,5 x 6,5cm<br \/>\n<\/span><\/p>\n","protected":false},"featured_media":11481,"template":"","meta":{"_joinchat":[]},"product_brand":[],"product_cat":[138],"product_tag":[],"class_list":{"0":"post-11403","1":"product","2":"type-product","3":"status-publish","4":"has-post-thumbnail","6":"product_cat-telefones-e-cia","8":"first","9":"outofstock","10":"shipping-taxable","11":"product-type-simple"},"_links":{"self":[{"href":"https:\/\/www.multicasa.com.br\/inicio\/wp-json\/wp\/v2\/product\/11403","targetHints":{"allow":["GET"]}}],"collection":[{"href":"https:\/\/www.multicasa.com.br\/inicio\/wp-json\/wp\/v2\/product"}],"about":[{"href":"https:\/\/www.multicasa.com.br\/inicio\/wp-json\/wp\/v2\/types\/product"}],"wp:featuredmedia":[{"embeddable":true,"href":"https:\/\/www.multicasa.com.br\/inicio\/wp-json\/wp\/v2\/media\/11481"}],"wp:attachment":[{"href":"https:\/\/www.multicasa.com.br\/inicio\/wp-json\/wp\/v2\/media?parent=11403"}],"wp:term":[{"taxonomy":"product_brand","embeddable":true,"href":"https:\/\/www.multicasa.com.br\/inicio\/wp-json\/wp\/v2\/product_brand?post=11403"},{"taxonomy":"product_cat","embeddable":true,"href":"https:\/\/www.multicasa.com.br\/inicio\/wp-json\/wp\/v2\/product_cat?post=11403"},{"taxonomy":"product_tag","embeddable":true,"href":"https:\/\/www.multicasa.com.br\/inicio\/wp-json\/wp\/v2\/product_tag?post=11403"}],"curies":[{"name":"wp","href":"https:\/\/api.w.org\/{rel}","templated":true}]}}