{"id":11427,"date":"2025-06-20T18:06:51","date_gmt":"2025-06-20T22:06:51","guid":{"rendered":"https:\/\/www.multicasa.com.br\/inicio\/?post_type=product&#038;p=11427"},"modified":"2025-12-16T19:38:34","modified_gmt":"2025-12-16T23:38:34","slug":"peneira-em-inox-mimo-14cm","status":"publish","type":"product","link":"https:\/\/www.multicasa.com.br\/inicio\/produto\/peneira-em-inox-mimo-14cm\/","title":{"rendered":"Peneira em Inox Mimo 14cm"},"content":{"rendered":"<p>A Peneira de Inox Mimo \u00e9 f\u00e1cil de usar e de limpar, sendo perfeita para auxiliar no preparo das suas receitas favoritas. Feita em a\u00e7o inoxid\u00e1vel, \u00e9 um utens\u00edlio altamente dur\u00e1vel, com trama fechada e maior espessura na tela sendo ideal para coar e peneirar. Al\u00e9m disso, tem gancho lateral que permite apoiar a peneira sobre um bowl ou tigela enquanto a \u00e1gua escorre. Com 14cm, seu formato de cabo permite que seja pendurado com muita facilidade. Indicada n\u00e3o apenas para peneirar, mas tamb\u00e9m para auxiliar no preparo de receitas como compotas porque ret\u00e9m com efici\u00eancia sementes e cascas.<\/p>\n","protected":false},"excerpt":{"rendered":"<h4 style=\"margin: 0px;padding: 0px 0px 16px;font-family: Lato, sans-serif;font-weight: bold;line-height: 3rem;color: var(--dark-grey3);font-size: 22px;font-style: normal;letter-spacing: normal;text-align: start;text-indent: 0px;text-transform: none\">Informa\u00e7\u00f5es t\u00e9cnicas<\/h4>\n<p><span style=\"margin: 0px;padding: 0px;font-weight: 450;font-size: 14px;line-height: 21px;color: var(--dark-grey2);font-family: Lato, sans-serif;font-style: normal;letter-spacing: normal;text-align: start;text-indent: 0px;text-transform: none\">Produto: Peneira Inox<br \/>\nMarca: Mimo<br \/>\nMaterial: A\u00e7o inox<br \/>\nCor: Prata<br \/>\nItens Inclusos: 1 Peneira em inox<br \/>\nDimens\u00f5es do produto (A x P) 6 x 30cm; 14cm de di\u00e2metro<\/span><\/p>\n","protected":false},"featured_media":11501,"template":"","meta":{"_joinchat":[]},"product_brand":[],"product_cat":[138],"product_tag":[],"class_list":{"0":"post-11427","1":"product","2":"type-product","3":"status-publish","4":"has-post-thumbnail","6":"product_cat-telefones-e-cia","8":"first","9":"outofstock","10":"shipping-taxable","11":"purchasable","12":"product-type-simple"},"_links":{"self":[{"href":"https:\/\/www.multicasa.com.br\/inicio\/wp-json\/wp\/v2\/product\/11427","targetHints":{"allow":["GET"]}}],"collection":[{"href":"https:\/\/www.multicasa.com.br\/inicio\/wp-json\/wp\/v2\/product"}],"about":[{"href":"https:\/\/www.multicasa.com.br\/inicio\/wp-json\/wp\/v2\/types\/product"}],"wp:featuredmedia":[{"embeddable":true,"href":"https:\/\/www.multicasa.com.br\/inicio\/wp-json\/wp\/v2\/media\/11501"}],"wp:attachment":[{"href":"https:\/\/www.multicasa.com.br\/inicio\/wp-json\/wp\/v2\/media?parent=11427"}],"wp:term":[{"taxonomy":"product_brand","embeddable":true,"href":"https:\/\/www.multicasa.com.br\/inicio\/wp-json\/wp\/v2\/product_brand?post=11427"},{"taxonomy":"product_cat","embeddable":true,"href":"https:\/\/www.multicasa.com.br\/inicio\/wp-json\/wp\/v2\/product_cat?post=11427"},{"taxonomy":"product_tag","embeddable":true,"href":"https:\/\/www.multicasa.com.br\/inicio\/wp-json\/wp\/v2\/product_tag?post=11427"}],"curies":[{"name":"wp","href":"https:\/\/api.w.org\/{rel}","templated":true}]}}