{"id":11432,"date":"2025-06-20T18:06:51","date_gmt":"2025-06-20T22:06:51","guid":{"rendered":"https:\/\/www.multicasa.com.br\/inicio\/?post_type=product&#038;p=11432"},"modified":"2026-03-26T10:50:44","modified_gmt":"2026-03-26T14:50:44","slug":"porta-shampoo-de-canto-duplo-cromado-arthi","status":"publish","type":"product","link":"https:\/\/www.multicasa.com.br\/inicio\/produto\/porta-shampoo-de-canto-duplo-cromado-arthi\/","title":{"rendered":"Porta Shampoo de Canto Duplo Cromado Arthi"},"content":{"rendered":"<p>O Porta Shampoo de Canto Duplo Arthi \u00e9 perfeito para organizar seu banheiro. Produzido em a\u00e7o cromado aramado, com fixa\u00e7\u00e3o por ventosas dispensando o uso de furadeiras ou pregos. Perfeito para otimizar espa\u00e7o e armazenar o shampoo, condicionador e outros itens de higiene.<\/p>\n","protected":false},"excerpt":{"rendered":"<h4 style=\"margin: 0px;padding: 0px 0px 16px;font-family: Lato, sans-serif;font-weight: bold;line-height: 3rem;color: var(--dark-grey3);font-size: 22px;font-style: normal;letter-spacing: normal;text-align: start;text-indent: 0px;text-transform: none\">Informa\u00e7\u00f5es t\u00e9cnicas<\/h4>\n<p><span style=\"margin: 0px;padding: 0px;font-weight: 450;font-size: 14px;line-height: 21px;color: var(--dark-grey2);font-family: Lato, sans-serif;font-style: normal;letter-spacing: normal;text-align: start;text-indent: 0px;text-transform: none\">Produto: Porta shampoo<br \/>\nMarca: Arthi<br \/>\nMaterial: A\u00e7o cromado<br \/>\nCor: Prata<br \/>\nCaracter\u00edsticas: Fixa\u00e7\u00e3o por ventosas<br \/>\n2 n\u00edveis de prateleiras<br \/>\nItens inclusos: 1 porta shampoo<br \/>\nDimens\u00f5es do produto (A x L x P): 28 x 27 x 28cm<\/span><\/p>\n","protected":false},"featured_media":11506,"template":"","meta":{"_joinchat":[]},"product_brand":[],"product_cat":[69],"product_tag":[],"class_list":{"0":"post-11432","1":"product","2":"type-product","3":"status-publish","4":"has-post-thumbnail","6":"product_cat-acessorios-para-banheiro","8":"first","9":"instock","10":"shipping-taxable","11":"purchasable","12":"product-type-simple"},"_links":{"self":[{"href":"https:\/\/www.multicasa.com.br\/inicio\/wp-json\/wp\/v2\/product\/11432","targetHints":{"allow":["GET"]}}],"collection":[{"href":"https:\/\/www.multicasa.com.br\/inicio\/wp-json\/wp\/v2\/product"}],"about":[{"href":"https:\/\/www.multicasa.com.br\/inicio\/wp-json\/wp\/v2\/types\/product"}],"wp:featuredmedia":[{"embeddable":true,"href":"https:\/\/www.multicasa.com.br\/inicio\/wp-json\/wp\/v2\/media\/11506"}],"wp:attachment":[{"href":"https:\/\/www.multicasa.com.br\/inicio\/wp-json\/wp\/v2\/media?parent=11432"}],"wp:term":[{"taxonomy":"product_brand","embeddable":true,"href":"https:\/\/www.multicasa.com.br\/inicio\/wp-json\/wp\/v2\/product_brand?post=11432"},{"taxonomy":"product_cat","embeddable":true,"href":"https:\/\/www.multicasa.com.br\/inicio\/wp-json\/wp\/v2\/product_cat?post=11432"},{"taxonomy":"product_tag","embeddable":true,"href":"https:\/\/www.multicasa.com.br\/inicio\/wp-json\/wp\/v2\/product_tag?post=11432"}],"curies":[{"name":"wp","href":"https:\/\/api.w.org\/{rel}","templated":true}]}}