{"id":11435,"date":"2025-06-20T18:06:52","date_gmt":"2025-06-20T22:06:52","guid":{"rendered":"https:\/\/www.multicasa.com.br\/inicio\/?post_type=product&#038;p=11435"},"modified":"2025-12-19T14:20:13","modified_gmt":"2025-12-19T18:20:13","slug":"porta-shampoo-duplo-para-box-aco-cromado-arthi","status":"publish","type":"product","link":"https:\/\/www.multicasa.com.br\/inicio\/produto\/porta-shampoo-duplo-para-box-aco-cromado-arthi\/","title":{"rendered":"Porta Shampoo Duplo para Box A\u00e7o Cromado Arthi"},"content":{"rendered":"<p>Porta Shampoo Arthi Duplo para Box (que se adapta bem ao modelo do box), \u00e9 ideal para armazenamento dos produtos de higiene pessoal, como shampoo e condicionador, al\u00e9m de possuir ganchos para pendurar as toalhas. Produzido em a\u00e7o com acabamento cromado altamento dur\u00e1vel.<br \/>\nSuporte com alta resist\u00eancia e que confere sofistica\u00e7\u00e3o e praticidade ao banheiro, garantindo tudo \u00e0 m\u00e3o na hora do banho.<\/p>\n","protected":false},"excerpt":{"rendered":"<h4 style=\"margin: 0px;padding: 0px 0px 16px;font-family: Lato, sans-serif;font-weight: bold;line-height: 3rem;color: var(--dark-grey3);font-size: 22px;font-style: normal;letter-spacing: normal;text-align: start;text-indent: 0px;text-transform: none\">Informa\u00e7\u00f5es t\u00e9cnicas<\/h4>\n<p><span style=\"margin: 0px;padding: 0px;font-weight: 450;font-size: 14px;line-height: 21px;color: var(--dark-grey2);font-family: Lato, sans-serif;font-style: normal;letter-spacing: normal;text-align: start;text-indent: 0px;text-transform: none\">Produto: Porta shampoo<br \/>\nMarca: Arthi<br \/>\nMaterial: A\u00e7o<br \/>\nCor: Prata<br \/>\nCaracter\u00edsticas: Sem necessidade do uso de parafusos<br \/>\nItens inclusos: 1 Porta shampoo<br \/>\nDimens\u00f5es do produto (A X L x P): 50,9 x 26,1 x 20,7cm<br \/>\n<\/span><\/p>\n","protected":false},"featured_media":25788,"template":"","meta":{"_joinchat":[]},"product_brand":[],"product_cat":[69],"product_tag":[],"class_list":{"0":"post-11435","1":"product","2":"type-product","3":"status-publish","4":"has-post-thumbnail","6":"product_cat-acessorios-para-banheiro","8":"first","9":"outofstock","10":"shipping-taxable","11":"purchasable","12":"product-type-simple"},"_links":{"self":[{"href":"https:\/\/www.multicasa.com.br\/inicio\/wp-json\/wp\/v2\/product\/11435","targetHints":{"allow":["GET"]}}],"collection":[{"href":"https:\/\/www.multicasa.com.br\/inicio\/wp-json\/wp\/v2\/product"}],"about":[{"href":"https:\/\/www.multicasa.com.br\/inicio\/wp-json\/wp\/v2\/types\/product"}],"wp:featuredmedia":[{"embeddable":true,"href":"https:\/\/www.multicasa.com.br\/inicio\/wp-json\/wp\/v2\/media\/25788"}],"wp:attachment":[{"href":"https:\/\/www.multicasa.com.br\/inicio\/wp-json\/wp\/v2\/media?parent=11435"}],"wp:term":[{"taxonomy":"product_brand","embeddable":true,"href":"https:\/\/www.multicasa.com.br\/inicio\/wp-json\/wp\/v2\/product_brand?post=11435"},{"taxonomy":"product_cat","embeddable":true,"href":"https:\/\/www.multicasa.com.br\/inicio\/wp-json\/wp\/v2\/product_cat?post=11435"},{"taxonomy":"product_tag","embeddable":true,"href":"https:\/\/www.multicasa.com.br\/inicio\/wp-json\/wp\/v2\/product_tag?post=11435"}],"curies":[{"name":"wp","href":"https:\/\/api.w.org\/{rel}","templated":true}]}}