{"id":11465,"date":"2025-06-20T18:07:16","date_gmt":"2025-06-20T22:07:16","guid":{"rendered":"https:\/\/www.multicasa.com.br\/inicio\/?post_type=product&#038;p=11465"},"modified":"2025-08-18T04:53:23","modified_gmt":"2025-08-18T08:53:23","slug":"esfregao-mop-com-esponja-abrasiva-esfrebom-bettanin","status":"publish","type":"product","link":"https:\/\/www.multicasa.com.br\/inicio\/produto\/esfregao-mop-com-esponja-abrasiva-esfrebom-bettanin\/","title":{"rendered":"Esfreg\u00e3o Mop com Esponja Abrasiva Esfrebom Bettanin"},"content":{"rendered":"<p>Use o Esfreg\u00e3o Mop com Esponja Abrasiva da Esfrebom Bettanin para limpar e esfregar pisos frios, azulejos e piscinas sem precisar de rodo e pano de ch\u00e3o. Sua espuma de poliuretano e a manta de fibras sint\u00e9ticas com abrasiva resiste \u00e0 alvejantes proporciona limpeza imediata quando utilizada. Seu uso \u00e9 indicado para produtos que n\u00e3o precisam ser dilu\u00eddos. Possui refil.<\/p>\n","protected":false},"excerpt":{"rendered":"<h4 style=\"margin: 0px;padding: 0px 0px 16px;font-family: Lato, sans-serif;font-weight: bold;line-height: 3rem;color: var(--dark-grey3);font-size: 22px;font-style: normal;letter-spacing: normal;text-align: start;text-indent: 0px;text-transform: none\">Informa\u00e7\u00f5es t\u00e9cnicas<\/h4>\n<p><span style=\"margin: 0px;padding: 0px;font-weight: 450;font-size: 14px;line-height: 21px;color: var(--dark-grey2);font-family: Lato, sans-serif;font-style: normal;letter-spacing: normal;text-align: start;text-indent: 0px;text-transform: none\">Produto: Mop Esfreg\u00e3o<br \/>\nMarca: Bettanin<br \/>\nMaterial: Poliuretano<br \/>\nFibras sint\u00e9ticas<br \/>\nCor: Verde e Cinza<br \/>\nCaracter\u00edsticas: Acompanha Refil<br \/>\nResistente \u00e0 alvejantes<br \/>\nItens Inclusos: 1 mop<br \/>\nDimens\u00f5es do produto (A x L x P): 5 x 35 x 15,5cm<br \/>\n<\/span><\/p>\n","protected":false},"featured_media":11516,"template":"","meta":{"_joinchat":[]},"product_brand":[],"product_cat":[96],"product_tag":[],"class_list":{"0":"post-11465","1":"product","2":"type-product","3":"status-publish","4":"has-post-thumbnail","6":"product_cat-limpeza-e-cia","8":"first","9":"instock","10":"shipping-taxable","11":"purchasable","12":"product-type-simple"},"_links":{"self":[{"href":"https:\/\/www.multicasa.com.br\/inicio\/wp-json\/wp\/v2\/product\/11465","targetHints":{"allow":["GET"]}}],"collection":[{"href":"https:\/\/www.multicasa.com.br\/inicio\/wp-json\/wp\/v2\/product"}],"about":[{"href":"https:\/\/www.multicasa.com.br\/inicio\/wp-json\/wp\/v2\/types\/product"}],"wp:featuredmedia":[{"embeddable":true,"href":"https:\/\/www.multicasa.com.br\/inicio\/wp-json\/wp\/v2\/media\/11516"}],"wp:attachment":[{"href":"https:\/\/www.multicasa.com.br\/inicio\/wp-json\/wp\/v2\/media?parent=11465"}],"wp:term":[{"taxonomy":"product_brand","embeddable":true,"href":"https:\/\/www.multicasa.com.br\/inicio\/wp-json\/wp\/v2\/product_brand?post=11465"},{"taxonomy":"product_cat","embeddable":true,"href":"https:\/\/www.multicasa.com.br\/inicio\/wp-json\/wp\/v2\/product_cat?post=11465"},{"taxonomy":"product_tag","embeddable":true,"href":"https:\/\/www.multicasa.com.br\/inicio\/wp-json\/wp\/v2\/product_tag?post=11465"}],"curies":[{"name":"wp","href":"https:\/\/api.w.org\/{rel}","templated":true}]}}