{"id":11488,"date":"2025-06-20T18:07:38","date_gmt":"2025-06-20T22:07:38","guid":{"rendered":"https:\/\/www.multicasa.com.br\/inicio\/?post_type=product&#038;p=11488"},"modified":"2025-06-20T18:08:04","modified_gmt":"2025-06-20T22:08:04","slug":"esponja-magica-scotch-brite-3m","status":"publish","type":"product","link":"https:\/\/www.multicasa.com.br\/inicio\/produto\/esponja-magica-scotch-brite-3m\/","title":{"rendered":"Esponja M\u00e1gica Scotch Brite 3M"},"content":{"rendered":"<p>Use a Esponja M\u00e1gica Scotch Brite da 3M para limpar sujeiras dif\u00edceis de serem removidas como manchas em vidros e espelhos, res\u00edduos de sab\u00e3o em azulejos, marcas de m\u00e3os em paredes e etc. \u00c9 ideal para que voc\u00ea n\u00e3o precise esfregar as manchas e remova-as com facilidade.<\/p>\n","protected":false},"excerpt":{"rendered":"<h4 style=\"margin: 0px;padding: 0px 0px 16px;font-family: Lato, sans-serif;font-weight: bold;line-height: 3rem;color: var(--dark-grey3);font-size: 22px;font-style: normal;letter-spacing: normal;text-align: start;text-indent: 0px;text-transform: none\">Informa\u00e7\u00f5es t\u00e9cnicas<\/h4>\n<p><span style=\"margin: 0px;padding: 0px;font-weight: 450;font-size: 14px;line-height: 21px;color: var(--dark-grey2);font-family: Lato, sans-serif;font-style: normal;letter-spacing: normal;text-align: start;text-indent: 0px;text-transform: none\">Produto: Esponja M\u00e1gica<br \/>\nMarca: 3M<br \/>\nMaterial: Espuma<br \/>\nCor: Azul<br \/>\nCaracter\u00edstica: Remove riscos de giz de cera, l\u00e1pis de cor, pincel anat\u00f4mico<br \/>\nRemove marcas de m\u00e3o na parede<br \/>\nRemove riscos nas superf\u00edcies de madeiras, pl\u00e1sticos e metais<br \/>\nItens Inclusos: 1 Esponja M\u00e1gica<br \/>\nDimens\u00f5es do produto (A x L x P): 13,5 x 7,5 x 3cm<br \/>\n<\/span><\/p>\n","protected":false},"featured_media":11537,"template":"","meta":{"_joinchat":[]},"product_brand":[],"product_cat":[96],"product_tag":[],"class_list":{"0":"post-11488","1":"product","2":"type-product","3":"status-publish","4":"has-post-thumbnail","6":"product_cat-limpeza-e-cia","8":"first","9":"outofstock","10":"shipping-taxable","11":"product-type-simple"},"_links":{"self":[{"href":"https:\/\/www.multicasa.com.br\/inicio\/wp-json\/wp\/v2\/product\/11488","targetHints":{"allow":["GET"]}}],"collection":[{"href":"https:\/\/www.multicasa.com.br\/inicio\/wp-json\/wp\/v2\/product"}],"about":[{"href":"https:\/\/www.multicasa.com.br\/inicio\/wp-json\/wp\/v2\/types\/product"}],"wp:featuredmedia":[{"embeddable":true,"href":"https:\/\/www.multicasa.com.br\/inicio\/wp-json\/wp\/v2\/media\/11537"}],"wp:attachment":[{"href":"https:\/\/www.multicasa.com.br\/inicio\/wp-json\/wp\/v2\/media?parent=11488"}],"wp:term":[{"taxonomy":"product_brand","embeddable":true,"href":"https:\/\/www.multicasa.com.br\/inicio\/wp-json\/wp\/v2\/product_brand?post=11488"},{"taxonomy":"product_cat","embeddable":true,"href":"https:\/\/www.multicasa.com.br\/inicio\/wp-json\/wp\/v2\/product_cat?post=11488"},{"taxonomy":"product_tag","embeddable":true,"href":"https:\/\/www.multicasa.com.br\/inicio\/wp-json\/wp\/v2\/product_tag?post=11488"}],"curies":[{"name":"wp","href":"https:\/\/api.w.org\/{rel}","templated":true}]}}