{"id":11489,"date":"2025-06-20T18:07:38","date_gmt":"2025-06-20T22:07:38","guid":{"rendered":"https:\/\/www.multicasa.com.br\/inicio\/?post_type=product&#038;p=11489"},"modified":"2025-06-20T18:08:05","modified_gmt":"2025-06-20T22:08:05","slug":"porta-guarda-chuva-em-inox-brinox","status":"publish","type":"product","link":"https:\/\/www.multicasa.com.br\/inicio\/produto\/porta-guarda-chuva-em-inox-brinox\/","title":{"rendered":"Porta Guarda Chuva em Inox Brinox"},"content":{"rendered":"<p>O Porta Guarda Chuva Brinox evita que o piso seja danificado pela umidade, armazenando guarda chuvas com muita efici\u00eancia e eleg\u00e2ncia. Produzido em a\u00e7o inoxid\u00e1vel e pl\u00e1stico, \u00e9 resistente e f\u00e1cil de limpar. Com aproximadamente 43cm de altura e 20cm de largura, o suporte para guarda chuva \u00e9 ideal para ser usado em escrit\u00f3rio, com\u00e9rcios, recep\u00e7\u00f5es e outros.<\/p>\n","protected":false},"excerpt":{"rendered":"<h4 style=\"margin: 0px;padding: 0px 0px 16px;font-family: Lato, sans-serif;font-weight: bold;line-height: 3rem;color: var(--dark-grey3);font-size: 22px;font-style: normal;letter-spacing: normal;text-align: start;text-indent: 0px;text-transform: none\">Informa\u00e7\u00f5es t\u00e9cnicas<\/h4>\n<p><span style=\"margin: 0px;padding: 0px;font-weight: 450;font-size: 14px;line-height: 21px;color: var(--dark-grey2);font-family: Lato, sans-serif;font-style: normal;letter-spacing: normal;text-align: start;text-indent: 0px;text-transform: none\">Produto: Porta guarda-chuva<br \/>\nMarca: Brinox<br \/>\nMaterial: A\u00e7o Inox<br \/>\nPl\u00e1stico<br \/>\nCor: Prata e preto<br \/>\nCaracter\u00edsticas: Evita que o piso seja danificado pela umidade<br \/>\nItens Inclusos: 1 Porta guarda-chuva<br \/>\nDimens\u00f5es (A X L X P): 43 x 20 x 20cm<br \/>\n<\/span><\/p>\n","protected":false},"featured_media":11539,"template":"","meta":{"_joinchat":[]},"product_brand":[],"product_cat":[136],"product_tag":[],"class_list":{"0":"post-11489","1":"product","2":"type-product","3":"status-publish","4":"has-post-thumbnail","6":"product_cat-lazer","8":"first","9":"outofstock","10":"shipping-taxable","11":"product-type-simple"},"_links":{"self":[{"href":"https:\/\/www.multicasa.com.br\/inicio\/wp-json\/wp\/v2\/product\/11489","targetHints":{"allow":["GET"]}}],"collection":[{"href":"https:\/\/www.multicasa.com.br\/inicio\/wp-json\/wp\/v2\/product"}],"about":[{"href":"https:\/\/www.multicasa.com.br\/inicio\/wp-json\/wp\/v2\/types\/product"}],"wp:featuredmedia":[{"embeddable":true,"href":"https:\/\/www.multicasa.com.br\/inicio\/wp-json\/wp\/v2\/media\/11539"}],"wp:attachment":[{"href":"https:\/\/www.multicasa.com.br\/inicio\/wp-json\/wp\/v2\/media?parent=11489"}],"wp:term":[{"taxonomy":"product_brand","embeddable":true,"href":"https:\/\/www.multicasa.com.br\/inicio\/wp-json\/wp\/v2\/product_brand?post=11489"},{"taxonomy":"product_cat","embeddable":true,"href":"https:\/\/www.multicasa.com.br\/inicio\/wp-json\/wp\/v2\/product_cat?post=11489"},{"taxonomy":"product_tag","embeddable":true,"href":"https:\/\/www.multicasa.com.br\/inicio\/wp-json\/wp\/v2\/product_tag?post=11489"}],"curies":[{"name":"wp","href":"https:\/\/api.w.org\/{rel}","templated":true}]}}