{"id":11498,"date":"2025-06-20T18:07:39","date_gmt":"2025-06-20T22:07:39","guid":{"rendered":"https:\/\/www.multicasa.com.br\/inicio\/?post_type=product&#038;p=11498"},"modified":"2025-06-20T18:08:15","modified_gmt":"2025-06-20T22:08:15","slug":"limpa-pedras-duratto-1l","status":"publish","type":"product","link":"https:\/\/www.multicasa.com.br\/inicio\/produto\/limpa-pedras-duratto-1l\/","title":{"rendered":"Limpa Pedras Duratto 1L"},"content":{"rendered":"<p>O Limpa Pedras Duratto \u00e9 um poderoso detergente desincrustante \u00e1cido, limpador e clareador. Ideal para limpar e desencardir pedras r\u00fasticas com sujeiras impregnadas e pesadas. \u00c9 o melhor da categoria, especialmente indicado para pedra carranca, mineira, s\u00e3o tom\u00e9, lumin\u00e1ria, miracema, goi\u00e2nia, portuguesa, entre outras. Possui 1L, \u00e9 superconcentrado e rende at\u00e9 100 metros quadrados ou 10 litros.<br \/>\nPara utilizar, siga seguintes as instru\u00e7\u00f5es:<br \/>\n1 &#8211; diluir o produto na propor\u00e7\u00e3o indicada de acordo com o tipo de limpeza descrita na tabela de dilui\u00e7\u00e3o, no r\u00f3tulo do produto;<br \/>\n2 &#8211; aplicar sobre a superf\u00edcie com aux\u00edlio de um aplicador, escova ou vassoura;<br \/>\n3 &#8211; deixar o produto agir por 10 minutos;<br \/>\n4 &#8211; depois esfregar e enxaguar com \u00e1gua;<br \/>\n5 &#8211; repetir a opera\u00e7\u00e3o caso n\u00e3o remova completamente os res\u00edduos.<br \/>\naten\u00e7\u00e3o: n\u00e3o utilizar em porcelanatos, ard\u00f3sia, granito, m\u00e1rmores, granilite, pisos e pastilhas esmaltadas, cer\u00e2micas e vitrificadas, cotto \/ lajotas, pisos ciment\u00edcios, cimento queimado e pisos ou revestimentos de madeira; tomar cuidado com os vidros, esquadrias e metais em geral.<\/p>\n","protected":false},"excerpt":{"rendered":"<h4 style=\"margin: 0px;padding: 0px 0px 16px;font-family: Lato, sans-serif;font-weight: bold;line-height: 3rem;color: var(--dark-grey3);font-size: 22px;font-style: normal;letter-spacing: normal;text-align: start;text-indent: 0px;text-transform: none\">Informa\u00e7\u00f5es t\u00e9cnicas<\/h4>\n<p><span style=\"margin: 0px;padding: 0px;font-weight: 450;font-size: 14px;line-height: 21px;color: var(--dark-grey2);font-family: Lato, sans-serif;font-style: normal;letter-spacing: normal;text-align: start;text-indent: 0px;text-transform: none\">Produto: Limpador<br \/>\nMarca: Duratto<br \/>\nConte\u00fado: 1L<br \/>\nUso Indicado: Limpeza pesada de sujeira impregnada em pedras r\u00fasticas<br \/>\npedra carranca<br \/>\noedra mineira<br \/>\npedra s\u00e3o tom\u00e9<br \/>\npedra lumin\u00e1ria<br \/>\npedra miracema<br \/>\npedra goi\u00e2nia<br \/>\npedra portuguesa<br \/>\nCaracter\u00edsticas: Rende at\u00e9 100m ou 10L<br \/>\nItens Inclusos: 1 limpador<br \/>\nDimens\u00f5es do produto (A x L): 27,5 x 8cm<br \/>\n<\/span><\/p>\n","protected":false},"featured_media":11549,"template":"","meta":{"_joinchat":[]},"product_brand":[],"product_cat":[151],"product_tag":[],"class_list":{"0":"post-11498","1":"product","2":"type-product","3":"status-publish","4":"has-post-thumbnail","6":"product_cat-pilhas","8":"first","9":"outofstock","10":"shipping-taxable","11":"product-type-simple"},"_links":{"self":[{"href":"https:\/\/www.multicasa.com.br\/inicio\/wp-json\/wp\/v2\/product\/11498","targetHints":{"allow":["GET"]}}],"collection":[{"href":"https:\/\/www.multicasa.com.br\/inicio\/wp-json\/wp\/v2\/product"}],"about":[{"href":"https:\/\/www.multicasa.com.br\/inicio\/wp-json\/wp\/v2\/types\/product"}],"wp:featuredmedia":[{"embeddable":true,"href":"https:\/\/www.multicasa.com.br\/inicio\/wp-json\/wp\/v2\/media\/11549"}],"wp:attachment":[{"href":"https:\/\/www.multicasa.com.br\/inicio\/wp-json\/wp\/v2\/media?parent=11498"}],"wp:term":[{"taxonomy":"product_brand","embeddable":true,"href":"https:\/\/www.multicasa.com.br\/inicio\/wp-json\/wp\/v2\/product_brand?post=11498"},{"taxonomy":"product_cat","embeddable":true,"href":"https:\/\/www.multicasa.com.br\/inicio\/wp-json\/wp\/v2\/product_cat?post=11498"},{"taxonomy":"product_tag","embeddable":true,"href":"https:\/\/www.multicasa.com.br\/inicio\/wp-json\/wp\/v2\/product_tag?post=11498"}],"curies":[{"name":"wp","href":"https:\/\/api.w.org\/{rel}","templated":true}]}}