{"id":11521,"date":"2025-06-20T18:08:00","date_gmt":"2025-06-20T22:08:00","guid":{"rendered":"https:\/\/www.multicasa.com.br\/inicio\/?post_type=product&#038;p=11521"},"modified":"2025-08-17T19:19:12","modified_gmt":"2025-08-17T23:19:12","slug":"cantoneira-dupla-porta-shampoo-metal-branca-arthi","status":"publish","type":"product","link":"https:\/\/www.multicasa.com.br\/inicio\/produto\/cantoneira-dupla-porta-shampoo-metal-branca-arthi\/","title":{"rendered":"Cantoneira Dupla Porta Shampoo Metal Branca Arthi"},"content":{"rendered":"<p>A Cantoneira Dupla Porta Shampoo Arthi \u00e9 ideal para banheiros e lavanderia, proporcionando organiza\u00e7\u00e3o e praticidade. Produzido em metal super resistente com pintura ep\u00f3xi branca, tem design cl\u00e1ssico que combina com qualquer ambiente.<\/p>\n","protected":false},"excerpt":{"rendered":"<h4 style=\"margin: 0px;padding: 0px 0px 16px;font-family: Lato, sans-serif;font-weight: bold;line-height: 3rem;color: var(--dark-grey3);font-size: 22px;font-style: normal;letter-spacing: normal;text-align: start;text-indent: 0px;text-transform: none\">Informa\u00e7\u00f5es t\u00e9cnicas<\/h4>\n<p><span style=\"margin: 0px;padding: 0px;font-weight: 450;font-size: 14px;line-height: 21px;color: var(--dark-grey2);font-family: Lato, sans-serif;font-style: normal;letter-spacing: normal;text-align: start;text-indent: 0px;text-transform: none\">Produto: Porta shampoo<br \/>\nMarca: Arthi<br \/>\nMaterial: Metal<br \/>\nAcabamento: Pintura ep\u00f3xi<br \/>\nCor: Branco<br \/>\nCaracter\u00edsticas: Prateleira dupla<br \/>\nItens inclusos: 1 Porta shampoo<br \/>\nDimens\u00f5es do produto (A X L x P): 32 x 31 x 23cm<\/span><\/p>\n","protected":false},"featured_media":11555,"template":"","meta":{"_joinchat":[]},"product_brand":[],"product_cat":[69],"product_tag":[],"class_list":{"0":"post-11521","1":"product","2":"type-product","3":"status-publish","4":"has-post-thumbnail","6":"product_cat-acessorios-para-banheiro","8":"first","9":"outofstock","10":"shipping-taxable","11":"purchasable","12":"product-type-simple"},"_links":{"self":[{"href":"https:\/\/www.multicasa.com.br\/inicio\/wp-json\/wp\/v2\/product\/11521","targetHints":{"allow":["GET"]}}],"collection":[{"href":"https:\/\/www.multicasa.com.br\/inicio\/wp-json\/wp\/v2\/product"}],"about":[{"href":"https:\/\/www.multicasa.com.br\/inicio\/wp-json\/wp\/v2\/types\/product"}],"wp:featuredmedia":[{"embeddable":true,"href":"https:\/\/www.multicasa.com.br\/inicio\/wp-json\/wp\/v2\/media\/11555"}],"wp:attachment":[{"href":"https:\/\/www.multicasa.com.br\/inicio\/wp-json\/wp\/v2\/media?parent=11521"}],"wp:term":[{"taxonomy":"product_brand","embeddable":true,"href":"https:\/\/www.multicasa.com.br\/inicio\/wp-json\/wp\/v2\/product_brand?post=11521"},{"taxonomy":"product_cat","embeddable":true,"href":"https:\/\/www.multicasa.com.br\/inicio\/wp-json\/wp\/v2\/product_cat?post=11521"},{"taxonomy":"product_tag","embeddable":true,"href":"https:\/\/www.multicasa.com.br\/inicio\/wp-json\/wp\/v2\/product_tag?post=11521"}],"curies":[{"name":"wp","href":"https:\/\/api.w.org\/{rel}","templated":true}]}}