{"id":11528,"date":"2025-06-20T18:08:01","date_gmt":"2025-06-20T22:08:01","guid":{"rendered":"https:\/\/www.multicasa.com.br\/inicio\/?post_type=product&#038;p=11528"},"modified":"2025-06-20T18:08:34","modified_gmt":"2025-06-20T22:08:34","slug":"cesto-organizador-de-metal-branco-arameficioio-15x35cm","status":"publish","type":"product","link":"https:\/\/www.multicasa.com.br\/inicio\/produto\/cesto-organizador-de-metal-branco-arameficioio-15x35cm\/","title":{"rendered":"Cesto Organizador de Metal Branco Arameficioio 15x35cm"},"content":{"rendered":"<p>Organize seus arm\u00e1rios, prateleiras, balc\u00f5es e cozinha com o Cesto Organizador de Metal da Aramefic. Feito de ferro, \u00e9 um cesto multiuso cromado que d\u00e1 um toque de estilo ao seu lar. Suas dimens\u00f5es de 15x35cm s\u00e3o ideais para arrumar de forma discreta suas frutas, acess\u00f3rios, objetos e at\u00e9 roupas. Eleg\u00e2ncia e sofistica\u00e7\u00e3o em um \u00fanico objeto.<\/p>\n","protected":false},"excerpt":{"rendered":"<h4 style=\"margin: 0px;padding: 0px 0px 16px;font-family: Lato, sans-serif;font-weight: bold;line-height: 3rem;color: var(--dark-grey3);font-size: 22px;font-style: normal;letter-spacing: normal;text-align: start;text-indent: 0px;text-transform: none\">Informa\u00e7\u00f5es t\u00e9cnicas<\/h4>\n<p><span style=\"margin: 0px;padding: 0px;font-weight: 450;font-size: 14px;line-height: 21px;color: var(--dark-grey2);font-family: Lato, sans-serif;font-style: normal;letter-spacing: normal;text-align: start;text-indent: 0px;text-transform: none\">Produto: Cesto Organizador<br \/>\nMarca: Aramefic<br \/>\nMaterial: Metal<br \/>\nCor: Branco<br \/>\nItens Inclusos: 1 Cesto organizador<br \/>\nDimens\u00f5es do produto (A X L): 15 x 35cm<br \/>\n<\/span><\/p>\n","protected":false},"featured_media":11579,"template":"","meta":{"_joinchat":[]},"product_brand":[],"product_cat":[146],"product_tag":[],"class_list":{"0":"post-11528","1":"product","2":"type-product","3":"status-publish","4":"has-post-thumbnail","6":"product_cat-prateleiras-e-cia","8":"first","9":"outofstock","10":"shipping-taxable","11":"product-type-simple"},"_links":{"self":[{"href":"https:\/\/www.multicasa.com.br\/inicio\/wp-json\/wp\/v2\/product\/11528","targetHints":{"allow":["GET"]}}],"collection":[{"href":"https:\/\/www.multicasa.com.br\/inicio\/wp-json\/wp\/v2\/product"}],"about":[{"href":"https:\/\/www.multicasa.com.br\/inicio\/wp-json\/wp\/v2\/types\/product"}],"wp:featuredmedia":[{"embeddable":true,"href":"https:\/\/www.multicasa.com.br\/inicio\/wp-json\/wp\/v2\/media\/11579"}],"wp:attachment":[{"href":"https:\/\/www.multicasa.com.br\/inicio\/wp-json\/wp\/v2\/media?parent=11528"}],"wp:term":[{"taxonomy":"product_brand","embeddable":true,"href":"https:\/\/www.multicasa.com.br\/inicio\/wp-json\/wp\/v2\/product_brand?post=11528"},{"taxonomy":"product_cat","embeddable":true,"href":"https:\/\/www.multicasa.com.br\/inicio\/wp-json\/wp\/v2\/product_cat?post=11528"},{"taxonomy":"product_tag","embeddable":true,"href":"https:\/\/www.multicasa.com.br\/inicio\/wp-json\/wp\/v2\/product_tag?post=11528"}],"curies":[{"name":"wp","href":"https:\/\/api.w.org\/{rel}","templated":true}]}}