{"id":11530,"date":"2025-06-20T18:08:01","date_gmt":"2025-06-20T22:08:01","guid":{"rendered":"https:\/\/www.multicasa.com.br\/inicio\/?post_type=product&#038;p=11530"},"modified":"2025-06-20T18:08:37","modified_gmt":"2025-06-20T22:08:37","slug":"broca-helicoidal-de-alta-precisao-irwin-57mm-3-32","status":"publish","type":"product","link":"https:\/\/www.multicasa.com.br\/inicio\/produto\/broca-helicoidal-de-alta-precisao-irwin-57mm-3-32\/","title":{"rendered":"Broca Helicoidal de Alta Precis\u00e3o Irwin 57mm 3\/32&#8243;"},"content":{"rendered":"<p>Broca Helicoidal 3\/32&#8243; fabricado em a\u00e7o r\u00e1pido, garante excelente dureza e estrutura metalogr\u00e1fica superior devido a sua tecnologia exclusiva, proporcionando maior durabilidade da broca em sua totalidade. S\u00e3o indicadas para equipamentos de alta precis\u00e3o, garantindo um processo de concentricidade da broca e a seguran\u00e7a da precis\u00e3o dos furos.<\/p>\n","protected":false},"excerpt":{"rendered":"<h4 style=\"margin: 0px;padding: 0px 0px 16px;font-family: Lato, sans-serif;font-weight: bold;line-height: 3rem;color: var(--dark-grey3);font-size: 22px;font-style: normal;letter-spacing: normal;text-align: start;text-indent: 0px;text-transform: none\">Informa\u00e7\u00f5es t\u00e9cnicas<\/h4>\n<p><span style=\"margin: 0px;padding: 0px;font-weight: 450;font-size: 14px;line-height: 21px;color: var(--dark-grey2);font-family: Lato, sans-serif;font-style: normal;letter-spacing: normal;text-align: start;text-indent: 0px;text-transform: none\">Produto: Broca Helicoidal<br \/>\nMarca: Irwin<br \/>\nMaterial: A\u00e7o R\u00e1pido<br \/>\nCor: Prata<br \/>\nItens Inclusos: 1 Broca<br \/>\nDimens\u00f5es do produto em polegadas: 3\/32&#8243;<br \/>\nDimens\u00f5es do produto (A): 57mm<br \/>\nCanal &#8211; 32mm<br \/>\nPeso do produto: 9g<\/span><\/p>\n","protected":false},"featured_media":11581,"template":"","meta":{"_joinchat":[]},"product_brand":[],"product_cat":[137],"product_tag":[],"class_list":{"0":"post-11530","1":"product","2":"type-product","3":"status-publish","4":"has-post-thumbnail","6":"product_cat-ferramentas-manuais","8":"first","9":"outofstock","10":"shipping-taxable","11":"product-type-simple"},"_links":{"self":[{"href":"https:\/\/www.multicasa.com.br\/inicio\/wp-json\/wp\/v2\/product\/11530","targetHints":{"allow":["GET"]}}],"collection":[{"href":"https:\/\/www.multicasa.com.br\/inicio\/wp-json\/wp\/v2\/product"}],"about":[{"href":"https:\/\/www.multicasa.com.br\/inicio\/wp-json\/wp\/v2\/types\/product"}],"wp:featuredmedia":[{"embeddable":true,"href":"https:\/\/www.multicasa.com.br\/inicio\/wp-json\/wp\/v2\/media\/11581"}],"wp:attachment":[{"href":"https:\/\/www.multicasa.com.br\/inicio\/wp-json\/wp\/v2\/media?parent=11530"}],"wp:term":[{"taxonomy":"product_brand","embeddable":true,"href":"https:\/\/www.multicasa.com.br\/inicio\/wp-json\/wp\/v2\/product_brand?post=11530"},{"taxonomy":"product_cat","embeddable":true,"href":"https:\/\/www.multicasa.com.br\/inicio\/wp-json\/wp\/v2\/product_cat?post=11530"},{"taxonomy":"product_tag","embeddable":true,"href":"https:\/\/www.multicasa.com.br\/inicio\/wp-json\/wp\/v2\/product_tag?post=11530"}],"curies":[{"name":"wp","href":"https:\/\/api.w.org\/{rel}","templated":true}]}}