{"id":11536,"date":"2025-06-20T18:08:02","date_gmt":"2025-06-20T22:08:02","guid":{"rendered":"https:\/\/www.multicasa.com.br\/inicio\/?post_type=product&#038;p=11536"},"modified":"2026-04-21T15:30:49","modified_gmt":"2026-04-21T19:30:49","slug":"joelho-90-em-pvc-soldavel-20mm-x-1-2-tigre","status":"publish","type":"product","link":"https:\/\/www.multicasa.com.br\/inicio\/produto\/joelho-90-em-pvc-soldavel-20mm-x-1-2-tigre\/","title":{"rendered":"Joelho 90\u00b0 em PVC Sold\u00e1vel 20mm x 1\/2 Tigre"},"content":{"rendered":"<p>Ideal para transi\u00e7\u00e3o entre tubula\u00e7\u00f5es de PVC e conex\u00f5es met\u00e1licas onde corre \u00e1gua fria, o joelho 90\u00b0 em PVC sold\u00e1vel da Tigre pode ser instalado em pontos de consumo como acoplamentos com registro, toneiras, v\u00e1lvulas chuveiros e hidr\u00f4metros. Compat\u00edvel com Bitola 20 mm x 1\/2??, suporta press\u00e3o de 75 m.c.a a 20\u00baC.<\/p>\n","protected":false},"excerpt":{"rendered":"<h4 style=\"margin: 0px;padding: 0px 0px 16px;font-family: Lato, sans-serif;font-weight: bold;line-height: 3rem;color: var(--dark-grey3);font-size: 22px;font-style: normal;letter-spacing: normal;text-align: start;text-indent: 0px;text-transform: none\">Informa\u00e7\u00f5es t\u00e9cnicas<\/h4>\n<p><span style=\"margin: 0px;padding: 0px;font-weight: 450;font-size: 14px;line-height: 21px;color: var(--dark-grey2);font-family: Lato, sans-serif;font-style: normal;letter-spacing: normal;text-align: start;text-indent: 0px;text-transform: none\">Produto: Joelho 90\u00ba<br \/>\nMarca: Tigre<br \/>\nMaterial: PVC<br \/>\nCor: Azul<br \/>\nCaracter\u00edsticas: Sold\u00e1vel<br \/>\nItens inclusos: 1 Joelho 90\u00ba<br \/>\nDi\u00e2metro do produto: 1\/2&#8243; (20mm)<br \/>\n<\/span><\/p>\n","protected":false},"featured_media":11590,"template":"","meta":{"_joinchat":[]},"product_brand":[],"product_cat":[73],"product_tag":[],"class_list":{"0":"post-11536","1":"product","2":"type-product","3":"status-publish","4":"has-post-thumbnail","6":"product_cat-tubos-e-conexoes","8":"first","9":"instock","10":"shipping-taxable","11":"purchasable","12":"product-type-simple"},"_links":{"self":[{"href":"https:\/\/www.multicasa.com.br\/inicio\/wp-json\/wp\/v2\/product\/11536","targetHints":{"allow":["GET"]}}],"collection":[{"href":"https:\/\/www.multicasa.com.br\/inicio\/wp-json\/wp\/v2\/product"}],"about":[{"href":"https:\/\/www.multicasa.com.br\/inicio\/wp-json\/wp\/v2\/types\/product"}],"wp:featuredmedia":[{"embeddable":true,"href":"https:\/\/www.multicasa.com.br\/inicio\/wp-json\/wp\/v2\/media\/11590"}],"wp:attachment":[{"href":"https:\/\/www.multicasa.com.br\/inicio\/wp-json\/wp\/v2\/media?parent=11536"}],"wp:term":[{"taxonomy":"product_brand","embeddable":true,"href":"https:\/\/www.multicasa.com.br\/inicio\/wp-json\/wp\/v2\/product_brand?post=11536"},{"taxonomy":"product_cat","embeddable":true,"href":"https:\/\/www.multicasa.com.br\/inicio\/wp-json\/wp\/v2\/product_cat?post=11536"},{"taxonomy":"product_tag","embeddable":true,"href":"https:\/\/www.multicasa.com.br\/inicio\/wp-json\/wp\/v2\/product_tag?post=11536"}],"curies":[{"name":"wp","href":"https:\/\/api.w.org\/{rel}","templated":true}]}}