{"id":11564,"date":"2025-06-20T18:08:26","date_gmt":"2025-06-20T22:08:26","guid":{"rendered":"https:\/\/www.multicasa.com.br\/inicio\/?post_type=product&#038;p=11564"},"modified":"2026-01-16T08:20:08","modified_gmt":"2026-01-16T12:20:08","slug":"folha-de-lixa-dagua-grao-no180-3m","status":"publish","type":"product","link":"https:\/\/www.multicasa.com.br\/inicio\/produto\/folha-de-lixa-dagua-grao-no180-3m\/","title":{"rendered":"Folha de Lixa D\u00c1gua Gr\u00e3o N\u00ba180 3M"},"content":{"rendered":"<p>A 3M desenvolveu a lixa d?\u00e1gua gr\u00e3o 180 para trabalhos manuais a \u00famidos que ajuda na repara\u00e7\u00e3o automotiva, nivelamento, desbastes e acabamentos de massa poliester, pl\u00e1stica e r\u00e1pida, primers, tintas e vernizes, entregando resultado de acabamento fino e liso. Ideal para uniformizar e eliminar defeitos, apresenta costado com maior resist\u00eancia porque \u00e9 \u00e0 prova d?\u00e1gua.<\/p>\n","protected":false},"excerpt":{"rendered":"<h4 style=\"margin: 0px;padding: 0px 0px 16px;font-family: Lato, sans-serif;font-weight: bold;line-height: 3rem;color: var(--dark-grey3);font-size: 22px;font-style: normal;letter-spacing: normal;text-align: start;text-indent: 0px;text-transform: none\">Informa\u00e7\u00f5es t\u00e9cnicas<\/h4>\n<p><span style=\"margin: 0px;padding: 0px;font-weight: 450;font-size: 14px;line-height: 21px;color: var(--dark-grey2);font-family: Lato, sans-serif;font-style: normal;letter-spacing: normal;text-align: start;text-indent: 0px;text-transform: none\">Produto: Lixa D?\u00e1gua<br \/>\nMarca: 3M<br \/>\nMaterial: Minerais<br \/>\nResinas<br \/>\nPap\u00e9is<br \/>\nCor: Preto<br \/>\nGr\u00e3o: 180<br \/>\nCaracter\u00edsticas: Maior durabilidade<br \/>\nAlta flexibilidade<br \/>\nBaixo n\u00edvel de rugosidade<br \/>\nItens Inclusos: 1 Lixa D?\u00e1gua<br \/>\n<\/span><\/p>\n","protected":false},"featured_media":11613,"template":"","meta":{"_joinchat":[]},"product_brand":[],"product_cat":[143],"product_tag":[],"class_list":{"0":"post-11564","1":"product","2":"type-product","3":"status-publish","4":"has-post-thumbnail","6":"product_cat-tintas-e-cia","8":"first","9":"outofstock","10":"shipping-taxable","11":"purchasable","12":"product-type-simple"},"_links":{"self":[{"href":"https:\/\/www.multicasa.com.br\/inicio\/wp-json\/wp\/v2\/product\/11564","targetHints":{"allow":["GET"]}}],"collection":[{"href":"https:\/\/www.multicasa.com.br\/inicio\/wp-json\/wp\/v2\/product"}],"about":[{"href":"https:\/\/www.multicasa.com.br\/inicio\/wp-json\/wp\/v2\/types\/product"}],"wp:featuredmedia":[{"embeddable":true,"href":"https:\/\/www.multicasa.com.br\/inicio\/wp-json\/wp\/v2\/media\/11613"}],"wp:attachment":[{"href":"https:\/\/www.multicasa.com.br\/inicio\/wp-json\/wp\/v2\/media?parent=11564"}],"wp:term":[{"taxonomy":"product_brand","embeddable":true,"href":"https:\/\/www.multicasa.com.br\/inicio\/wp-json\/wp\/v2\/product_brand?post=11564"},{"taxonomy":"product_cat","embeddable":true,"href":"https:\/\/www.multicasa.com.br\/inicio\/wp-json\/wp\/v2\/product_cat?post=11564"},{"taxonomy":"product_tag","embeddable":true,"href":"https:\/\/www.multicasa.com.br\/inicio\/wp-json\/wp\/v2\/product_tag?post=11564"}],"curies":[{"name":"wp","href":"https:\/\/api.w.org\/{rel}","templated":true}]}}