{"id":11572,"date":"2025-06-20T18:08:27","date_gmt":"2025-06-20T22:08:27","guid":{"rendered":"https:\/\/www.multicasa.com.br\/inicio\/?post_type=product&#038;p=11572"},"modified":"2025-06-20T18:09:05","modified_gmt":"2025-06-20T22:09:05","slug":"cera-liquida-para-calcados-marrom-nugget-60ml","status":"publish","type":"product","link":"https:\/\/www.multicasa.com.br\/inicio\/produto\/cera-liquida-para-calcados-marrom-nugget-60ml\/","title":{"rendered":"Cera L\u00edquida para Cal\u00e7ados Marrom Nugget 60ml"},"content":{"rendered":"<p>Que tal ter seus sapatos sempre novos e bem cuidados? A Cera L\u00edquida marrom para Cal\u00e7ados da Nugget proporciona brilho intenso e de longa dura\u00e7\u00e3o sem manchar o seu cal\u00e7ado. Tamb\u00e9m prolonga a durabilidade do couro dos sapatos e protege das manchas de \u00e1gua. Vem com aplicador para deixar tudo mais pr\u00e1tico. Embalagem com 60ml.<\/p>\n","protected":false},"excerpt":{"rendered":"<h4 style=\"margin: 0px;padding: 0px 0px 16px;font-family: Lato, sans-serif;font-weight: bold;line-height: 3rem;color: var(--dark-grey3);font-size: 22px;font-style: normal;letter-spacing: normal;text-align: start;text-indent: 0px;text-transform: none\">Informa\u00e7\u00f5es t\u00e9cnicas<\/h4>\n<p><span style=\"margin: 0px;padding: 0px;font-weight: 450;font-size: 14px;line-height: 21px;color: var(--dark-grey2);font-family: Lato, sans-serif;font-style: normal;letter-spacing: normal;text-align: start;text-indent: 0px;text-transform: none\">Produto: Cera L\u00edquida para Cal\u00e7ados<br \/>\nMarca: Nugget<br \/>\nCor: Marrom<br \/>\nConte\u00fado: 60ml<br \/>\nItens Inclusos: 1 Cera l\u00edquida para cal\u00e7ados<br \/>\nDimens\u00f5es do produto (A x L ): 15,5 x 4cm<br \/>\n<\/span><\/p>\n","protected":false},"featured_media":11624,"template":"","meta":{"_joinchat":[]},"product_brand":[],"product_cat":[101],"product_tag":[],"class_list":{"0":"post-11572","1":"product","2":"type-product","3":"status-publish","4":"has-post-thumbnail","6":"product_cat-cuidados-pessoais","8":"first","9":"outofstock","10":"shipping-taxable","11":"product-type-simple"},"_links":{"self":[{"href":"https:\/\/www.multicasa.com.br\/inicio\/wp-json\/wp\/v2\/product\/11572","targetHints":{"allow":["GET"]}}],"collection":[{"href":"https:\/\/www.multicasa.com.br\/inicio\/wp-json\/wp\/v2\/product"}],"about":[{"href":"https:\/\/www.multicasa.com.br\/inicio\/wp-json\/wp\/v2\/types\/product"}],"wp:featuredmedia":[{"embeddable":true,"href":"https:\/\/www.multicasa.com.br\/inicio\/wp-json\/wp\/v2\/media\/11624"}],"wp:attachment":[{"href":"https:\/\/www.multicasa.com.br\/inicio\/wp-json\/wp\/v2\/media?parent=11572"}],"wp:term":[{"taxonomy":"product_brand","embeddable":true,"href":"https:\/\/www.multicasa.com.br\/inicio\/wp-json\/wp\/v2\/product_brand?post=11572"},{"taxonomy":"product_cat","embeddable":true,"href":"https:\/\/www.multicasa.com.br\/inicio\/wp-json\/wp\/v2\/product_cat?post=11572"},{"taxonomy":"product_tag","embeddable":true,"href":"https:\/\/www.multicasa.com.br\/inicio\/wp-json\/wp\/v2\/product_tag?post=11572"}],"curies":[{"name":"wp","href":"https:\/\/api.w.org\/{rel}","templated":true}]}}