{"id":11606,"date":"2025-06-20T18:08:49","date_gmt":"2025-06-20T22:08:49","guid":{"rendered":"https:\/\/www.multicasa.com.br\/inicio\/?post_type=product&#038;p=11606"},"modified":"2025-12-16T18:14:56","modified_gmt":"2025-12-16T22:14:56","slug":"parafuso-de-aco-para-madeira-3x16-mm-bemfixa-20-unidades","status":"publish","type":"product","link":"https:\/\/www.multicasa.com.br\/inicio\/produto\/parafuso-de-aco-para-madeira-3x16-mm-bemfixa-20-unidades\/","title":{"rendered":"Parafuso de A\u00e7o para Madeira 3&#215;16 mm Bemfixa 20 unidades"},"content":{"rendered":"<p>Resistente \u00e0 oxida\u00e7\u00e3o, o parafuso de a\u00e7o 3 x 16 mm Bemfixa \u00e9 ideal para madeira. Com acabamento galvanizado, \u00e9 indicado para madeira maci\u00e7a de m\u00e9dia densidade. Use o parafuso tipo aglomerado para montar e desmontar pe\u00e7as com facilidade, n\u00e3o enferruja e dura muito mais. Embalagem com 20 unidades.<\/p>\n","protected":false},"excerpt":{"rendered":"<h4 style=\"margin: 0px;padding: 0px 0px 16px;font-family: Lato, sans-serif;font-weight: bold;line-height: 3rem;color: var(--dark-grey3);font-size: 22px;font-style: normal;letter-spacing: normal;text-align: start;text-indent: 0px;text-transform: none\">Informa\u00e7\u00f5es t\u00e9cnicas<\/h4>\n<p><span style=\"margin: 0px;padding: 0px;font-weight: 450;font-size: 14px;line-height: 21px;color: var(--dark-grey2);font-family: Lato, sans-serif;font-style: normal;letter-spacing: normal;text-align: start;text-indent: 0px;text-transform: none\">Produto: Parafuso<br \/>\nMarca: Bemfixa<br \/>\nMaterial: A\u00e7o<br \/>\nAcabamento: Galvanizado<br \/>\nCor: Dourado<br \/>\nCaracter\u00edsticas: Para aglomerado<br \/>\nPara uso em madeira<br \/>\nResistente contra oxida\u00e7\u00e3o<br \/>\nN\u00e3o enferruja<br \/>\nItens inclusos: 20 Parafusos<br \/>\nDimens\u00f5es do produto (A X L) 16 x 3mm<br \/>\n<\/span><\/p>\n","protected":false},"featured_media":11654,"template":"","meta":{"_joinchat":[]},"product_brand":[],"product_cat":[135],"product_tag":[],"class_list":{"0":"post-11606","1":"product","2":"type-product","3":"status-publish","4":"has-post-thumbnail","6":"product_cat-parafusos-e-buchas","8":"first","9":"outofstock","10":"shipping-taxable","11":"product-type-simple"},"_links":{"self":[{"href":"https:\/\/www.multicasa.com.br\/inicio\/wp-json\/wp\/v2\/product\/11606","targetHints":{"allow":["GET"]}}],"collection":[{"href":"https:\/\/www.multicasa.com.br\/inicio\/wp-json\/wp\/v2\/product"}],"about":[{"href":"https:\/\/www.multicasa.com.br\/inicio\/wp-json\/wp\/v2\/types\/product"}],"wp:featuredmedia":[{"embeddable":true,"href":"https:\/\/www.multicasa.com.br\/inicio\/wp-json\/wp\/v2\/media\/11654"}],"wp:attachment":[{"href":"https:\/\/www.multicasa.com.br\/inicio\/wp-json\/wp\/v2\/media?parent=11606"}],"wp:term":[{"taxonomy":"product_brand","embeddable":true,"href":"https:\/\/www.multicasa.com.br\/inicio\/wp-json\/wp\/v2\/product_brand?post=11606"},{"taxonomy":"product_cat","embeddable":true,"href":"https:\/\/www.multicasa.com.br\/inicio\/wp-json\/wp\/v2\/product_cat?post=11606"},{"taxonomy":"product_tag","embeddable":true,"href":"https:\/\/www.multicasa.com.br\/inicio\/wp-json\/wp\/v2\/product_tag?post=11606"}],"curies":[{"name":"wp","href":"https:\/\/api.w.org\/{rel}","templated":true}]}}