{"id":11632,"date":"2025-06-20T18:09:11","date_gmt":"2025-06-20T22:09:11","guid":{"rendered":"https:\/\/www.multicasa.com.br\/inicio\/?post_type=product&#038;p=11632"},"modified":"2026-04-23T08:50:52","modified_gmt":"2026-04-23T12:50:52","slug":"tubo-de-esgoto-branco-tigre-50mmx1m","status":"publish","type":"product","link":"https:\/\/www.multicasa.com.br\/inicio\/produto\/tubo-de-esgoto-branco-tigre-50mmx1m\/","title":{"rendered":"Tubo de Esgoto Branco Tigre 50mmx1m"},"content":{"rendered":"<p>O Tubo de Esgoto Tigre \u00e9 produzido em PVC branco com bitola de 50 mm e tem 1 metro de comprimento que garante durabilidade e resist\u00eancia. Sua fun\u00e7\u00e3o \u00e9 conduzir efluentes de vasos sanit\u00e1rios, mict\u00f3rios, instala\u00e7\u00f5es prediais de esgoto e ventila\u00e7\u00e3o. Com alta durabilidade e precis\u00e3o podem ser inseridos na vertical ou na horizontal de obras residenciais, comerciais ou industriais. Ideal para o seu projeto.<\/p>\n","protected":false},"excerpt":{"rendered":"<h4 style=\"margin: 0px;padding: 0px 0px 16px;font-family: Lato, sans-serif;font-weight: bold;line-height: 3rem;color: var(--dark-grey3);font-size: 22px;font-style: normal;letter-spacing: normal;text-align: start;text-indent: 0px;text-transform: none\">Informa\u00e7\u00f5es t\u00e9cnicas<\/h4>\n<p><span style=\"margin: 0px;padding: 0px;font-weight: 450;font-size: 14px;line-height: 21px;color: var(--dark-grey2);font-family: Lato, sans-serif;font-style: normal;letter-spacing: normal;text-align: start;text-indent: 0px;text-transform: none\">Produto: Tubo de Esgoto<br \/>\nMarca: Tigre<br \/>\nMaterial: PVC<br \/>\nCor: Branco<br \/>\nItens inclusos: 1 Tubo de Esgoto<br \/>\nDi\u00e2metro do produto: 50mm<br \/>\nDimens\u00f5es do produto (C): 1m<br \/>\n<\/span><\/p>\n","protected":false},"featured_media":11660,"template":"","meta":{"_joinchat":[]},"product_brand":[],"product_cat":[73],"product_tag":[],"class_list":{"0":"post-11632","1":"product","2":"type-product","3":"status-publish","4":"has-post-thumbnail","6":"product_cat-tubos-e-conexoes","8":"first","9":"instock","10":"shipping-taxable","11":"purchasable","12":"product-type-simple"},"_links":{"self":[{"href":"https:\/\/www.multicasa.com.br\/inicio\/wp-json\/wp\/v2\/product\/11632","targetHints":{"allow":["GET"]}}],"collection":[{"href":"https:\/\/www.multicasa.com.br\/inicio\/wp-json\/wp\/v2\/product"}],"about":[{"href":"https:\/\/www.multicasa.com.br\/inicio\/wp-json\/wp\/v2\/types\/product"}],"wp:featuredmedia":[{"embeddable":true,"href":"https:\/\/www.multicasa.com.br\/inicio\/wp-json\/wp\/v2\/media\/11660"}],"wp:attachment":[{"href":"https:\/\/www.multicasa.com.br\/inicio\/wp-json\/wp\/v2\/media?parent=11632"}],"wp:term":[{"taxonomy":"product_brand","embeddable":true,"href":"https:\/\/www.multicasa.com.br\/inicio\/wp-json\/wp\/v2\/product_brand?post=11632"},{"taxonomy":"product_cat","embeddable":true,"href":"https:\/\/www.multicasa.com.br\/inicio\/wp-json\/wp\/v2\/product_cat?post=11632"},{"taxonomy":"product_tag","embeddable":true,"href":"https:\/\/www.multicasa.com.br\/inicio\/wp-json\/wp\/v2\/product_tag?post=11632"}],"curies":[{"name":"wp","href":"https:\/\/api.w.org\/{rel}","templated":true}]}}